{"id":18393,"date":"2025-01-24T13:15:19","date_gmt":"2025-01-24T13:15:19","guid":{"rendered":"https:\/\/staging2.stylingagenten.com\/sv\/produkt\/nyx-prof-makeup-fat-oil-lip-drip-4-8-ml-my-main\/"},"modified":"2025-12-18T21:55:03","modified_gmt":"2025-12-18T21:55:03","slug":"nyx-prof-makeup-fat-oil-lip-drip-4-8-ml-my-main","status":"publish","type":"product","link":"https:\/\/stylingagenten.com\/sv\/produkt\/nyx-prof-makeup-fat-oil-lip-drip-4-8-ml-my-main\/","title":{"rendered":"NYX PROF. MAKEUP Fat Oil Lip Drip 4.8 ml My Main"},"content":{"rendered":"<p>NYX PROF. MAKEUP Fat Oil Lip Drip 4,8 ml &#8211; My Main<br \/>Fat Oil Lip Drip fr\u00e5n NYX Professional Makeup \u00e4r en f\u00e4rgad l\u00e4ppolja med massor av f\u00f6rdelar:<\/p>\n<p>&#8211; Skyddar<br \/>&#8211; \u00c5terfuktar hela dagen<br \/>&#8211; K\u00e4nns inte klibbig &#8211; Behaglig och blank<br \/>&#8211; Berikad med hjortronfr\u00f6olja, hallonfr\u00f6olja och squalane<br \/>&#8211; Stor applikator f\u00f6r maximal komfort och god applicering.<br \/>&#8211; Vegansk formula*<\/p>\n","protected":false},"excerpt":{"rendered":"<p>NYX PROF. MAKEUP Fat Oil Lip Drip 4,8 ml &#8211; My MainFat Oil Lip Drip fr\u00e5n NYX Professional Makeup \u00e4r en f\u00e4rgad l\u00e4ppolja med massor av f\u00f6rdelar: &#8211; Skyddar&#8211; \u00c5terfuktar hela dagen&#8211; K\u00e4nns inte klibbig &#8211; Behaglig och blank&#8211; Berikad med hjortronfr\u00f6olja, hallonfr\u00f6olja och squalane&#8211; Stor applikator f\u00f6r maximal komfort och god applicering.&#8211; Vegansk formula*<\/p>\n","protected":false},"featured_media":18378,"comment_status":"open","ping_status":"closed","template":"","meta":{"_trash_the_other_posts":false},"product_brand":[],"product_cat":[599],"product_tag":[3797],"berocket_brand":[1025],"class_list":{"0":"post-18393","1":"product","2":"type-product","3":"status-publish","4":"has-post-thumbnail","6":"product_cat-lappglans","7":"product_tag-nyx-prof-makeup-fat-oil-lip-drip-4-8-ml","8":"pa_brand-nyx","9":"pa_variant-my-main","10":"berocket_brand-nyx","12":"first","13":"instock","14":"sale","15":"taxable","16":"shipping-taxable","17":"purchasable","18":"product-type-simple"},"_links":{"self":[{"href":"https:\/\/stylingagenten.com\/sv\/wp-json\/wp\/v2\/product\/18393","targetHints":{"allow":["GET"]}}],"collection":[{"href":"https:\/\/stylingagenten.com\/sv\/wp-json\/wp\/v2\/product"}],"about":[{"href":"https:\/\/stylingagenten.com\/sv\/wp-json\/wp\/v2\/types\/product"}],"replies":[{"embeddable":true,"href":"https:\/\/stylingagenten.com\/sv\/wp-json\/wp\/v2\/comments?post=18393"}],"version-history":[{"count":0,"href":"https:\/\/stylingagenten.com\/sv\/wp-json\/wp\/v2\/product\/18393\/revisions"}],"wp:featuredmedia":[{"embeddable":true,"href":"https:\/\/stylingagenten.com\/sv\/wp-json\/wp\/v2\/media\/18378"}],"wp:attachment":[{"href":"https:\/\/stylingagenten.com\/sv\/wp-json\/wp\/v2\/media?parent=18393"}],"wp:term":[{"taxonomy":"product_brand","embeddable":true,"href":"https:\/\/stylingagenten.com\/sv\/wp-json\/wp\/v2\/product_brand?post=18393"},{"taxonomy":"product_cat","embeddable":true,"href":"https:\/\/stylingagenten.com\/sv\/wp-json\/wp\/v2\/product_cat?post=18393"},{"taxonomy":"product_tag","embeddable":true,"href":"https:\/\/stylingagenten.com\/sv\/wp-json\/wp\/v2\/product_tag?post=18393"},{"taxonomy":"berocket_brand","embeddable":true,"href":"https:\/\/stylingagenten.com\/sv\/wp-json\/wp\/v2\/berocket_brand?post=18393"}],"curies":[{"name":"wp","href":"https:\/\/api.w.org\/{rel}","templated":true}]}}