{"id":18259,"date":"2025-01-24T13:14:55","date_gmt":"2025-01-24T13:14:55","guid":{"rendered":"https:\/\/staging2.stylingagenten.com\/sv\/produkt\/elizabeth-arden-white-tea-skin-purifying-cleanser-125-ml\/"},"modified":"2025-11-18T15:42:46","modified_gmt":"2025-11-18T15:42:46","slug":"elizabeth-arden-white-tea-skin-purifying-cleanser-125-ml","status":"publish","type":"product","link":"https:\/\/stylingagenten.com\/sv\/produkt\/elizabeth-arden-white-tea-skin-purifying-cleanser-125-ml\/","title":{"rendered":"Elizabeth Arden White Tea Skin Purifying Cleanser 125 ml"},"content":{"rendered":"<p>Elizabeth Arden White Tea Skin Purifying Cleanser 125 ml<br \/>White Tea Skin Solutions \u00e4r en vegansk hudv\u00e5rdsserie fr\u00e5n Elizabeth Arden som skapats med naturens potenta antioxidant EGCG som finns i vitt te, f\u00f6r att ge huden ungdomlig vitalitet och f\u00f6r att st\u00e4rka hudens f\u00f6rsvarskraft. Varje formula \u00e4r noga utformad med EGCG, bioteknik f\u00f6r att st\u00e4rka det naturliga kollagenet i huden p\u00e5 bara 6 timmar. Upplev de sensoriska texturerna och rena formulas med h\u00e5llbart framtagna ingredienser och f\u00f6rpackningar. Skonsam hudv\u00e5rd som passar alla &#8211; \u00e4ven de med k\u00e4nslig hud.<br \/>&#8211;<br \/>White Tea Skin Solutions Gentle Purifying Cleanser \u00e4r berikad med antioxidantrika EGCG* f\u00f6r att effektivt l\u00f6sa upp makeup, orenheter och \u00f6verskott av talg. Denna uppfriskande reng\u00f6ringsgel \u00e4r \u00e4ven berikad med renande Myrten som l\u00e4mnar din hud mjuk och fr\u00e4sch utan att ta bort viktig fukt. Huden k\u00e4nns genast mer lugn och balanserad, och synligt mer str\u00e5lande och frisk** Reng\u00f6ringen passar alla hudtyper, \u00e4ven k\u00e4nslig hud. Vegansk formula.<br \/>&#8211;<br \/>* Epigallocatechin gallat glukosid, en aktiv molekyl i vitt te.<br \/>** Baserat p\u00e5 en instrumentell utv\u00e4rdering av 34 kvinnor i \u00e5ldern 25-60 \u00e5r efter f\u00f6rsta appliceringen, inklusive de med k\u00e4nslig hud.<\/p>\n","protected":false},"excerpt":{"rendered":"<p>Elizabeth Arden White Tea Skin Purifying Cleanser 125 mlWhite Tea Skin Solutions \u00e4r en vegansk hudv\u00e5rdsserie fr\u00e5n Elizabeth Arden som skapats med naturens potenta antioxidant EGCG som finns i vitt te, f\u00f6r att ge huden ungdomlig vitalitet och f\u00f6r att st\u00e4rka hudens f\u00f6rsvarskraft. Varje formula \u00e4r noga utformad med EGCG, bioteknik f\u00f6r att st\u00e4rka det [&hellip;]<\/p>\n","protected":false},"featured_media":18247,"comment_status":"open","ping_status":"closed","template":"","meta":{"_trash_the_other_posts":false},"product_brand":[],"product_cat":[609],"product_tag":[],"berocket_brand":[1303],"class_list":{"0":"post-18259","1":"product","2":"type-product","3":"status-publish","4":"has-post-thumbnail","6":"product_cat-ansiktsrengoring","7":"pa_brand-elizabeth-arden","8":"berocket_brand-elizabeth-arden","10":"first","11":"instock","12":"sale","13":"taxable","14":"shipping-taxable","15":"purchasable","16":"product-type-simple"},"_links":{"self":[{"href":"https:\/\/stylingagenten.com\/sv\/wp-json\/wp\/v2\/product\/18259","targetHints":{"allow":["GET"]}}],"collection":[{"href":"https:\/\/stylingagenten.com\/sv\/wp-json\/wp\/v2\/product"}],"about":[{"href":"https:\/\/stylingagenten.com\/sv\/wp-json\/wp\/v2\/types\/product"}],"replies":[{"embeddable":true,"href":"https:\/\/stylingagenten.com\/sv\/wp-json\/wp\/v2\/comments?post=18259"}],"version-history":[{"count":0,"href":"https:\/\/stylingagenten.com\/sv\/wp-json\/wp\/v2\/product\/18259\/revisions"}],"wp:featuredmedia":[{"embeddable":true,"href":"https:\/\/stylingagenten.com\/sv\/wp-json\/wp\/v2\/media\/18247"}],"wp:attachment":[{"href":"https:\/\/stylingagenten.com\/sv\/wp-json\/wp\/v2\/media?parent=18259"}],"wp:term":[{"taxonomy":"product_brand","embeddable":true,"href":"https:\/\/stylingagenten.com\/sv\/wp-json\/wp\/v2\/product_brand?post=18259"},{"taxonomy":"product_cat","embeddable":true,"href":"https:\/\/stylingagenten.com\/sv\/wp-json\/wp\/v2\/product_cat?post=18259"},{"taxonomy":"product_tag","embeddable":true,"href":"https:\/\/stylingagenten.com\/sv\/wp-json\/wp\/v2\/product_tag?post=18259"},{"taxonomy":"berocket_brand","embeddable":true,"href":"https:\/\/stylingagenten.com\/sv\/wp-json\/wp\/v2\/berocket_brand?post=18259"}],"curies":[{"name":"wp","href":"https:\/\/api.w.org\/{rel}","templated":true}]}}