{"id":18245,"date":"2025-01-24T13:14:53","date_gmt":"2025-01-24T13:14:53","guid":{"rendered":"https:\/\/staging2.stylingagenten.com\/sv\/produkt\/elizabeth-arden-white-tea-skin-solutions-bi-phase-toning-lotion-200-ml\/"},"modified":"2025-11-18T15:42:45","modified_gmt":"2025-11-18T15:42:45","slug":"elizabeth-arden-white-tea-skin-solutions-bi-phase-toning-lotion-200-ml","status":"publish","type":"product","link":"https:\/\/stylingagenten.com\/sv\/produkt\/elizabeth-arden-white-tea-skin-solutions-bi-phase-toning-lotion-200-ml\/","title":{"rendered":"Elizabeth Arden White Tea Skin Solutions Bi-Phase Toning Lotion 200 ml"},"content":{"rendered":"<p>Elizabeth Arden White Tea Skin Solutions Bi-Phase Toning Lotion 200 ml<br \/>White Tea Skin Solutions \u00e4r en vegansk hudv\u00e5rdsserie fr\u00e5n Elizabeth Arden som skapats med naturens potenta antioxidant EGCG som finns i vitt te, f\u00f6r att ge huden ungdomlig vitalitet och f\u00f6r att st\u00e4rka hudens f\u00f6rsvarskraft. Varje formula \u00e4r noga utformad med EGCG, bioteknik f\u00f6r att st\u00e4rka det naturliga kollagenet i huden p\u00e5 bara 6 timmar. Upplev de sensoriska texturerna och rena formulas med h\u00e5llbart framtagna ingredienser och f\u00f6rpackningar. Skonsam hudv\u00e5rd som passar alla &#8211; \u00e4ven de med k\u00e4nslig hud. White Tea Skin Solutions Moisture Infusing Bi-Phase Toning Lotion, som \u00e4r berikad med EGCG*, \u00e4r en lugnande, alkoholfri toning lotion som tillf\u00f6r f\u00f6rlorad fukt i huden f\u00f6r att sl\u00e4ta ut, mjukg\u00f6ra och j\u00e4mna ut huden.<br \/>&#8211;<br \/>Denna toner \u00e4r berikad med en blandning av vattenmelon-, linsfrukt- och \u00e4ppelextrakt som reng\u00f6r och ger skonsamt med n\u00e4ring. Upplev en synligt f\u00f6rb\u00e4ttrad hud med en h\u00e4lsosam, str\u00e5lande lyster p\u00e5 bara 7 dagar. Skonsam nog f\u00f6r alla hudtyper, \u00e4ven k\u00e4nslig hud**. 100% Vegansk.1) Epigallocatechin gallat glukosid, en aktiv molekyl i vitt te. 2) Sj\u00e4lvupplevd.<\/p>\n","protected":false},"excerpt":{"rendered":"<p>Elizabeth Arden White Tea Skin Solutions Bi-Phase Toning Lotion 200 mlWhite Tea Skin Solutions \u00e4r en vegansk hudv\u00e5rdsserie fr\u00e5n Elizabeth Arden som skapats med naturens potenta antioxidant EGCG som finns i vitt te, f\u00f6r att ge huden ungdomlig vitalitet och f\u00f6r att st\u00e4rka hudens f\u00f6rsvarskraft. Varje formula \u00e4r noga utformad med EGCG, bioteknik f\u00f6r att [&hellip;]<\/p>\n","protected":false},"featured_media":18237,"comment_status":"open","ping_status":"closed","template":"","meta":{"_trash_the_other_posts":false},"product_brand":[],"product_cat":[654],"product_tag":[],"berocket_brand":[1303],"class_list":{"0":"post-18245","1":"product","2":"type-product","3":"status-publish","4":"has-post-thumbnail","6":"product_cat-toner","7":"pa_brand-elizabeth-arden","8":"berocket_brand-elizabeth-arden","10":"first","11":"instock","12":"sale","13":"taxable","14":"shipping-taxable","15":"purchasable","16":"product-type-simple"},"_links":{"self":[{"href":"https:\/\/stylingagenten.com\/sv\/wp-json\/wp\/v2\/product\/18245","targetHints":{"allow":["GET"]}}],"collection":[{"href":"https:\/\/stylingagenten.com\/sv\/wp-json\/wp\/v2\/product"}],"about":[{"href":"https:\/\/stylingagenten.com\/sv\/wp-json\/wp\/v2\/types\/product"}],"replies":[{"embeddable":true,"href":"https:\/\/stylingagenten.com\/sv\/wp-json\/wp\/v2\/comments?post=18245"}],"version-history":[{"count":0,"href":"https:\/\/stylingagenten.com\/sv\/wp-json\/wp\/v2\/product\/18245\/revisions"}],"wp:featuredmedia":[{"embeddable":true,"href":"https:\/\/stylingagenten.com\/sv\/wp-json\/wp\/v2\/media\/18237"}],"wp:attachment":[{"href":"https:\/\/stylingagenten.com\/sv\/wp-json\/wp\/v2\/media?parent=18245"}],"wp:term":[{"taxonomy":"product_brand","embeddable":true,"href":"https:\/\/stylingagenten.com\/sv\/wp-json\/wp\/v2\/product_brand?post=18245"},{"taxonomy":"product_cat","embeddable":true,"href":"https:\/\/stylingagenten.com\/sv\/wp-json\/wp\/v2\/product_cat?post=18245"},{"taxonomy":"product_tag","embeddable":true,"href":"https:\/\/stylingagenten.com\/sv\/wp-json\/wp\/v2\/product_tag?post=18245"},{"taxonomy":"berocket_brand","embeddable":true,"href":"https:\/\/stylingagenten.com\/sv\/wp-json\/wp\/v2\/berocket_brand?post=18245"}],"curies":[{"name":"wp","href":"https:\/\/api.w.org\/{rel}","templated":true}]}}