{"id":18056,"date":"2025-01-24T13:14:31","date_gmt":"2025-01-24T13:14:31","guid":{"rendered":"https:\/\/staging2.stylingagenten.com\/sv\/produkt\/artdeco-no-color-setting-powder-1-transparent-12g\/"},"modified":"2025-12-18T21:30:22","modified_gmt":"2025-12-18T21:30:22","slug":"artdeco-no-color-setting-powder-1-transparent-12g","status":"publish","type":"product","link":"https:\/\/stylingagenten.com\/sv\/produkt\/artdeco-no-color-setting-powder-1-transparent-12g\/","title":{"rendered":"Artdeco No Color Setting Powder 1 Transparent 12g"},"content":{"rendered":"<p>Artdeco No Color Setting Powder 1 Transparent 12g<br \/>Transparent och ljusreflekterande puder f\u00f6r alla hudtoner. Fixerar makeupen, ger en matt finish och ett l\u00e5ngvarigt resultat. Tack vare unika ingredienser och teknologi anpassar sig pudret efter alla typer av ljus, f\u00f6r en str\u00e5lade hud i alla l\u00e4gen! Den kr\u00e4miga texturen med mikrofint puder inneh\u00e5ller \u00e4ven hudv\u00e5rdande ingredienser: irl\u00e4ndskt mossa, mineralrikt havsvatten och squalane.<br \/>\u2022 Transparent puder f\u00f6r alla hudtoner<br \/>\u2022 Ljusreflekterande och l\u00e5ngvarigt resultat<br \/>\u2022 Hudv\u00e5rdande ingredienser<br \/>\u2022 Vegansk<\/p>\n","protected":false},"excerpt":{"rendered":"<p>Artdeco No Color Setting Powder 1 Transparent 12gTransparent och ljusreflekterande puder f\u00f6r alla hudtoner. Fixerar makeupen, ger en matt finish och ett l\u00e5ngvarigt resultat. Tack vare unika ingredienser och teknologi anpassar sig pudret efter alla typer av ljus, f\u00f6r en str\u00e5lade hud i alla l\u00e4gen! Den kr\u00e4miga texturen med mikrofint puder inneh\u00e5ller \u00e4ven hudv\u00e5rdande ingredienser: [&hellip;]<\/p>\n","protected":false},"featured_media":18044,"comment_status":"open","ping_status":"closed","template":"","meta":{"_trash_the_other_posts":false},"product_brand":[],"product_cat":[1005,606],"product_tag":[],"berocket_brand":[1385],"class_list":{"0":"post-18056","1":"product","2":"type-product","3":"status-publish","4":"has-post-thumbnail","6":"product_cat-outlet","7":"product_cat-puder","8":"pa_brand-artdeco","9":"berocket_brand-artdeco","11":"first","12":"instock","13":"sale","14":"taxable","15":"shipping-taxable","16":"purchasable","17":"product-type-simple"},"_links":{"self":[{"href":"https:\/\/stylingagenten.com\/sv\/wp-json\/wp\/v2\/product\/18056","targetHints":{"allow":["GET"]}}],"collection":[{"href":"https:\/\/stylingagenten.com\/sv\/wp-json\/wp\/v2\/product"}],"about":[{"href":"https:\/\/stylingagenten.com\/sv\/wp-json\/wp\/v2\/types\/product"}],"replies":[{"embeddable":true,"href":"https:\/\/stylingagenten.com\/sv\/wp-json\/wp\/v2\/comments?post=18056"}],"version-history":[{"count":0,"href":"https:\/\/stylingagenten.com\/sv\/wp-json\/wp\/v2\/product\/18056\/revisions"}],"wp:featuredmedia":[{"embeddable":true,"href":"https:\/\/stylingagenten.com\/sv\/wp-json\/wp\/v2\/media\/18044"}],"wp:attachment":[{"href":"https:\/\/stylingagenten.com\/sv\/wp-json\/wp\/v2\/media?parent=18056"}],"wp:term":[{"taxonomy":"product_brand","embeddable":true,"href":"https:\/\/stylingagenten.com\/sv\/wp-json\/wp\/v2\/product_brand?post=18056"},{"taxonomy":"product_cat","embeddable":true,"href":"https:\/\/stylingagenten.com\/sv\/wp-json\/wp\/v2\/product_cat?post=18056"},{"taxonomy":"product_tag","embeddable":true,"href":"https:\/\/stylingagenten.com\/sv\/wp-json\/wp\/v2\/product_tag?post=18056"},{"taxonomy":"berocket_brand","embeddable":true,"href":"https:\/\/stylingagenten.com\/sv\/wp-json\/wp\/v2\/berocket_brand?post=18056"}],"curies":[{"name":"wp","href":"https:\/\/api.w.org\/{rel}","templated":true}]}}