{"id":18054,"date":"2025-01-24T13:14:31","date_gmt":"2025-01-24T13:14:31","guid":{"rendered":"https:\/\/staging2.stylingagenten.com\/sv\/produkt\/artdeco-3-in-1-make-up-fixing-spray-100ml\/"},"modified":"2025-11-18T15:43:10","modified_gmt":"2025-11-18T15:43:10","slug":"artdeco-3-in-1-make-up-fixing-spray-100ml","status":"publish","type":"product","link":"https:\/\/stylingagenten.com\/sv\/produkt\/artdeco-3-in-1-make-up-fixing-spray-100ml\/","title":{"rendered":"Artdeco 3 In 1 Make-Up Fixing Spray 100ml"},"content":{"rendered":"<p>Artdeco 3 In 1 Make-Up Fixing Spray 100ml<br \/>3 in 1 Make-Up Fixing Spray \u00e4r ett multifunktionellt settingspray som fungerar som en primer, fixerar din makeup och verkar \u00e5terfuktande \u2013 och dessutom f\u00e5r du ett h\u00e4rligt glow! Hamamelisvatten verkar antiinflammatoriskt, allantoin aktiverar och p\u00e5skyndar cellf\u00f6rnyelsen och mikrofina vattenp\u00e4rlor absorberas omedelbart och vitaliserar huden.<br \/>\u2022 Multifunktionellt settingspray<br \/>\u2022 Primer, fixering och \u00e5terfuktning<br \/>\u2022 Inneh\u00e5ller hamamelisvatten, allantoin och mikrofina vattenp\u00e4rlor<br \/>\u2022 Vegansk<\/p>\n","protected":false},"excerpt":{"rendered":"<p>Artdeco 3 In 1 Make-Up Fixing Spray 100ml3 in 1 Make-Up Fixing Spray \u00e4r ett multifunktionellt settingspray som fungerar som en primer, fixerar din makeup och verkar \u00e5terfuktande \u2013 och dessutom f\u00e5r du ett h\u00e4rligt glow! Hamamelisvatten verkar antiinflammatoriskt, allantoin aktiverar och p\u00e5skyndar cellf\u00f6rnyelsen och mikrofina vattenp\u00e4rlor absorberas omedelbart och vitaliserar huden.\u2022 Multifunktionellt settingspray\u2022 Primer, [&hellip;]<\/p>\n","protected":false},"featured_media":18051,"comment_status":"open","ping_status":"closed","template":"","meta":{"_trash_the_other_posts":false},"product_brand":[],"product_cat":[617],"product_tag":[],"berocket_brand":[1385],"class_list":{"0":"post-18054","1":"product","2":"type-product","3":"status-publish","4":"has-post-thumbnail","6":"product_cat-setting-spray","7":"pa_brand-artdeco","8":"berocket_brand-artdeco","10":"first","11":"outofstock","12":"sale","13":"taxable","14":"shipping-taxable","15":"purchasable","16":"product-type-simple"},"_links":{"self":[{"href":"https:\/\/stylingagenten.com\/sv\/wp-json\/wp\/v2\/product\/18054","targetHints":{"allow":["GET"]}}],"collection":[{"href":"https:\/\/stylingagenten.com\/sv\/wp-json\/wp\/v2\/product"}],"about":[{"href":"https:\/\/stylingagenten.com\/sv\/wp-json\/wp\/v2\/types\/product"}],"replies":[{"embeddable":true,"href":"https:\/\/stylingagenten.com\/sv\/wp-json\/wp\/v2\/comments?post=18054"}],"version-history":[{"count":0,"href":"https:\/\/stylingagenten.com\/sv\/wp-json\/wp\/v2\/product\/18054\/revisions"}],"wp:featuredmedia":[{"embeddable":true,"href":"https:\/\/stylingagenten.com\/sv\/wp-json\/wp\/v2\/media\/18051"}],"wp:attachment":[{"href":"https:\/\/stylingagenten.com\/sv\/wp-json\/wp\/v2\/media?parent=18054"}],"wp:term":[{"taxonomy":"product_brand","embeddable":true,"href":"https:\/\/stylingagenten.com\/sv\/wp-json\/wp\/v2\/product_brand?post=18054"},{"taxonomy":"product_cat","embeddable":true,"href":"https:\/\/stylingagenten.com\/sv\/wp-json\/wp\/v2\/product_cat?post=18054"},{"taxonomy":"product_tag","embeddable":true,"href":"https:\/\/stylingagenten.com\/sv\/wp-json\/wp\/v2\/product_tag?post=18054"},{"taxonomy":"berocket_brand","embeddable":true,"href":"https:\/\/stylingagenten.com\/sv\/wp-json\/wp\/v2\/berocket_brand?post=18054"}],"curies":[{"name":"wp","href":"https:\/\/api.w.org\/{rel}","templated":true}]}}