{"id":18050,"date":"2025-01-24T13:14:31","date_gmt":"2025-01-24T13:14:31","guid":{"rendered":"https:\/\/staging2.stylingagenten.com\/sv\/produkt\/artdeco-bronzing-powder-compact-50-almond-10g\/"},"modified":"2026-04-09T18:27:27","modified_gmt":"2026-04-09T18:27:27","slug":"artdeco-bronzing-powder-compact-50-almond-10g","status":"publish","type":"product","link":"https:\/\/stylingagenten.com\/sv\/produkt\/artdeco-bronzing-powder-compact-50-almond-10g\/","title":{"rendered":"Artdeco Bronzing Powder Compact 50 Almond 10g"},"content":{"rendered":"<p>Artdeco Bronzing Powder Compact 50 Almond 10g<br \/>Bli selfie-klar p\u00e5 ett \u00f6gonblick! Bronzing Powder Compact Long-Lasting \u00e4r en duobronzer som skapar en extremt naturlig och fr\u00e4sch semesterlook p\u00e5 nolltid. Den h\u00e4rliga soldesignen och lyxiga bronsf\u00f6rpackningen f\u00e5r en att l\u00e4ngta efter sommaren.<\/p>\n<p>&#8211; Duobronzer<br \/>&#8211; Fr\u00e4sch solkysst look<br \/>&#8211; H\u00e4rlig soldesign och lyxig bronsf\u00f6rpackning<\/p>\n","protected":false},"excerpt":{"rendered":"<p>Artdeco Bronzing Powder Compact 50 Almond 10gBli selfie-klar p\u00e5 ett \u00f6gonblick! Bronzing Powder Compact Long-Lasting \u00e4r en duobronzer som skapar en extremt naturlig och fr\u00e4sch semesterlook p\u00e5 nolltid. Den h\u00e4rliga soldesignen och lyxiga bronsf\u00f6rpackningen f\u00e5r en att l\u00e4ngta efter sommaren. &#8211; Duobronzer&#8211; Fr\u00e4sch solkysst look&#8211; H\u00e4rlig soldesign och lyxig bronsf\u00f6rpackning<\/p>\n","protected":false},"featured_media":18048,"comment_status":"open","ping_status":"closed","template":"","meta":{"_trash_the_other_posts":false},"product_brand":[],"product_cat":[659],"product_tag":[],"berocket_brand":[1385],"class_list":{"0":"post-18050","1":"product","2":"type-product","3":"status-publish","4":"has-post-thumbnail","6":"product_cat-bronzer","7":"pa_brand-artdeco","8":"berocket_brand-artdeco","10":"first","11":"instock","12":"sale","13":"taxable","14":"shipping-taxable","15":"purchasable","16":"product-type-simple"},"_links":{"self":[{"href":"https:\/\/stylingagenten.com\/sv\/wp-json\/wp\/v2\/product\/18050","targetHints":{"allow":["GET"]}}],"collection":[{"href":"https:\/\/stylingagenten.com\/sv\/wp-json\/wp\/v2\/product"}],"about":[{"href":"https:\/\/stylingagenten.com\/sv\/wp-json\/wp\/v2\/types\/product"}],"replies":[{"embeddable":true,"href":"https:\/\/stylingagenten.com\/sv\/wp-json\/wp\/v2\/comments?post=18050"}],"version-history":[{"count":0,"href":"https:\/\/stylingagenten.com\/sv\/wp-json\/wp\/v2\/product\/18050\/revisions"}],"wp:featuredmedia":[{"embeddable":true,"href":"https:\/\/stylingagenten.com\/sv\/wp-json\/wp\/v2\/media\/18048"}],"wp:attachment":[{"href":"https:\/\/stylingagenten.com\/sv\/wp-json\/wp\/v2\/media?parent=18050"}],"wp:term":[{"taxonomy":"product_brand","embeddable":true,"href":"https:\/\/stylingagenten.com\/sv\/wp-json\/wp\/v2\/product_brand?post=18050"},{"taxonomy":"product_cat","embeddable":true,"href":"https:\/\/stylingagenten.com\/sv\/wp-json\/wp\/v2\/product_cat?post=18050"},{"taxonomy":"product_tag","embeddable":true,"href":"https:\/\/stylingagenten.com\/sv\/wp-json\/wp\/v2\/product_tag?post=18050"},{"taxonomy":"berocket_brand","embeddable":true,"href":"https:\/\/stylingagenten.com\/sv\/wp-json\/wp\/v2\/berocket_brand?post=18050"}],"curies":[{"name":"wp","href":"https:\/\/api.w.org\/{rel}","templated":true}]}}