{"id":18041,"date":"2025-01-24T13:14:29","date_gmt":"2025-01-24T13:14:29","guid":{"rendered":"https:\/\/staging2.stylingagenten.com\/sv\/produkt\/artdeco-perfect-teint-concealer-19-light-beige-2ml\/"},"modified":"2026-04-07T13:25:24","modified_gmt":"2026-04-07T13:25:24","slug":"artdeco-perfect-teint-concealer-19-light-beige-2ml","status":"publish","type":"product","link":"https:\/\/stylingagenten.com\/sv\/produkt\/artdeco-perfect-teint-concealer-19-light-beige-2ml\/","title":{"rendered":"Artdeco Perfect Teint Concealer 19 Light Beige 2ml"},"content":{"rendered":"<p>Artdeco Perfect Teint Concealer 19 Light Beige 2ml<br \/>Perfect Teint Concealer har ljusreflekterande pigment som d\u00f6ljer m\u00f6rka ringar, fina linjer och rynkor. Huden ser j\u00e4mnare ut och f\u00e5r ett h\u00e4lsosamt glow. Den l\u00e4tta och lena formulan \u00e4r vattenresistent och h\u00e5llbar, och applikatorn har en praktisk twist-mekanism f\u00f6r enkel och exakt applicering.<br \/>\u2022 Concealer med ljusreflekterande pigment<br \/>\u2022 D\u00f6ljer m\u00f6rka ringar, fina linjer och rynkor<br \/>\u2022 H\u00e5llbar och vattenresistent formula<br \/>\u2022 Praktiskt applikator<\/p>\n","protected":false},"excerpt":{"rendered":"<p>Artdeco Perfect Teint Concealer 19 Light Beige 2mlPerfect Teint Concealer har ljusreflekterande pigment som d\u00f6ljer m\u00f6rka ringar, fina linjer och rynkor. Huden ser j\u00e4mnare ut och f\u00e5r ett h\u00e4lsosamt glow. Den l\u00e4tta och lena formulan \u00e4r vattenresistent och h\u00e5llbar, och applikatorn har en praktisk twist-mekanism f\u00f6r enkel och exakt applicering.\u2022 Concealer med ljusreflekterande pigment\u2022 D\u00f6ljer [&hellip;]<\/p>\n","protected":false},"featured_media":18024,"comment_status":"open","ping_status":"closed","template":"","meta":{"_trash_the_other_posts":false},"product_brand":[],"product_cat":[567],"product_tag":[2439],"berocket_brand":[1385],"class_list":{"0":"post-18041","1":"product","2":"type-product","3":"status-publish","4":"has-post-thumbnail","6":"product_cat-concealer","7":"product_tag-artdeco-perfect-teint-concealer-2ml","8":"pa_brand-artdeco","9":"pa_variant-19-light-beige","10":"berocket_brand-artdeco","12":"first","13":"instock","14":"sale","15":"taxable","16":"shipping-taxable","17":"purchasable","18":"product-type-simple"},"_links":{"self":[{"href":"https:\/\/stylingagenten.com\/sv\/wp-json\/wp\/v2\/product\/18041","targetHints":{"allow":["GET"]}}],"collection":[{"href":"https:\/\/stylingagenten.com\/sv\/wp-json\/wp\/v2\/product"}],"about":[{"href":"https:\/\/stylingagenten.com\/sv\/wp-json\/wp\/v2\/types\/product"}],"replies":[{"embeddable":true,"href":"https:\/\/stylingagenten.com\/sv\/wp-json\/wp\/v2\/comments?post=18041"}],"version-history":[{"count":0,"href":"https:\/\/stylingagenten.com\/sv\/wp-json\/wp\/v2\/product\/18041\/revisions"}],"wp:featuredmedia":[{"embeddable":true,"href":"https:\/\/stylingagenten.com\/sv\/wp-json\/wp\/v2\/media\/18024"}],"wp:attachment":[{"href":"https:\/\/stylingagenten.com\/sv\/wp-json\/wp\/v2\/media?parent=18041"}],"wp:term":[{"taxonomy":"product_brand","embeddable":true,"href":"https:\/\/stylingagenten.com\/sv\/wp-json\/wp\/v2\/product_brand?post=18041"},{"taxonomy":"product_cat","embeddable":true,"href":"https:\/\/stylingagenten.com\/sv\/wp-json\/wp\/v2\/product_cat?post=18041"},{"taxonomy":"product_tag","embeddable":true,"href":"https:\/\/stylingagenten.com\/sv\/wp-json\/wp\/v2\/product_tag?post=18041"},{"taxonomy":"berocket_brand","embeddable":true,"href":"https:\/\/stylingagenten.com\/sv\/wp-json\/wp\/v2\/berocket_brand?post=18041"}],"curies":[{"name":"wp","href":"https:\/\/api.w.org\/{rel}","templated":true}]}}