{"id":18033,"date":"2025-01-24T13:14:28","date_gmt":"2025-01-24T13:14:28","guid":{"rendered":"https:\/\/staging2.stylingagenten.com\/sv\/produkt\/max-factor-creme-puff-40-creamy-ivory\/"},"modified":"2026-02-19T08:47:10","modified_gmt":"2026-02-19T08:47:10","slug":"max-factor-creme-puff-40-creamy-ivory","status":"publish","type":"product","link":"https:\/\/stylingagenten.com\/sv\/produkt\/max-factor-creme-puff-40-creamy-ivory\/","title":{"rendered":"Max Factor Creme Puff 40 Creamy Ivory"},"content":{"rendered":"<p>Max Factor Creme Puff 40 Creamy Ivory<br \/>Glamor\u00f6s hud \u00e4r enkelt att uppn\u00e5 med den lyxiga finishen av detta kompakta puder med medelh\u00f6g t\u00e4ckning. Max Factor Creme Puff Pressed Compact Powder \u00e4r ett klassiskt pressat puder som \u00e4ven kan anv\u00e4ndas som en foundation.Max Factor Creme Puff Pressed Compact Powder ger dig b\u00e5de bra t\u00e4ckning och vacker matt finish, eftersom formulan absorberar \u00f6verfl\u00f6diga oljor. Passar alla hudtyper och ger en flawless look med en mjuk, subtil lyster tack vare miljontals mirakelljusreflekterande partiklar i produkten. Ett m\u00e5ngsidigt allti-i-ett-puder som passar f\u00f6r alla tillf\u00e4llen.<\/p>\n","protected":false},"excerpt":{"rendered":"<p>Max Factor Creme Puff 40 Creamy IvoryGlamor\u00f6s hud \u00e4r enkelt att uppn\u00e5 med den lyxiga finishen av detta kompakta puder med medelh\u00f6g t\u00e4ckning. Max Factor Creme Puff Pressed Compact Powder \u00e4r ett klassiskt pressat puder som \u00e4ven kan anv\u00e4ndas som en foundation.Max Factor Creme Puff Pressed Compact Powder ger dig b\u00e5de bra t\u00e4ckning och vacker [&hellip;]<\/p>\n","protected":false},"featured_media":18032,"comment_status":"open","ping_status":"closed","template":"","meta":{"_trash_the_other_posts":false},"product_brand":[],"product_cat":[606],"product_tag":[3582],"berocket_brand":[1013],"class_list":{"0":"post-18033","1":"product","2":"type-product","3":"status-publish","4":"has-post-thumbnail","6":"product_cat-puder","7":"product_tag-max-factor-creme-puff","8":"pa_brand-max-factor","9":"pa_variant-40-creamy-ivory","10":"berocket_brand-max-factor","12":"first","13":"instock","14":"sale","15":"taxable","16":"shipping-taxable","17":"purchasable","18":"product-type-simple"},"_links":{"self":[{"href":"https:\/\/stylingagenten.com\/sv\/wp-json\/wp\/v2\/product\/18033","targetHints":{"allow":["GET"]}}],"collection":[{"href":"https:\/\/stylingagenten.com\/sv\/wp-json\/wp\/v2\/product"}],"about":[{"href":"https:\/\/stylingagenten.com\/sv\/wp-json\/wp\/v2\/types\/product"}],"replies":[{"embeddable":true,"href":"https:\/\/stylingagenten.com\/sv\/wp-json\/wp\/v2\/comments?post=18033"}],"version-history":[{"count":0,"href":"https:\/\/stylingagenten.com\/sv\/wp-json\/wp\/v2\/product\/18033\/revisions"}],"wp:featuredmedia":[{"embeddable":true,"href":"https:\/\/stylingagenten.com\/sv\/wp-json\/wp\/v2\/media\/18032"}],"wp:attachment":[{"href":"https:\/\/stylingagenten.com\/sv\/wp-json\/wp\/v2\/media?parent=18033"}],"wp:term":[{"taxonomy":"product_brand","embeddable":true,"href":"https:\/\/stylingagenten.com\/sv\/wp-json\/wp\/v2\/product_brand?post=18033"},{"taxonomy":"product_cat","embeddable":true,"href":"https:\/\/stylingagenten.com\/sv\/wp-json\/wp\/v2\/product_cat?post=18033"},{"taxonomy":"product_tag","embeddable":true,"href":"https:\/\/stylingagenten.com\/sv\/wp-json\/wp\/v2\/product_tag?post=18033"},{"taxonomy":"berocket_brand","embeddable":true,"href":"https:\/\/stylingagenten.com\/sv\/wp-json\/wp\/v2\/berocket_brand?post=18033"}],"curies":[{"name":"wp","href":"https:\/\/api.w.org\/{rel}","templated":true}]}}