{"id":18008,"date":"2025-01-24T13:14:25","date_gmt":"2025-01-24T13:14:25","guid":{"rendered":"https:\/\/staging2.stylingagenten.com\/sv\/produkt\/artdeco-soft-eyeliner-waterproof-10-black-1-2g\/"},"modified":"2026-04-07T19:38:32","modified_gmt":"2026-04-07T19:38:32","slug":"artdeco-soft-eyeliner-waterproof-10-black-1-2g","status":"publish","type":"product","link":"https:\/\/stylingagenten.com\/sv\/produkt\/artdeco-soft-eyeliner-waterproof-10-black-1-2g\/","title":{"rendered":"Artdeco Soft Eyeliner Waterproof 10 Black 1.2g"},"content":{"rendered":"<p>Artdeco Soft Eyeliner Waterproof 10 Black 1,2g<br \/>Soft Eye Liner \u00e4r en exceptionellt h\u00e5llbar eyeliner som \u00e4r enkel att applicera tack vare sin kr\u00e4miga och lena textur. S\u00e5 fort den torkat \u00e4r den dessutom vattenfast och kladdfri. G\u00e5r \u00e4ven att sudda f\u00f6r mjukare linjer. Inneh\u00e5ller naturliga antioxidanter och E-vitamin. Parfymfri.<br \/>\u2022 L\u00e4ttapplicerad och h\u00e5llbart resultat<br \/>\u2022 Vattenfast och kladdfri<br \/>\u2022 Kan suddas f\u00f6r mjukare linjer<br \/>\u2022 Inneh\u00e5ller naturliga antioxidanter och E-vitamin<br \/>\u2022 Parfymfri<\/p>\n","protected":false},"excerpt":{"rendered":"<p>Artdeco Soft Eyeliner Waterproof 10 Black 1,2gSoft Eye Liner \u00e4r en exceptionellt h\u00e5llbar eyeliner som \u00e4r enkel att applicera tack vare sin kr\u00e4miga och lena textur. S\u00e5 fort den torkat \u00e4r den dessutom vattenfast och kladdfri. G\u00e5r \u00e4ven att sudda f\u00f6r mjukare linjer. Inneh\u00e5ller naturliga antioxidanter och E-vitamin. Parfymfri.\u2022 L\u00e4ttapplicerad och h\u00e5llbart resultat\u2022 Vattenfast och [&hellip;]<\/p>\n","protected":false},"featured_media":17991,"comment_status":"open","ping_status":"closed","template":"","meta":{"_trash_the_other_posts":false},"product_brand":[],"product_cat":[568],"product_tag":[2443],"berocket_brand":[1385],"class_list":{"0":"post-18008","1":"product","2":"type-product","3":"status-publish","4":"has-post-thumbnail","6":"product_cat-eyeliner-kajal","7":"product_tag-artdeco-soft-eyeliner-waterproof-1-2g","8":"pa_brand-artdeco","9":"pa_variant-10-black","10":"berocket_brand-artdeco","12":"first","13":"outofstock","14":"sale","15":"taxable","16":"shipping-taxable","17":"purchasable","18":"product-type-simple"},"_links":{"self":[{"href":"https:\/\/stylingagenten.com\/sv\/wp-json\/wp\/v2\/product\/18008","targetHints":{"allow":["GET"]}}],"collection":[{"href":"https:\/\/stylingagenten.com\/sv\/wp-json\/wp\/v2\/product"}],"about":[{"href":"https:\/\/stylingagenten.com\/sv\/wp-json\/wp\/v2\/types\/product"}],"replies":[{"embeddable":true,"href":"https:\/\/stylingagenten.com\/sv\/wp-json\/wp\/v2\/comments?post=18008"}],"version-history":[{"count":0,"href":"https:\/\/stylingagenten.com\/sv\/wp-json\/wp\/v2\/product\/18008\/revisions"}],"wp:featuredmedia":[{"embeddable":true,"href":"https:\/\/stylingagenten.com\/sv\/wp-json\/wp\/v2\/media\/17991"}],"wp:attachment":[{"href":"https:\/\/stylingagenten.com\/sv\/wp-json\/wp\/v2\/media?parent=18008"}],"wp:term":[{"taxonomy":"product_brand","embeddable":true,"href":"https:\/\/stylingagenten.com\/sv\/wp-json\/wp\/v2\/product_brand?post=18008"},{"taxonomy":"product_cat","embeddable":true,"href":"https:\/\/stylingagenten.com\/sv\/wp-json\/wp\/v2\/product_cat?post=18008"},{"taxonomy":"product_tag","embeddable":true,"href":"https:\/\/stylingagenten.com\/sv\/wp-json\/wp\/v2\/product_tag?post=18008"},{"taxonomy":"berocket_brand","embeddable":true,"href":"https:\/\/stylingagenten.com\/sv\/wp-json\/wp\/v2\/berocket_brand?post=18008"}],"curies":[{"name":"wp","href":"https:\/\/api.w.org\/{rel}","templated":true}]}}