{"id":18006,"date":"2025-01-24T13:14:25","date_gmt":"2025-01-24T13:14:25","guid":{"rendered":"https:\/\/staging2.stylingagenten.com\/sv\/produkt\/max-factor-lasting-performance-95-ivory\/"},"modified":"2025-12-28T09:48:11","modified_gmt":"2025-12-28T09:48:11","slug":"max-factor-lasting-performance-95-ivory","status":"publish","type":"product","link":"https:\/\/stylingagenten.com\/sv\/produkt\/max-factor-lasting-performance-95-ivory\/","title":{"rendered":"Max Factor Lasting Performance 95 Ivory"},"content":{"rendered":"<p>Max Factor Lasting Performance 95<br \/>En fantastisk t\u00e4ckkr\u00e4m fr\u00e5n Max Factor som t\u00e5l ber\u00f6ring och som garanterat t\u00e4cker i 8 timmar. Den inneh\u00e5ller en smudgeproof-formula som g\u00f6r att den t\u00e5l h\u00e5rda tag och inte smetar av sig p\u00e5 kl\u00e4der.<br \/>T\u00e4ckkr\u00e4men \u00e4r luktfri, \u00e4r l\u00e4mplig f\u00f6r k\u00e4nslig hud och t\u00e4pper inte till porerna eller orsakar oren hud.<\/p>\n","protected":false},"excerpt":{"rendered":"<p>Max Factor Lasting Performance 95En fantastisk t\u00e4ckkr\u00e4m fr\u00e5n Max Factor som t\u00e5l ber\u00f6ring och som garanterat t\u00e4cker i 8 timmar. Den inneh\u00e5ller en smudgeproof-formula som g\u00f6r att den t\u00e5l h\u00e5rda tag och inte smetar av sig p\u00e5 kl\u00e4der.T\u00e4ckkr\u00e4men \u00e4r luktfri, \u00e4r l\u00e4mplig f\u00f6r k\u00e4nslig hud och t\u00e4pper inte till porerna eller orsakar oren hud.<\/p>\n","protected":false},"featured_media":18004,"comment_status":"open","ping_status":"closed","template":"","meta":{"_trash_the_other_posts":false},"product_brand":[],"product_cat":[579],"product_tag":[3592],"berocket_brand":[1013],"class_list":{"0":"post-18006","1":"product","2":"type-product","3":"status-publish","4":"has-post-thumbnail","6":"product_cat-foundation","7":"product_tag-max-factor-lasting-performance","8":"pa_brand-max-factor","9":"pa_variant-95-ivory","10":"berocket_brand-max-factor","12":"first","13":"instock","14":"sale","15":"taxable","16":"shipping-taxable","17":"purchasable","18":"product-type-simple"},"_links":{"self":[{"href":"https:\/\/stylingagenten.com\/sv\/wp-json\/wp\/v2\/product\/18006","targetHints":{"allow":["GET"]}}],"collection":[{"href":"https:\/\/stylingagenten.com\/sv\/wp-json\/wp\/v2\/product"}],"about":[{"href":"https:\/\/stylingagenten.com\/sv\/wp-json\/wp\/v2\/types\/product"}],"replies":[{"embeddable":true,"href":"https:\/\/stylingagenten.com\/sv\/wp-json\/wp\/v2\/comments?post=18006"}],"version-history":[{"count":0,"href":"https:\/\/stylingagenten.com\/sv\/wp-json\/wp\/v2\/product\/18006\/revisions"}],"wp:featuredmedia":[{"embeddable":true,"href":"https:\/\/stylingagenten.com\/sv\/wp-json\/wp\/v2\/media\/18004"}],"wp:attachment":[{"href":"https:\/\/stylingagenten.com\/sv\/wp-json\/wp\/v2\/media?parent=18006"}],"wp:term":[{"taxonomy":"product_brand","embeddable":true,"href":"https:\/\/stylingagenten.com\/sv\/wp-json\/wp\/v2\/product_brand?post=18006"},{"taxonomy":"product_cat","embeddable":true,"href":"https:\/\/stylingagenten.com\/sv\/wp-json\/wp\/v2\/product_cat?post=18006"},{"taxonomy":"product_tag","embeddable":true,"href":"https:\/\/stylingagenten.com\/sv\/wp-json\/wp\/v2\/product_tag?post=18006"},{"taxonomy":"berocket_brand","embeddable":true,"href":"https:\/\/stylingagenten.com\/sv\/wp-json\/wp\/v2\/berocket_brand?post=18006"}],"curies":[{"name":"wp","href":"https:\/\/api.w.org\/{rel}","templated":true}]}}