{"id":17994,"date":"2025-01-24T13:14:24","date_gmt":"2025-01-24T13:14:24","guid":{"rendered":"https:\/\/staging2.stylingagenten.com\/sv\/produkt\/loreal-paris-infaillible-more-than-concealer-328-linen-11ml\/"},"modified":"2025-11-18T15:43:17","modified_gmt":"2025-11-18T15:43:17","slug":"loreal-paris-infaillible-more-than-concealer-328-linen-11ml","status":"publish","type":"product","link":"https:\/\/stylingagenten.com\/sv\/produkt\/loreal-paris-infaillible-more-than-concealer-328-linen-11ml\/","title":{"rendered":"L&#8217;or\u00e9al Paris Infaillible More Than Concealer 328 Linen 11ml"},"content":{"rendered":"<p>L&#8217;or\u00e9al Paris Infaillible More Than Concealer 328 Linen 11ml<br \/>Infaillible More Than a Concealer \u00e4r en helt\u00e4ckande concealer som k\u00e4nns l\u00e4tt mot huden och h\u00e5ller i 24 timmar. Sammans\u00e4ttningen har ett h\u00f6gt pigmentinneh\u00e5ll f\u00f6r maximal t\u00e4ckning och inneh\u00e5ller en blandning av oljor som g\u00f6r appliceringen enkel och behaglig. \u00c5terfuktar huden och sitter p\u00e5 plats hela dagen, utan att kaka sig eller l\u00e4gga sig i fina linjer. Supersize-applikatorn g\u00f6r det enkelt att applicera concealern p\u00e5 b\u00e5de sm\u00e5 och stora omr\u00e5den.<\/p>\n","protected":false},"excerpt":{"rendered":"<p>L&#8217;or\u00e9al Paris Infaillible More Than Concealer 328 Linen 11mlInfaillible More Than a Concealer \u00e4r en helt\u00e4ckande concealer som k\u00e4nns l\u00e4tt mot huden och h\u00e5ller i 24 timmar. Sammans\u00e4ttningen har ett h\u00f6gt pigmentinneh\u00e5ll f\u00f6r maximal t\u00e4ckning och inneh\u00e5ller en blandning av oljor som g\u00f6r appliceringen enkel och behaglig. \u00c5terfuktar huden och sitter p\u00e5 plats hela dagen, [&hellip;]<\/p>\n","protected":false},"featured_media":17993,"comment_status":"open","ping_status":"closed","template":"","meta":{"_trash_the_other_posts":false},"product_brand":[],"product_cat":[567],"product_tag":[],"berocket_brand":[1019],"class_list":{"0":"post-17994","1":"product","2":"type-product","3":"status-publish","4":"has-post-thumbnail","6":"product_cat-concealer","7":"pa_brand-loreal-paris","8":"berocket_brand-loreal","10":"first","11":"outofstock","12":"taxable","13":"shipping-taxable","14":"purchasable","15":"product-type-simple"},"_links":{"self":[{"href":"https:\/\/stylingagenten.com\/sv\/wp-json\/wp\/v2\/product\/17994","targetHints":{"allow":["GET"]}}],"collection":[{"href":"https:\/\/stylingagenten.com\/sv\/wp-json\/wp\/v2\/product"}],"about":[{"href":"https:\/\/stylingagenten.com\/sv\/wp-json\/wp\/v2\/types\/product"}],"replies":[{"embeddable":true,"href":"https:\/\/stylingagenten.com\/sv\/wp-json\/wp\/v2\/comments?post=17994"}],"version-history":[{"count":0,"href":"https:\/\/stylingagenten.com\/sv\/wp-json\/wp\/v2\/product\/17994\/revisions"}],"wp:featuredmedia":[{"embeddable":true,"href":"https:\/\/stylingagenten.com\/sv\/wp-json\/wp\/v2\/media\/17993"}],"wp:attachment":[{"href":"https:\/\/stylingagenten.com\/sv\/wp-json\/wp\/v2\/media?parent=17994"}],"wp:term":[{"taxonomy":"product_brand","embeddable":true,"href":"https:\/\/stylingagenten.com\/sv\/wp-json\/wp\/v2\/product_brand?post=17994"},{"taxonomy":"product_cat","embeddable":true,"href":"https:\/\/stylingagenten.com\/sv\/wp-json\/wp\/v2\/product_cat?post=17994"},{"taxonomy":"product_tag","embeddable":true,"href":"https:\/\/stylingagenten.com\/sv\/wp-json\/wp\/v2\/product_tag?post=17994"},{"taxonomy":"berocket_brand","embeddable":true,"href":"https:\/\/stylingagenten.com\/sv\/wp-json\/wp\/v2\/berocket_brand?post=17994"}],"curies":[{"name":"wp","href":"https:\/\/api.w.org\/{rel}","templated":true}]}}