{"id":17990,"date":"2025-01-24T13:14:23","date_gmt":"2025-01-24T13:14:23","guid":{"rendered":"https:\/\/staging2.stylingagenten.com\/sv\/produkt\/artdeco-perfect-teint-concealer-12-neutral-light-2ml\/"},"modified":"2026-02-18T09:06:25","modified_gmt":"2026-02-18T09:06:25","slug":"artdeco-perfect-teint-concealer-12-neutral-light-2ml","status":"publish","type":"product","link":"https:\/\/stylingagenten.com\/sv\/produkt\/artdeco-perfect-teint-concealer-12-neutral-light-2ml\/","title":{"rendered":"Artdeco Perfect Teint Concealer 12 Neutral Light 2ml"},"content":{"rendered":"<p>Artdeco Perfect Teint Concealer 12 Neutral Light 2ml<br \/>Perfect Teint Concealer har ljusreflekterande pigment som d\u00f6ljer m\u00f6rka ringar, fina linjer och rynkor. Huden ser j\u00e4mnare ut och f\u00e5r ett h\u00e4lsosamt glow. Den l\u00e4tta och lena formulan \u00e4r vattenresistent och h\u00e5llbar, och applikatorn har en praktisk twist-mekanism f\u00f6r enkel och exakt applicering.<br \/>\u2022 Concealer med ljusreflekterande pigment<br \/>\u2022 D\u00f6ljer m\u00f6rka ringar, fina linjer och rynkor<br \/>\u2022 H\u00e5llbar och vattenresistent formula<br \/>\u2022 Praktiskt applikator<\/p>\n","protected":false},"excerpt":{"rendered":"<p>Artdeco Perfect Teint Concealer 12 Neutral Light 2mlPerfect Teint Concealer har ljusreflekterande pigment som d\u00f6ljer m\u00f6rka ringar, fina linjer och rynkor. Huden ser j\u00e4mnare ut och f\u00e5r ett h\u00e4lsosamt glow. Den l\u00e4tta och lena formulan \u00e4r vattenresistent och h\u00e5llbar, och applikatorn har en praktisk twist-mekanism f\u00f6r enkel och exakt applicering.\u2022 Concealer med ljusreflekterande pigment\u2022 D\u00f6ljer [&hellip;]<\/p>\n","protected":false},"featured_media":17986,"comment_status":"open","ping_status":"closed","template":"","meta":{"_trash_the_other_posts":false},"product_brand":[],"product_cat":[567],"product_tag":[2439],"berocket_brand":[1385],"class_list":{"0":"post-17990","1":"product","2":"type-product","3":"status-publish","4":"has-post-thumbnail","6":"product_cat-concealer","7":"product_tag-artdeco-perfect-teint-concealer-2ml","8":"pa_brand-artdeco","9":"pa_variant-12-neutral-light","10":"berocket_brand-artdeco","12":"first","13":"instock","14":"sale","15":"taxable","16":"shipping-taxable","17":"purchasable","18":"product-type-simple"},"_links":{"self":[{"href":"https:\/\/stylingagenten.com\/sv\/wp-json\/wp\/v2\/product\/17990","targetHints":{"allow":["GET"]}}],"collection":[{"href":"https:\/\/stylingagenten.com\/sv\/wp-json\/wp\/v2\/product"}],"about":[{"href":"https:\/\/stylingagenten.com\/sv\/wp-json\/wp\/v2\/types\/product"}],"replies":[{"embeddable":true,"href":"https:\/\/stylingagenten.com\/sv\/wp-json\/wp\/v2\/comments?post=17990"}],"version-history":[{"count":0,"href":"https:\/\/stylingagenten.com\/sv\/wp-json\/wp\/v2\/product\/17990\/revisions"}],"wp:featuredmedia":[{"embeddable":true,"href":"https:\/\/stylingagenten.com\/sv\/wp-json\/wp\/v2\/media\/17986"}],"wp:attachment":[{"href":"https:\/\/stylingagenten.com\/sv\/wp-json\/wp\/v2\/media?parent=17990"}],"wp:term":[{"taxonomy":"product_brand","embeddable":true,"href":"https:\/\/stylingagenten.com\/sv\/wp-json\/wp\/v2\/product_brand?post=17990"},{"taxonomy":"product_cat","embeddable":true,"href":"https:\/\/stylingagenten.com\/sv\/wp-json\/wp\/v2\/product_cat?post=17990"},{"taxonomy":"product_tag","embeddable":true,"href":"https:\/\/stylingagenten.com\/sv\/wp-json\/wp\/v2\/product_tag?post=17990"},{"taxonomy":"berocket_brand","embeddable":true,"href":"https:\/\/stylingagenten.com\/sv\/wp-json\/wp\/v2\/berocket_brand?post=17990"}],"curies":[{"name":"wp","href":"https:\/\/api.w.org\/{rel}","templated":true}]}}