{"id":17973,"date":"2025-01-24T13:14:21","date_gmt":"2025-01-24T13:14:21","guid":{"rendered":"https:\/\/staging2.stylingagenten.com\/sv\/produkt\/max-factor-facefinity-3-in-1-foundation-88-praline\/"},"modified":"2026-04-13T07:18:24","modified_gmt":"2026-04-13T07:18:24","slug":"max-factor-facefinity-3-in-1-foundation-88-praline","status":"publish","type":"product","link":"https:\/\/stylingagenten.com\/sv\/produkt\/max-factor-facefinity-3-in-1-foundation-88-praline\/","title":{"rendered":"Max Factor Facefinity 3 In 1 Foundation 88 Praline"},"content":{"rendered":"<p>Max Factor Facefinity 3 In 1 Foundation 88 Praline<br \/>Max Factor Facefinity All Day Flawless Foundation ger dig en perfekt och superh\u00e5llbar look och motst\u00e5r s\u00e5v\u00e4l vatten och v\u00e4rme som fukt och svett. En flytande 3-i-1-foundation som \u00e4ven fungerar som ansiktsprimer och concealer och h\u00e5ller i upp till 30 timmar.<br \/>&#8211;<br \/>Facefinity All Day Flawless Foundation, ger en fantastisk t\u00e4ckning som d\u00f6ljer rodnad och pigmentfl\u00e4ckar, samtidigt som den andas. Motst\u00e5r b\u00e5de vatten, v\u00e4rme och fukt samt inneh\u00e5ller SPF 20 som skyddar huden mot solens skadliga UVA-\/UVB-str\u00e5lar, samtidigt som den skyddar huden mot milj\u00f6faktorer som bl\u00e5tt ljus och f\u00f6roreningar.<br \/>&#8211;<br \/>Denna lena Max Factor-foundation h\u00e5ller makeupen p\u00e5 plats medan concealern effektivt t\u00e4cker sk\u00f6nhetsfel och m\u00f6rka ringar. Flexi-hold-teknologin g\u00f6r att denna foundation r\u00f6r sig tillsammans med huden, s\u00e5 att du f\u00e5r en perfekt och h\u00e5llbar finish som inte f\u00e4rgar av sig.<br \/>&#8211;<br \/>Denna foundation inneh\u00e5ller tre typer av oljeabsorberande puder som ger en uppbyggbar t\u00e4ckning. Den glider l\u00e4tt \u00f6ver huden s\u00e5 den \u00e4r enkel att applicera och har en superh\u00e5llbar och matt finish.<\/p>\n","protected":false},"excerpt":{"rendered":"<p>Max Factor Facefinity 3 In 1 Foundation 88 PralineMax Factor Facefinity All Day Flawless Foundation ger dig en perfekt och superh\u00e5llbar look och motst\u00e5r s\u00e5v\u00e4l vatten och v\u00e4rme som fukt och svett. En flytande 3-i-1-foundation som \u00e4ven fungerar som ansiktsprimer och concealer och h\u00e5ller i upp till 30 timmar.&#8211;Facefinity All Day Flawless Foundation, ger en [&hellip;]<\/p>\n","protected":false},"featured_media":17960,"comment_status":"open","ping_status":"closed","template":"","meta":{"_trash_the_other_posts":false},"product_brand":[],"product_cat":[579],"product_tag":[3585],"berocket_brand":[1013],"class_list":{"0":"post-17973","1":"product","2":"type-product","3":"status-publish","4":"has-post-thumbnail","6":"product_cat-foundation","7":"product_tag-max-factor-facefinity-3-in-1-foundation","8":"pa_brand-max-factor","9":"pa_variant-88-praline","10":"berocket_brand-max-factor","12":"first","13":"instock","14":"sale","15":"taxable","16":"shipping-taxable","17":"purchasable","18":"product-type-simple"},"_links":{"self":[{"href":"https:\/\/stylingagenten.com\/sv\/wp-json\/wp\/v2\/product\/17973","targetHints":{"allow":["GET"]}}],"collection":[{"href":"https:\/\/stylingagenten.com\/sv\/wp-json\/wp\/v2\/product"}],"about":[{"href":"https:\/\/stylingagenten.com\/sv\/wp-json\/wp\/v2\/types\/product"}],"replies":[{"embeddable":true,"href":"https:\/\/stylingagenten.com\/sv\/wp-json\/wp\/v2\/comments?post=17973"}],"version-history":[{"count":0,"href":"https:\/\/stylingagenten.com\/sv\/wp-json\/wp\/v2\/product\/17973\/revisions"}],"wp:featuredmedia":[{"embeddable":true,"href":"https:\/\/stylingagenten.com\/sv\/wp-json\/wp\/v2\/media\/17960"}],"wp:attachment":[{"href":"https:\/\/stylingagenten.com\/sv\/wp-json\/wp\/v2\/media?parent=17973"}],"wp:term":[{"taxonomy":"product_brand","embeddable":true,"href":"https:\/\/stylingagenten.com\/sv\/wp-json\/wp\/v2\/product_brand?post=17973"},{"taxonomy":"product_cat","embeddable":true,"href":"https:\/\/stylingagenten.com\/sv\/wp-json\/wp\/v2\/product_cat?post=17973"},{"taxonomy":"product_tag","embeddable":true,"href":"https:\/\/stylingagenten.com\/sv\/wp-json\/wp\/v2\/product_tag?post=17973"},{"taxonomy":"berocket_brand","embeddable":true,"href":"https:\/\/stylingagenten.com\/sv\/wp-json\/wp\/v2\/berocket_brand?post=17973"}],"curies":[{"name":"wp","href":"https:\/\/api.w.org\/{rel}","templated":true}]}}