{"id":17906,"date":"2025-01-24T13:14:13","date_gmt":"2025-01-24T13:14:13","guid":{"rendered":"https:\/\/staging2.stylingagenten.com\/sv\/produkt\/sally-hansen-color-therapy-554-nail-cuticle-serum\/"},"modified":"2026-03-31T17:38:53","modified_gmt":"2026-03-31T17:38:53","slug":"sally-hansen-color-therapy-554-nail-cuticle-serum","status":"publish","type":"product","link":"https:\/\/stylingagenten.com\/sv\/produkt\/sally-hansen-color-therapy-554-nail-cuticle-serum\/","title":{"rendered":"Sally Hansen Color Therapy #554 Nail Cuticle Serum"},"content":{"rendered":"<p>Sally Hansen Therapy neglelak neglerum 14.7 ml farvetapi \u2122, smuk farve, som du bryder dig, mens du b\u00e6rer! Den patenterede Argan -olieformel smelter sammen intensiv n\u00e6ring og \u00f8jeblikkelig fugt til sunde udseende negle. Farve + pleje! Smukke farver, der er infunderet med arganolie, giver intens n\u00e6ring. Ved brug oplevede 9 ud af 10 kvinder en m\u00e6rkbar forbedring af naturlige negle. Par med topcoaten for at udvide glans og slid. Glem ikke din negleb\u00e5ndolie til \u00f8jeblikkeligt sundere negle og negleb\u00e5nd.<\/p>\n","protected":false},"excerpt":{"rendered":"<p>Sally Hansen Therapy neglelak neglerum 14.7 ml farvetapi \u2122, smuk farve, som du bryder dig, mens du b\u00e6rer! Den patenterede Argan -olieformel smelter sammen intensiv n\u00e6ring og \u00f8jeblikkelig fugt til sunde udseende negle. Farve + pleje! Smukke farver, der er infunderet med arganolie, giver intens n\u00e6ring. Ved brug oplevede 9 ud af 10 kvinder en [&hellip;]<\/p>\n","protected":false},"featured_media":17900,"comment_status":"open","ping_status":"closed","template":"","meta":{"_trash_the_other_posts":false},"product_brand":[],"product_cat":[569],"product_tag":[4119],"berocket_brand":[1155],"class_list":{"0":"post-17906","1":"product","2":"type-product","3":"status-publish","4":"has-post-thumbnail","6":"product_cat-nagellack","7":"product_tag-sally-hansen-color-therapy","8":"pa_brand-sally-hansen","9":"pa_variant-554-nail-cuticle-serum","10":"berocket_brand-sally-hansen","12":"first","13":"instock","14":"sale","15":"taxable","16":"shipping-taxable","17":"purchasable","18":"product-type-simple"},"_links":{"self":[{"href":"https:\/\/stylingagenten.com\/sv\/wp-json\/wp\/v2\/product\/17906","targetHints":{"allow":["GET"]}}],"collection":[{"href":"https:\/\/stylingagenten.com\/sv\/wp-json\/wp\/v2\/product"}],"about":[{"href":"https:\/\/stylingagenten.com\/sv\/wp-json\/wp\/v2\/types\/product"}],"replies":[{"embeddable":true,"href":"https:\/\/stylingagenten.com\/sv\/wp-json\/wp\/v2\/comments?post=17906"}],"version-history":[{"count":0,"href":"https:\/\/stylingagenten.com\/sv\/wp-json\/wp\/v2\/product\/17906\/revisions"}],"wp:featuredmedia":[{"embeddable":true,"href":"https:\/\/stylingagenten.com\/sv\/wp-json\/wp\/v2\/media\/17900"}],"wp:attachment":[{"href":"https:\/\/stylingagenten.com\/sv\/wp-json\/wp\/v2\/media?parent=17906"}],"wp:term":[{"taxonomy":"product_brand","embeddable":true,"href":"https:\/\/stylingagenten.com\/sv\/wp-json\/wp\/v2\/product_brand?post=17906"},{"taxonomy":"product_cat","embeddable":true,"href":"https:\/\/stylingagenten.com\/sv\/wp-json\/wp\/v2\/product_cat?post=17906"},{"taxonomy":"product_tag","embeddable":true,"href":"https:\/\/stylingagenten.com\/sv\/wp-json\/wp\/v2\/product_tag?post=17906"},{"taxonomy":"berocket_brand","embeddable":true,"href":"https:\/\/stylingagenten.com\/sv\/wp-json\/wp\/v2\/berocket_brand?post=17906"}],"curies":[{"name":"wp","href":"https:\/\/api.w.org\/{rel}","templated":true}]}}