{"id":17882,"date":"2025-01-24T13:14:09","date_gmt":"2025-01-24T13:14:09","guid":{"rendered":"https:\/\/staging2.stylingagenten.com\/sv\/produkt\/sally-hansen-miracle-gel-861-iconic-darling\/"},"modified":"2025-12-18T22:00:36","modified_gmt":"2025-12-18T22:00:36","slug":"sally-hansen-miracle-gel-861-iconic-darling","status":"publish","type":"product","link":"https:\/\/stylingagenten.com\/sv\/produkt\/sally-hansen-miracle-gel-861-iconic-darling\/","title":{"rendered":"Sally Hansen Miracle Gel #861 Iconic Darling!"},"content":{"rendered":"<p>Sally Hansen Miracle Gel Nail Polish Iconic Darling! 14.7ml<br \/>Miracle Gel\u2122 fr\u00e5n Sally Hansen \u00e4r en banbrytande innovation inom nagellack och manikyr. Nagellacket h\u00e4rdar utan UV- eller LED-lampa och \u00e4r f\u00f6rsta delen i en tv\u00e5stegsmanikyr. Miracle Gel ger en h\u00e5llbar, slitstark och glansig f\u00e4rg som sitter i upp till 14 dagar. Det b\u00e4sta av allt \u00e4r att lacket g\u00e5r snabbt och enkelt att ta bort med vanlig nagellackborttagare. <br \/>F\u00f6rdelar:<br \/>\u2022F\u00e4rgen varar i upp till 14 dagar.<br \/>\u2022Lika enkelt att ta bort som ett vanligt nagellack.<\/p>\n","protected":false},"excerpt":{"rendered":"<p>Sally Hansen Miracle Gel Nail Polish Iconic Darling! 14.7mlMiracle Gel\u2122 fr\u00e5n Sally Hansen \u00e4r en banbrytande innovation inom nagellack och manikyr. Nagellacket h\u00e4rdar utan UV- eller LED-lampa och \u00e4r f\u00f6rsta delen i en tv\u00e5stegsmanikyr. Miracle Gel ger en h\u00e5llbar, slitstark och glansig f\u00e4rg som sitter i upp till 14 dagar. Det b\u00e4sta av allt \u00e4r [&hellip;]<\/p>\n","protected":false},"featured_media":17870,"comment_status":"open","ping_status":"closed","template":"","meta":{"_trash_the_other_posts":false},"product_brand":[],"product_cat":[569],"product_tag":[4121],"berocket_brand":[1155],"class_list":{"0":"post-17882","1":"product","2":"type-product","3":"status-publish","4":"has-post-thumbnail","6":"product_cat-nagellack","7":"product_tag-sally-hansen-miracle-gel","8":"pa_brand-sally-hansen","9":"pa_variant-861-iconic-darling","10":"berocket_brand-sally-hansen","12":"first","13":"instock","14":"sale","15":"taxable","16":"shipping-taxable","17":"purchasable","18":"product-type-simple"},"_links":{"self":[{"href":"https:\/\/stylingagenten.com\/sv\/wp-json\/wp\/v2\/product\/17882","targetHints":{"allow":["GET"]}}],"collection":[{"href":"https:\/\/stylingagenten.com\/sv\/wp-json\/wp\/v2\/product"}],"about":[{"href":"https:\/\/stylingagenten.com\/sv\/wp-json\/wp\/v2\/types\/product"}],"replies":[{"embeddable":true,"href":"https:\/\/stylingagenten.com\/sv\/wp-json\/wp\/v2\/comments?post=17882"}],"version-history":[{"count":0,"href":"https:\/\/stylingagenten.com\/sv\/wp-json\/wp\/v2\/product\/17882\/revisions"}],"wp:featuredmedia":[{"embeddable":true,"href":"https:\/\/stylingagenten.com\/sv\/wp-json\/wp\/v2\/media\/17870"}],"wp:attachment":[{"href":"https:\/\/stylingagenten.com\/sv\/wp-json\/wp\/v2\/media?parent=17882"}],"wp:term":[{"taxonomy":"product_brand","embeddable":true,"href":"https:\/\/stylingagenten.com\/sv\/wp-json\/wp\/v2\/product_brand?post=17882"},{"taxonomy":"product_cat","embeddable":true,"href":"https:\/\/stylingagenten.com\/sv\/wp-json\/wp\/v2\/product_cat?post=17882"},{"taxonomy":"product_tag","embeddable":true,"href":"https:\/\/stylingagenten.com\/sv\/wp-json\/wp\/v2\/product_tag?post=17882"},{"taxonomy":"berocket_brand","embeddable":true,"href":"https:\/\/stylingagenten.com\/sv\/wp-json\/wp\/v2\/berocket_brand?post=17882"}],"curies":[{"name":"wp","href":"https:\/\/api.w.org\/{rel}","templated":true}]}}