{"id":17855,"date":"2025-01-24T13:14:06","date_gmt":"2025-01-24T13:14:06","guid":{"rendered":"https:\/\/staging2.stylingagenten.com\/sv\/produkt\/sally-hansen-color-therapy-141-slate-escape\/"},"modified":"2026-04-07T06:25:31","modified_gmt":"2026-04-07T06:25:31","slug":"sally-hansen-color-therapy-141-slate-escape","status":"publish","type":"product","link":"https:\/\/stylingagenten.com\/sv\/produkt\/sally-hansen-color-therapy-141-slate-escape\/","title":{"rendered":"Sally Hansen Color Therapy #141 Slate Escape"},"content":{"rendered":"<p>Sally Hansen Therapy Nail Polish Slate Escape 14.7ml<br \/>Uppn\u00e5 en salongsv\u00e4rdig manikyr hemma med Sally Hansen Colour Therapy\u2122 Nail Polish, en snabbtorkande formula som enkelt glider p\u00e5 nageln f\u00f6r en professionell finish.<br \/>Nagellacket \u00e4r berikat med arganolja som v\u00e5rdar naglarna och ger dem ett friskt utseende. F\u00e4rgen varken flagnar eller bleks, och h\u00e5ller i upp till tio dagar. Levereras med en precisionsborste f\u00f6r kontrollerad, precis applicering.<\/p>\n","protected":false},"excerpt":{"rendered":"<p>Sally Hansen Therapy Nail Polish Slate Escape 14.7mlUppn\u00e5 en salongsv\u00e4rdig manikyr hemma med Sally Hansen Colour Therapy\u2122 Nail Polish, en snabbtorkande formula som enkelt glider p\u00e5 nageln f\u00f6r en professionell finish.Nagellacket \u00e4r berikat med arganolja som v\u00e5rdar naglarna och ger dem ett friskt utseende. F\u00e4rgen varken flagnar eller bleks, och h\u00e5ller i upp till tio [&hellip;]<\/p>\n","protected":false},"featured_media":17847,"comment_status":"open","ping_status":"closed","template":"","meta":{"_trash_the_other_posts":false},"product_brand":[],"product_cat":[569],"product_tag":[4119],"berocket_brand":[1155],"class_list":{"0":"post-17855","1":"product","2":"type-product","3":"status-publish","4":"has-post-thumbnail","6":"product_cat-nagellack","7":"product_tag-sally-hansen-color-therapy","8":"pa_brand-sally-hansen","9":"pa_variant-141-slate-escape","10":"berocket_brand-sally-hansen","12":"first","13":"instock","14":"sale","15":"taxable","16":"shipping-taxable","17":"purchasable","18":"product-type-simple"},"_links":{"self":[{"href":"https:\/\/stylingagenten.com\/sv\/wp-json\/wp\/v2\/product\/17855","targetHints":{"allow":["GET"]}}],"collection":[{"href":"https:\/\/stylingagenten.com\/sv\/wp-json\/wp\/v2\/product"}],"about":[{"href":"https:\/\/stylingagenten.com\/sv\/wp-json\/wp\/v2\/types\/product"}],"replies":[{"embeddable":true,"href":"https:\/\/stylingagenten.com\/sv\/wp-json\/wp\/v2\/comments?post=17855"}],"version-history":[{"count":0,"href":"https:\/\/stylingagenten.com\/sv\/wp-json\/wp\/v2\/product\/17855\/revisions"}],"wp:featuredmedia":[{"embeddable":true,"href":"https:\/\/stylingagenten.com\/sv\/wp-json\/wp\/v2\/media\/17847"}],"wp:attachment":[{"href":"https:\/\/stylingagenten.com\/sv\/wp-json\/wp\/v2\/media?parent=17855"}],"wp:term":[{"taxonomy":"product_brand","embeddable":true,"href":"https:\/\/stylingagenten.com\/sv\/wp-json\/wp\/v2\/product_brand?post=17855"},{"taxonomy":"product_cat","embeddable":true,"href":"https:\/\/stylingagenten.com\/sv\/wp-json\/wp\/v2\/product_cat?post=17855"},{"taxonomy":"product_tag","embeddable":true,"href":"https:\/\/stylingagenten.com\/sv\/wp-json\/wp\/v2\/product_tag?post=17855"},{"taxonomy":"berocket_brand","embeddable":true,"href":"https:\/\/stylingagenten.com\/sv\/wp-json\/wp\/v2\/berocket_brand?post=17855"}],"curies":[{"name":"wp","href":"https:\/\/api.w.org\/{rel}","templated":true}]}}