{"id":17802,"date":"2025-01-24T13:13:58","date_gmt":"2025-01-24T13:13:58","guid":{"rendered":"https:\/\/staging2.stylingagenten.com\/sv\/produkt\/neutrogena-clear-soothe-toning-mist-125ml\/"},"modified":"2026-03-10T15:49:25","modified_gmt":"2026-03-10T15:49:25","slug":"neutrogena-clear-soothe-toning-mist-125ml","status":"publish","type":"product","link":"https:\/\/stylingagenten.com\/sv\/produkt\/neutrogena-clear-soothe-toning-mist-125ml\/","title":{"rendered":"Neutrogena Clear &amp; Soothe Toning Mist 125ml"},"content":{"rendered":"<p>Neutrogena Clear &amp; Soothe Toning Mist 125ml<br \/>Neutrogena Clear &amp; Soothe Toning Mist \u00e4r en l\u00e4tt spray f\u00f6r ansiktet som fr\u00e4schar upp, \u00e5terfuktar och lugnar finnig eller stressad hud.<br \/>Sprayen ger huden en snabb fuktboost. Kan anv\u00e4ndas som avslutning p\u00e5 din morgon- eller kv\u00e4llsrutin, eller n\u00e4r som helst under dagen.<\/p>\n","protected":false},"excerpt":{"rendered":"<p>Neutrogena Clear &amp; Soothe Toning Mist 125mlNeutrogena Clear &amp; Soothe Toning Mist \u00e4r en l\u00e4tt spray f\u00f6r ansiktet som fr\u00e4schar upp, \u00e5terfuktar och lugnar finnig eller stressad hud.Sprayen ger huden en snabb fuktboost. Kan anv\u00e4ndas som avslutning p\u00e5 din morgon- eller kv\u00e4llsrutin, eller n\u00e4r som helst under dagen.<\/p>\n","protected":false},"featured_media":17801,"comment_status":"open","ping_status":"closed","template":"","meta":{"_trash_the_other_posts":false},"product_brand":[],"product_cat":[571],"product_tag":[],"berocket_brand":[1262],"class_list":{"0":"post-17802","1":"product","2":"type-product","3":"status-publish","4":"has-post-thumbnail","6":"product_cat-ansiktsvatten","7":"pa_brand-neutrogena","8":"berocket_brand-neutrogena","10":"first","11":"instock","12":"sale","13":"taxable","14":"shipping-taxable","15":"purchasable","16":"product-type-simple"},"_links":{"self":[{"href":"https:\/\/stylingagenten.com\/sv\/wp-json\/wp\/v2\/product\/17802","targetHints":{"allow":["GET"]}}],"collection":[{"href":"https:\/\/stylingagenten.com\/sv\/wp-json\/wp\/v2\/product"}],"about":[{"href":"https:\/\/stylingagenten.com\/sv\/wp-json\/wp\/v2\/types\/product"}],"replies":[{"embeddable":true,"href":"https:\/\/stylingagenten.com\/sv\/wp-json\/wp\/v2\/comments?post=17802"}],"version-history":[{"count":0,"href":"https:\/\/stylingagenten.com\/sv\/wp-json\/wp\/v2\/product\/17802\/revisions"}],"wp:featuredmedia":[{"embeddable":true,"href":"https:\/\/stylingagenten.com\/sv\/wp-json\/wp\/v2\/media\/17801"}],"wp:attachment":[{"href":"https:\/\/stylingagenten.com\/sv\/wp-json\/wp\/v2\/media?parent=17802"}],"wp:term":[{"taxonomy":"product_brand","embeddable":true,"href":"https:\/\/stylingagenten.com\/sv\/wp-json\/wp\/v2\/product_brand?post=17802"},{"taxonomy":"product_cat","embeddable":true,"href":"https:\/\/stylingagenten.com\/sv\/wp-json\/wp\/v2\/product_cat?post=17802"},{"taxonomy":"product_tag","embeddable":true,"href":"https:\/\/stylingagenten.com\/sv\/wp-json\/wp\/v2\/product_tag?post=17802"},{"taxonomy":"berocket_brand","embeddable":true,"href":"https:\/\/stylingagenten.com\/sv\/wp-json\/wp\/v2\/berocket_brand?post=17802"}],"curies":[{"name":"wp","href":"https:\/\/api.w.org\/{rel}","templated":true}]}}