{"id":17786,"date":"2025-01-24T13:13:55","date_gmt":"2025-01-24T13:13:55","guid":{"rendered":"https:\/\/staging2.stylingagenten.com\/sv\/produkt\/neutrogena-clear-soothe-clay-mask-50ml\/"},"modified":"2026-04-09T07:59:01","modified_gmt":"2026-04-09T07:59:01","slug":"neutrogena-clear-soothe-clay-mask-50ml","status":"publish","type":"product","link":"https:\/\/stylingagenten.com\/sv\/produkt\/neutrogena-clear-soothe-clay-mask-50ml\/","title":{"rendered":"Neutrogena Clear &amp; Soothe Clay Mask 50ml"},"content":{"rendered":"<p>Neutrogena Clear &amp; Soothe Clay Mask 50ml<br \/>Neutrogena\u00ae Clear &amp; Soothe Clay Mask \u00e4r en lermask med gurkmeja och djupreng\u00f6rande salicylsyra. Masken absorberar fett som kan orsaka finnar, samtidigt som den hj\u00e4lper till att bevara hudens naturliga fuktbalans. Perfekt f\u00f6r stressad, finnig hud som \u00e4r i behov av \u00e5terfuktning. Ger ej fl\u00e4ckar. T\u00e4pper inte till porer.<\/p>\n","protected":false},"excerpt":{"rendered":"<p>Neutrogena Clear &amp; Soothe Clay Mask 50mlNeutrogena\u00ae Clear &amp; Soothe Clay Mask \u00e4r en lermask med gurkmeja och djupreng\u00f6rande salicylsyra. Masken absorberar fett som kan orsaka finnar, samtidigt som den hj\u00e4lper till att bevara hudens naturliga fuktbalans. Perfekt f\u00f6r stressad, finnig hud som \u00e4r i behov av \u00e5terfuktning. Ger ej fl\u00e4ckar. T\u00e4pper inte till porer.<\/p>\n","protected":false},"featured_media":17785,"comment_status":"open","ping_status":"closed","template":"","meta":{"_trash_the_other_posts":false},"product_brand":[],"product_cat":[594],"product_tag":[],"berocket_brand":[1262],"class_list":{"0":"post-17786","1":"product","2":"type-product","3":"status-publish","4":"has-post-thumbnail","6":"product_cat-ansiktsmask","7":"pa_brand-neutrogena","8":"berocket_brand-neutrogena","10":"first","11":"instock","12":"sale","13":"taxable","14":"shipping-taxable","15":"purchasable","16":"product-type-simple"},"_links":{"self":[{"href":"https:\/\/stylingagenten.com\/sv\/wp-json\/wp\/v2\/product\/17786","targetHints":{"allow":["GET"]}}],"collection":[{"href":"https:\/\/stylingagenten.com\/sv\/wp-json\/wp\/v2\/product"}],"about":[{"href":"https:\/\/stylingagenten.com\/sv\/wp-json\/wp\/v2\/types\/product"}],"replies":[{"embeddable":true,"href":"https:\/\/stylingagenten.com\/sv\/wp-json\/wp\/v2\/comments?post=17786"}],"version-history":[{"count":0,"href":"https:\/\/stylingagenten.com\/sv\/wp-json\/wp\/v2\/product\/17786\/revisions"}],"wp:featuredmedia":[{"embeddable":true,"href":"https:\/\/stylingagenten.com\/sv\/wp-json\/wp\/v2\/media\/17785"}],"wp:attachment":[{"href":"https:\/\/stylingagenten.com\/sv\/wp-json\/wp\/v2\/media?parent=17786"}],"wp:term":[{"taxonomy":"product_brand","embeddable":true,"href":"https:\/\/stylingagenten.com\/sv\/wp-json\/wp\/v2\/product_brand?post=17786"},{"taxonomy":"product_cat","embeddable":true,"href":"https:\/\/stylingagenten.com\/sv\/wp-json\/wp\/v2\/product_cat?post=17786"},{"taxonomy":"product_tag","embeddable":true,"href":"https:\/\/stylingagenten.com\/sv\/wp-json\/wp\/v2\/product_tag?post=17786"},{"taxonomy":"berocket_brand","embeddable":true,"href":"https:\/\/stylingagenten.com\/sv\/wp-json\/wp\/v2\/berocket_brand?post=17786"}],"curies":[{"name":"wp","href":"https:\/\/api.w.org\/{rel}","templated":true}]}}