{"id":17784,"date":"2025-01-24T13:13:54","date_gmt":"2025-01-24T13:13:54","guid":{"rendered":"https:\/\/staging2.stylingagenten.com\/sv\/produkt\/vaseline-intensive-care-aloe-soothe-400ml\/"},"modified":"2026-04-09T05:48:29","modified_gmt":"2026-04-09T05:48:29","slug":"vaseline-intensive-care-aloe-soothe-400ml","status":"publish","type":"product","link":"https:\/\/stylingagenten.com\/sv\/produkt\/vaseline-intensive-care-aloe-soothe-400ml\/","title":{"rendered":"Vaseline Intensive Care Aloe Soothe 400ml"},"content":{"rendered":"<p>Vaseline Intensive Care Aloe Soothe 400ml<br \/>Vaseline Intensive Care Aloe Soothe Lotion \u00e4r en \u00e5terfuktande hudlotion som snabbt g\u00e5r in i huden. Lotionen inneh\u00e5ller bland annat aloe vera och mikrodroppar av Vaseline Original.<\/p>\n","protected":false},"excerpt":{"rendered":"<p>Vaseline Intensive Care Aloe Soothe 400mlVaseline Intensive Care Aloe Soothe Lotion \u00e4r en \u00e5terfuktande hudlotion som snabbt g\u00e5r in i huden. Lotionen inneh\u00e5ller bland annat aloe vera och mikrodroppar av Vaseline Original.<\/p>\n","protected":false},"featured_media":17782,"comment_status":"open","ping_status":"closed","template":"","meta":{"_trash_the_other_posts":false},"product_brand":[],"product_cat":[572],"product_tag":[],"berocket_brand":[1260],"class_list":{"0":"post-17784","1":"product","2":"type-product","3":"status-publish","4":"has-post-thumbnail","6":"product_cat-bodylotion","7":"pa_brand-vaseline","8":"berocket_brand-vaseline","10":"first","11":"instock","12":"sale","13":"taxable","14":"shipping-taxable","15":"purchasable","16":"product-type-simple"},"_links":{"self":[{"href":"https:\/\/stylingagenten.com\/sv\/wp-json\/wp\/v2\/product\/17784","targetHints":{"allow":["GET"]}}],"collection":[{"href":"https:\/\/stylingagenten.com\/sv\/wp-json\/wp\/v2\/product"}],"about":[{"href":"https:\/\/stylingagenten.com\/sv\/wp-json\/wp\/v2\/types\/product"}],"replies":[{"embeddable":true,"href":"https:\/\/stylingagenten.com\/sv\/wp-json\/wp\/v2\/comments?post=17784"}],"version-history":[{"count":0,"href":"https:\/\/stylingagenten.com\/sv\/wp-json\/wp\/v2\/product\/17784\/revisions"}],"wp:featuredmedia":[{"embeddable":true,"href":"https:\/\/stylingagenten.com\/sv\/wp-json\/wp\/v2\/media\/17782"}],"wp:attachment":[{"href":"https:\/\/stylingagenten.com\/sv\/wp-json\/wp\/v2\/media?parent=17784"}],"wp:term":[{"taxonomy":"product_brand","embeddable":true,"href":"https:\/\/stylingagenten.com\/sv\/wp-json\/wp\/v2\/product_brand?post=17784"},{"taxonomy":"product_cat","embeddable":true,"href":"https:\/\/stylingagenten.com\/sv\/wp-json\/wp\/v2\/product_cat?post=17784"},{"taxonomy":"product_tag","embeddable":true,"href":"https:\/\/stylingagenten.com\/sv\/wp-json\/wp\/v2\/product_tag?post=17784"},{"taxonomy":"berocket_brand","embeddable":true,"href":"https:\/\/stylingagenten.com\/sv\/wp-json\/wp\/v2\/berocket_brand?post=17784"}],"curies":[{"name":"wp","href":"https:\/\/api.w.org\/{rel}","templated":true}]}}