{"id":17701,"date":"2025-01-24T13:13:39","date_gmt":"2025-01-24T13:13:39","guid":{"rendered":"https:\/\/staging2.stylingagenten.com\/sv\/produkt\/cacharel-pour-lhomme-edt-100ml\/"},"modified":"2026-04-12T10:58:28","modified_gmt":"2026-04-12T10:58:28","slug":"cacharel-pour-lhomme-edt-100ml","status":"publish","type":"product","link":"https:\/\/stylingagenten.com\/sv\/produkt\/cacharel-pour-lhomme-edt-100ml\/","title":{"rendered":"Cacharel Pour L&#8217;Homme Edt 100ml"},"content":{"rendered":"<p>Cacharel Pour L&#8217;Homme Edt 100ml<br \/>Cacharel Pour Homme eau de toilette 100ml \u00e4r den ultimata doften f\u00f6r den moderna mannen. Med en unik och f\u00f6rf\u00f6risk blandning av aromatiska noter av lavendel, mynta och koriander, ger denna doft en fr\u00e4sch och maskulin k\u00e4nsla som varar hela dagen. Dess eleganta flaska inneh\u00e5ller en h\u00f6g koncentration av naturliga ingredienser som g\u00f6r att doften h\u00e5ller sig stark och intensiv under hela dagen. Cacharel Pour Homme eau de toilette 100ml \u00e4r ett m\u00e5ste f\u00f6r alla m\u00e4n som vill k\u00e4nna sig sj\u00e4lvs\u00e4kra och attraktiva<br \/>Cacharel Pour Homme \u00e4r en klassisk doft f\u00f6r m\u00e4n fr\u00e5n Cacharel som lanserades \u00e5r 1981. Denna parfym \u00e4r en tidl\u00f6s klassiker som forts\u00e4tter att vara popul\u00e4r bland m\u00e4n i alla \u00e5ldrar.<br \/>Doftnoter<br \/>\u2022Toppnoter: Muskot, Lavendel, Muskatellsalvia och Bergamott<br \/>\u2022Hj\u00e4rtnoter: Cyklamen, Nejlika, Jasmin, Ylang-Ylang, Liljekonvalj och Geranium<br \/>\u2022Basnoter: Furu, B\u00e4rnsten, Sandeltr\u00e4, Mysk, Ekmossa, Cedertr\u00e4 och Vetiver<\/p>\n","protected":false},"excerpt":{"rendered":"<p>Cacharel Pour L&#8217;Homme Edt 100mlCacharel Pour Homme eau de toilette 100ml \u00e4r den ultimata doften f\u00f6r den moderna mannen. Med en unik och f\u00f6rf\u00f6risk blandning av aromatiska noter av lavendel, mynta och koriander, ger denna doft en fr\u00e4sch och maskulin k\u00e4nsla som varar hela dagen. Dess eleganta flaska inneh\u00e5ller en h\u00f6g koncentration av naturliga ingredienser [&hellip;]<\/p>\n","protected":false},"featured_media":17695,"comment_status":"open","ping_status":"closed","template":"","meta":{"_trash_the_other_posts":false},"product_brand":[],"product_cat":[709,735,1000,1006,535],"product_tag":[2639],"berocket_brand":[1098],"class_list":{"0":"post-17701","1":"product","2":"type-product","3":"status-publish","4":"has-post-thumbnail","6":"product_cat-eau-de-toilette-herr","7":"product_cat-kampanj","8":"product_cat-kampanj-for-honom","9":"product_cat-kampanjpris","10":"product_cat-parfym-herr","11":"product_tag-cacharel-pour-lhomme-edt","12":"pa_brand-cacharel","13":"pa_variant-100ml","14":"berocket_brand-cacharel","16":"first","17":"outofstock","18":"sale","19":"taxable","20":"shipping-taxable","21":"purchasable","22":"product-type-simple"},"_links":{"self":[{"href":"https:\/\/stylingagenten.com\/sv\/wp-json\/wp\/v2\/product\/17701","targetHints":{"allow":["GET"]}}],"collection":[{"href":"https:\/\/stylingagenten.com\/sv\/wp-json\/wp\/v2\/product"}],"about":[{"href":"https:\/\/stylingagenten.com\/sv\/wp-json\/wp\/v2\/types\/product"}],"replies":[{"embeddable":true,"href":"https:\/\/stylingagenten.com\/sv\/wp-json\/wp\/v2\/comments?post=17701"}],"version-history":[{"count":0,"href":"https:\/\/stylingagenten.com\/sv\/wp-json\/wp\/v2\/product\/17701\/revisions"}],"wp:featuredmedia":[{"embeddable":true,"href":"https:\/\/stylingagenten.com\/sv\/wp-json\/wp\/v2\/media\/17695"}],"wp:attachment":[{"href":"https:\/\/stylingagenten.com\/sv\/wp-json\/wp\/v2\/media?parent=17701"}],"wp:term":[{"taxonomy":"product_brand","embeddable":true,"href":"https:\/\/stylingagenten.com\/sv\/wp-json\/wp\/v2\/product_brand?post=17701"},{"taxonomy":"product_cat","embeddable":true,"href":"https:\/\/stylingagenten.com\/sv\/wp-json\/wp\/v2\/product_cat?post=17701"},{"taxonomy":"product_tag","embeddable":true,"href":"https:\/\/stylingagenten.com\/sv\/wp-json\/wp\/v2\/product_tag?post=17701"},{"taxonomy":"berocket_brand","embeddable":true,"href":"https:\/\/stylingagenten.com\/sv\/wp-json\/wp\/v2\/berocket_brand?post=17701"}],"curies":[{"name":"wp","href":"https:\/\/api.w.org\/{rel}","templated":true}]}}