{"id":17666,"date":"2025-01-24T13:13:32","date_gmt":"2025-01-24T13:13:32","guid":{"rendered":"https:\/\/staging2.stylingagenten.com\/sv\/produkt\/jennifer-lopez-enduring-glow-edp-100ml\/"},"modified":"2026-03-11T22:04:35","modified_gmt":"2026-03-11T22:04:35","slug":"jennifer-lopez-enduring-glow-edp-100ml","status":"publish","type":"product","link":"https:\/\/stylingagenten.com\/sv\/produkt\/jennifer-lopez-enduring-glow-edp-100ml\/","title":{"rendered":"Jennifer Lopez Enduring Glow Edp 100ml"},"content":{"rendered":"<p>Jennifer Lopez Enduring Glow Edp 100ml<br \/>Enduring Glow \u00e4r en hyllning till kvinnan och hennes inre stryka. Doften tillverkades efter Jennifer Lopez egna favoritnoter och passar den sj\u00e4lvmedvetna kvinnan. Doften \u00f6ppnar upp med noter av italiensk bergamott, p\u00e4ron och litchi.<br \/>I hj\u00e4rtat finns fr\u00e4scha och blommiga noter av magnolia, rosa pion och viol som i kombination med mysk och b\u00e4rnsten i basen skapar en beroendeframkallande doft.<br \/>Topp: Bergamott, P\u00e4ron, Litchi<br \/>Hj\u00e4rta: Magnolia, Pion, Viol<br \/>Bas: Mysk, Amber, Sandeltr\u00e4<\/p>\n","protected":false},"excerpt":{"rendered":"<p>Jennifer Lopez Enduring Glow Edp 100mlEnduring Glow \u00e4r en hyllning till kvinnan och hennes inre stryka. Doften tillverkades efter Jennifer Lopez egna favoritnoter och passar den sj\u00e4lvmedvetna kvinnan. Doften \u00f6ppnar upp med noter av italiensk bergamott, p\u00e4ron och litchi.I hj\u00e4rtat finns fr\u00e4scha och blommiga noter av magnolia, rosa pion och viol som i kombination med [&hellip;]<\/p>\n","protected":false},"featured_media":17659,"comment_status":"open","ping_status":"closed","template":"","meta":{"_trash_the_other_posts":false},"product_brand":[],"product_cat":[706,735,999,1006,534],"product_tag":[],"berocket_brand":[1354],"class_list":{"0":"post-17666","1":"product","2":"type-product","3":"status-publish","4":"has-post-thumbnail","6":"product_cat-eau-de-parfum-dam","7":"product_cat-kampanj","8":"product_cat-kampanj-for-henne","9":"product_cat-kampanjpris","10":"product_cat-parfym-dam","11":"pa_brand-jennifer-lopez","12":"berocket_brand-jennifer-lopez","14":"first","15":"instock","16":"sale","17":"taxable","18":"shipping-taxable","19":"purchasable","20":"product-type-simple"},"_links":{"self":[{"href":"https:\/\/stylingagenten.com\/sv\/wp-json\/wp\/v2\/product\/17666","targetHints":{"allow":["GET"]}}],"collection":[{"href":"https:\/\/stylingagenten.com\/sv\/wp-json\/wp\/v2\/product"}],"about":[{"href":"https:\/\/stylingagenten.com\/sv\/wp-json\/wp\/v2\/types\/product"}],"replies":[{"embeddable":true,"href":"https:\/\/stylingagenten.com\/sv\/wp-json\/wp\/v2\/comments?post=17666"}],"version-history":[{"count":0,"href":"https:\/\/stylingagenten.com\/sv\/wp-json\/wp\/v2\/product\/17666\/revisions"}],"wp:featuredmedia":[{"embeddable":true,"href":"https:\/\/stylingagenten.com\/sv\/wp-json\/wp\/v2\/media\/17659"}],"wp:attachment":[{"href":"https:\/\/stylingagenten.com\/sv\/wp-json\/wp\/v2\/media?parent=17666"}],"wp:term":[{"taxonomy":"product_brand","embeddable":true,"href":"https:\/\/stylingagenten.com\/sv\/wp-json\/wp\/v2\/product_brand?post=17666"},{"taxonomy":"product_cat","embeddable":true,"href":"https:\/\/stylingagenten.com\/sv\/wp-json\/wp\/v2\/product_cat?post=17666"},{"taxonomy":"product_tag","embeddable":true,"href":"https:\/\/stylingagenten.com\/sv\/wp-json\/wp\/v2\/product_tag?post=17666"},{"taxonomy":"berocket_brand","embeddable":true,"href":"https:\/\/stylingagenten.com\/sv\/wp-json\/wp\/v2\/berocket_brand?post=17666"}],"curies":[{"name":"wp","href":"https:\/\/api.w.org\/{rel}","templated":true}]}}