{"id":17657,"date":"2025-01-24T13:13:31","date_gmt":"2025-01-24T13:13:31","guid":{"rendered":"https:\/\/staging2.stylingagenten.com\/sv\/produkt\/jennifer-lopez-one-edp-50ml\/"},"modified":"2026-03-11T22:01:15","modified_gmt":"2026-03-11T22:01:15","slug":"jennifer-lopez-one-edp-50ml","status":"publish","type":"product","link":"https:\/\/stylingagenten.com\/sv\/produkt\/jennifer-lopez-one-edp-50ml\/","title":{"rendered":"Jennifer Lopez One Edp 50ml"},"content":{"rendered":"<p>Jennifer Lopez One Edp 50ml<br \/>One Eau de Parfum \u00e4r en doft som ger k\u00e4nslan av harmoni, frid och energi. En parfym utan gr\u00e4nser \u2013 expansiv, s\u00e5rbar och kraftfull. Idag beh\u00f6ver v\u00e5r v\u00e4rld &#8221;ONE-ness&#8221;, insikten att vi \u00e4r en v\u00e4rld och ett folk, att vi lever f\u00f6r ett gemensamt hopp och en st\u00f6rre mening. Ett m\u00e5l. En dr\u00f6m. Sammansvetsade och inte separerade. Vi \u00e4r ONE. <br \/>Den veganska parfymen \u00f6ppnar med toner av rosa peppar, fresia och persikoblomster. I hj\u00e4rtat finns toner av clearwood, cedertr\u00e4 och jasmin, som kombineras med varma basnoter av mocka, sandeltr\u00e4 och ekmossa.<br \/>Doftnoter:<br \/>\u2022Toppnoter: Rosa peppar, fresia, persikoblomster.<br \/>\u2022Hj\u00e4rtnoter: Clearwood, cedertr\u00e4, jasmin.<br \/>\u2022Basnoter: Mocka, sandeltr\u00e4, ekmossa.<\/p>\n","protected":false},"excerpt":{"rendered":"<p>Jennifer Lopez One Edp 50mlOne Eau de Parfum \u00e4r en doft som ger k\u00e4nslan av harmoni, frid och energi. En parfym utan gr\u00e4nser \u2013 expansiv, s\u00e5rbar och kraftfull. Idag beh\u00f6ver v\u00e5r v\u00e4rld &#8221;ONE-ness&#8221;, insikten att vi \u00e4r en v\u00e4rld och ett folk, att vi lever f\u00f6r ett gemensamt hopp och en st\u00f6rre mening. Ett m\u00e5l. [&hellip;]<\/p>\n","protected":false},"featured_media":17650,"comment_status":"open","ping_status":"closed","template":"","meta":{"_trash_the_other_posts":false},"product_brand":[],"product_cat":[706,735,999,1006,534],"product_tag":[3102],"berocket_brand":[1354],"class_list":{"0":"post-17657","1":"product","2":"type-product","3":"status-publish","4":"has-post-thumbnail","6":"product_cat-eau-de-parfum-dam","7":"product_cat-kampanj","8":"product_cat-kampanj-for-henne","9":"product_cat-kampanjpris","10":"product_cat-parfym-dam","11":"product_tag-jennifer-lopez-one-edp","12":"pa_brand-jennifer-lopez","13":"pa_variant-50ml","14":"berocket_brand-jennifer-lopez","16":"first","17":"instock","18":"sale","19":"taxable","20":"shipping-taxable","21":"purchasable","22":"product-type-simple"},"_links":{"self":[{"href":"https:\/\/stylingagenten.com\/sv\/wp-json\/wp\/v2\/product\/17657","targetHints":{"allow":["GET"]}}],"collection":[{"href":"https:\/\/stylingagenten.com\/sv\/wp-json\/wp\/v2\/product"}],"about":[{"href":"https:\/\/stylingagenten.com\/sv\/wp-json\/wp\/v2\/types\/product"}],"replies":[{"embeddable":true,"href":"https:\/\/stylingagenten.com\/sv\/wp-json\/wp\/v2\/comments?post=17657"}],"version-history":[{"count":0,"href":"https:\/\/stylingagenten.com\/sv\/wp-json\/wp\/v2\/product\/17657\/revisions"}],"wp:featuredmedia":[{"embeddable":true,"href":"https:\/\/stylingagenten.com\/sv\/wp-json\/wp\/v2\/media\/17650"}],"wp:attachment":[{"href":"https:\/\/stylingagenten.com\/sv\/wp-json\/wp\/v2\/media?parent=17657"}],"wp:term":[{"taxonomy":"product_brand","embeddable":true,"href":"https:\/\/stylingagenten.com\/sv\/wp-json\/wp\/v2\/product_brand?post=17657"},{"taxonomy":"product_cat","embeddable":true,"href":"https:\/\/stylingagenten.com\/sv\/wp-json\/wp\/v2\/product_cat?post=17657"},{"taxonomy":"product_tag","embeddable":true,"href":"https:\/\/stylingagenten.com\/sv\/wp-json\/wp\/v2\/product_tag?post=17657"},{"taxonomy":"berocket_brand","embeddable":true,"href":"https:\/\/stylingagenten.com\/sv\/wp-json\/wp\/v2\/berocket_brand?post=17657"}],"curies":[{"name":"wp","href":"https:\/\/api.w.org\/{rel}","templated":true}]}}