{"id":17602,"date":"2025-01-24T13:13:21","date_gmt":"2025-01-24T13:13:21","guid":{"rendered":"https:\/\/staging2.stylingagenten.com\/sv\/produkt\/versace-pour-homme-edt-5ml\/"},"modified":"2025-11-18T15:44:17","modified_gmt":"2025-11-18T15:44:17","slug":"versace-pour-homme-edt-5ml","status":"publish","type":"product","link":"https:\/\/stylingagenten.com\/sv\/produkt\/versace-pour-homme-edt-5ml\/","title":{"rendered":"Versace Pour Homme Edt 5ml"},"content":{"rendered":"<p>Versace Pour Homme Edt 5ml<br \/>Versace Pour Homme har skapats med en sj\u00e4lvs\u00e4ker och stilfull man i \u00e5tanke. Mannen som b\u00e4r denna parfym \u00e4r dynamisk och modern med en stark personlighet. En klassisk herrparfym med noggrant utvalda ingredienser som skapar en tidl\u00f6s aromatisk, citrusdoft f\u00f6r alla tillf\u00e4llen.<br \/>Topp: Bergamott, Neroli, Citron, Apelsinblad<br \/>Hj\u00e4rta: Geranium, Salvia, Hyacint, Cedertr\u00e4<br \/>Bas: Amber, Oud, Mysk, Tonkab\u00f6na<\/p>\n","protected":false},"excerpt":{"rendered":"<p>Versace Pour Homme Edt 5mlVersace Pour Homme har skapats med en sj\u00e4lvs\u00e4ker och stilfull man i \u00e5tanke. Mannen som b\u00e4r denna parfym \u00e4r dynamisk och modern med en stark personlighet. En klassisk herrparfym med noggrant utvalda ingredienser som skapar en tidl\u00f6s aromatisk, citrusdoft f\u00f6r alla tillf\u00e4llen.Topp: Bergamott, Neroli, Citron, ApelsinbladHj\u00e4rta: Geranium, Salvia, Hyacint, Cedertr\u00e4Bas: Amber, [&hellip;]<\/p>\n","protected":false},"featured_media":17595,"comment_status":"open","ping_status":"closed","template":"","meta":{"_trash_the_other_posts":false},"product_brand":[],"product_cat":[709,535],"product_tag":[4218],"berocket_brand":[1083],"class_list":{"0":"post-17602","1":"product","2":"type-product","3":"status-publish","4":"has-post-thumbnail","6":"product_cat-eau-de-toilette-herr","7":"product_cat-parfym-herr","8":"product_tag-versace-pour-homme-edt","9":"pa_brand-versace","10":"pa_variant-5ml","11":"berocket_brand-versace","13":"first","14":"outofstock","15":"sale","16":"taxable","17":"shipping-taxable","18":"purchasable","19":"product-type-simple"},"_links":{"self":[{"href":"https:\/\/stylingagenten.com\/sv\/wp-json\/wp\/v2\/product\/17602","targetHints":{"allow":["GET"]}}],"collection":[{"href":"https:\/\/stylingagenten.com\/sv\/wp-json\/wp\/v2\/product"}],"about":[{"href":"https:\/\/stylingagenten.com\/sv\/wp-json\/wp\/v2\/types\/product"}],"replies":[{"embeddable":true,"href":"https:\/\/stylingagenten.com\/sv\/wp-json\/wp\/v2\/comments?post=17602"}],"version-history":[{"count":0,"href":"https:\/\/stylingagenten.com\/sv\/wp-json\/wp\/v2\/product\/17602\/revisions"}],"wp:featuredmedia":[{"embeddable":true,"href":"https:\/\/stylingagenten.com\/sv\/wp-json\/wp\/v2\/media\/17595"}],"wp:attachment":[{"href":"https:\/\/stylingagenten.com\/sv\/wp-json\/wp\/v2\/media?parent=17602"}],"wp:term":[{"taxonomy":"product_brand","embeddable":true,"href":"https:\/\/stylingagenten.com\/sv\/wp-json\/wp\/v2\/product_brand?post=17602"},{"taxonomy":"product_cat","embeddable":true,"href":"https:\/\/stylingagenten.com\/sv\/wp-json\/wp\/v2\/product_cat?post=17602"},{"taxonomy":"product_tag","embeddable":true,"href":"https:\/\/stylingagenten.com\/sv\/wp-json\/wp\/v2\/product_tag?post=17602"},{"taxonomy":"berocket_brand","embeddable":true,"href":"https:\/\/stylingagenten.com\/sv\/wp-json\/wp\/v2\/berocket_brand?post=17602"}],"curies":[{"name":"wp","href":"https:\/\/api.w.org\/{rel}","templated":true}]}}