{"id":17585,"date":"2025-01-24T13:13:19","date_gmt":"2025-01-24T13:13:19","guid":{"rendered":"https:\/\/staging2.stylingagenten.com\/sv\/produkt\/hugo-boss-the-scent-for-her-le-parfum-50-ml\/"},"modified":"2026-04-06T13:08:25","modified_gmt":"2026-04-06T13:08:25","slug":"hugo-boss-the-scent-for-her-le-parfum-50-ml","status":"publish","type":"product","link":"https:\/\/stylingagenten.com\/sv\/produkt\/hugo-boss-the-scent-for-her-le-parfum-50-ml\/","title":{"rendered":"Hugo Boss The Scent for Her Le Parfum 50 ml"},"content":{"rendered":"<p>Hugo Boss The Scent Le Parfum for Her 50 ml<br \/>K\u00e4nn dragningskraften hos BOSS The Scent Le Parfum for Her. Denna intensiva tolkning av ikoniska BOSS The Scent f\u00f6r kvinnor som v\u00e4cker sinnena med noter av apelsinblomma och vetiver som ger doften en hypnotisk dragningskraft. -Kryddade toppnoter av ros\u00e9peppar kontrasteras vackert av apelsinblomma i hj\u00e4rtnoten. Varm vetiver sm\u00e4lter samman med luftig akigalatr\u00e4 i basnoten och intensifierar doftens sensualitet. -Den juvelformade flaskan \u00e4r utsmyckad med plommonf\u00e4rgat lack, och den gnistrande korken har en vacker finish i rosenguld som full\u00e4ndar stilen. BOSS The Scent Le Parfum for Her presenteras i en m\u00f6rkt plommonf\u00e4rgad ask \u2013 en intensiv doft som ger f\u00f6rf\u00f6relse en helt ny dimension.-Doftfamilj: Ambery \u2013 Floral &#8211; WoodyHj\u00e4rtnoter: ApelsinblommaBasnoter: Vetiver, Akigalawood<\/p>\n","protected":false},"excerpt":{"rendered":"<p>Hugo Boss The Scent Le Parfum for Her 50 mlK\u00e4nn dragningskraften hos BOSS The Scent Le Parfum for Her. Denna intensiva tolkning av ikoniska BOSS The Scent f\u00f6r kvinnor som v\u00e4cker sinnena med noter av apelsinblomma och vetiver som ger doften en hypnotisk dragningskraft. -Kryddade toppnoter av ros\u00e9peppar kontrasteras vackert av apelsinblomma i hj\u00e4rtnoten. Varm [&hellip;]<\/p>\n","protected":false},"featured_media":17580,"comment_status":"open","ping_status":"closed","template":"","meta":{"_trash_the_other_posts":false},"product_brand":[],"product_cat":[706,735,999,534],"product_tag":[],"berocket_brand":[1339],"class_list":{"0":"post-17585","1":"product","2":"type-product","3":"status-publish","4":"has-post-thumbnail","6":"product_cat-eau-de-parfum-dam","7":"product_cat-kampanj","8":"product_cat-kampanj-for-henne","9":"product_cat-parfym-dam","10":"pa_brand-hugo-boss","11":"berocket_brand-hugo-boss","13":"first","14":"instock","15":"sale","16":"taxable","17":"shipping-taxable","18":"purchasable","19":"product-type-simple"},"_links":{"self":[{"href":"https:\/\/stylingagenten.com\/sv\/wp-json\/wp\/v2\/product\/17585","targetHints":{"allow":["GET"]}}],"collection":[{"href":"https:\/\/stylingagenten.com\/sv\/wp-json\/wp\/v2\/product"}],"about":[{"href":"https:\/\/stylingagenten.com\/sv\/wp-json\/wp\/v2\/types\/product"}],"replies":[{"embeddable":true,"href":"https:\/\/stylingagenten.com\/sv\/wp-json\/wp\/v2\/comments?post=17585"}],"version-history":[{"count":0,"href":"https:\/\/stylingagenten.com\/sv\/wp-json\/wp\/v2\/product\/17585\/revisions"}],"wp:featuredmedia":[{"embeddable":true,"href":"https:\/\/stylingagenten.com\/sv\/wp-json\/wp\/v2\/media\/17580"}],"wp:attachment":[{"href":"https:\/\/stylingagenten.com\/sv\/wp-json\/wp\/v2\/media?parent=17585"}],"wp:term":[{"taxonomy":"product_brand","embeddable":true,"href":"https:\/\/stylingagenten.com\/sv\/wp-json\/wp\/v2\/product_brand?post=17585"},{"taxonomy":"product_cat","embeddable":true,"href":"https:\/\/stylingagenten.com\/sv\/wp-json\/wp\/v2\/product_cat?post=17585"},{"taxonomy":"product_tag","embeddable":true,"href":"https:\/\/stylingagenten.com\/sv\/wp-json\/wp\/v2\/product_tag?post=17585"},{"taxonomy":"berocket_brand","embeddable":true,"href":"https:\/\/stylingagenten.com\/sv\/wp-json\/wp\/v2\/berocket_brand?post=17585"}],"curies":[{"name":"wp","href":"https:\/\/api.w.org\/{rel}","templated":true}]}}