{"id":17529,"date":"2025-01-24T13:13:09","date_gmt":"2025-01-24T13:13:09","guid":{"rendered":"https:\/\/staging2.stylingagenten.com\/sv\/produkt\/remington-style-series-aqua-rotary-shaver\/"},"modified":"2026-04-13T09:38:28","modified_gmt":"2026-04-13T09:38:28","slug":"remington-style-series-aqua-rotary-shaver","status":"publish","type":"product","link":"https:\/\/stylingagenten.com\/sv\/produkt\/remington-style-series-aqua-rotary-shaver\/","title":{"rendered":"Remington Style Series Aqua Rotary Shaver"},"content":{"rendered":"<p>Remington Style Series Aqua Rotary Shaver<br \/>R6 Style Series Aqua \u00e4r en rakapparat med roterande sk\u00e4r som \u00e4r designad f\u00f6r att vara 100% vattent\u00e4t vilket g\u00f6r att du kan duscha, raka och forma ditt sk\u00e4gg med l\u00e4tthet och mindre irritation. Det ergonomiska greppet ger b\u00e5de komfort och kontroll samtidigt som de tre sk\u00e4rbladen med dubbla sp\u00e5r anpassar sig efter ansiktets konturer. Tack vare den smarta snabbladdningen kan du p\u00e5 endast 5 minuter ladda rakapparaten och f\u00e5 tillr\u00e4ckligt med str\u00f6m f\u00f6r en hel rakning. Laddar du upp batteriet fullt har du hela 60 minuters anv\u00e4ndningstid<br \/>Funktioner:<br \/>\u2022100% Vattent\u00e4t<br \/>\u2022Flexibla sk\u00e4rblad med dubbla sp\u00e5r<br \/>\u2022Tillbeh\u00f6r f\u00f6r 3-dagars sk\u00e4ggstubb<br \/>\u2022Pop-up trimmer <br \/>\u202260 min sladdl\u00f6s anv\u00e4ndning<br \/>\u20225 minuters snabbladdning <br \/>\u202290 min laddningstid<br \/>\u2022USB Laddning<br \/>\u2022LED indikatorer<br \/>\u2022Ergonomisk grepp<br \/>\u2022F\u00f6rvaringsp\u00e5se<\/p>\n","protected":false},"excerpt":{"rendered":"<p>Remington Style Series Aqua Rotary ShaverR6 Style Series Aqua \u00e4r en rakapparat med roterande sk\u00e4r som \u00e4r designad f\u00f6r att vara 100% vattent\u00e4t vilket g\u00f6r att du kan duscha, raka och forma ditt sk\u00e4gg med l\u00e4tthet och mindre irritation. Det ergonomiska greppet ger b\u00e5de komfort och kontroll samtidigt som de tre sk\u00e4rbladen med dubbla sp\u00e5r [&hellip;]<\/p>\n","protected":false},"featured_media":17512,"comment_status":"open","ping_status":"closed","template":"","meta":{"_trash_the_other_posts":false},"product_brand":[],"product_cat":[687],"product_tag":[],"berocket_brand":[1272],"class_list":{"0":"post-17529","1":"product","2":"type-product","3":"status-publish","4":"has-post-thumbnail","6":"product_cat-skaggverktyg","7":"pa_brand-remington","8":"berocket_brand-remington","10":"first","11":"instock","12":"sale","13":"taxable","14":"shipping-taxable","15":"purchasable","16":"product-type-simple"},"_links":{"self":[{"href":"https:\/\/stylingagenten.com\/sv\/wp-json\/wp\/v2\/product\/17529","targetHints":{"allow":["GET"]}}],"collection":[{"href":"https:\/\/stylingagenten.com\/sv\/wp-json\/wp\/v2\/product"}],"about":[{"href":"https:\/\/stylingagenten.com\/sv\/wp-json\/wp\/v2\/types\/product"}],"replies":[{"embeddable":true,"href":"https:\/\/stylingagenten.com\/sv\/wp-json\/wp\/v2\/comments?post=17529"}],"version-history":[{"count":0,"href":"https:\/\/stylingagenten.com\/sv\/wp-json\/wp\/v2\/product\/17529\/revisions"}],"wp:featuredmedia":[{"embeddable":true,"href":"https:\/\/stylingagenten.com\/sv\/wp-json\/wp\/v2\/media\/17512"}],"wp:attachment":[{"href":"https:\/\/stylingagenten.com\/sv\/wp-json\/wp\/v2\/media?parent=17529"}],"wp:term":[{"taxonomy":"product_brand","embeddable":true,"href":"https:\/\/stylingagenten.com\/sv\/wp-json\/wp\/v2\/product_brand?post=17529"},{"taxonomy":"product_cat","embeddable":true,"href":"https:\/\/stylingagenten.com\/sv\/wp-json\/wp\/v2\/product_cat?post=17529"},{"taxonomy":"product_tag","embeddable":true,"href":"https:\/\/stylingagenten.com\/sv\/wp-json\/wp\/v2\/product_tag?post=17529"},{"taxonomy":"berocket_brand","embeddable":true,"href":"https:\/\/stylingagenten.com\/sv\/wp-json\/wp\/v2\/berocket_brand?post=17529"}],"curies":[{"name":"wp","href":"https:\/\/api.w.org\/{rel}","templated":true}]}}