{"id":17522,"date":"2025-01-24T13:13:08","date_gmt":"2025-01-24T13:13:08","guid":{"rendered":"https:\/\/staging2.stylingagenten.com\/sv\/produkt\/remington-heritage-personal-groomer\/"},"modified":"2026-03-23T08:28:32","modified_gmt":"2026-03-23T08:28:32","slug":"remington-heritage-personal-groomer","status":"publish","type":"product","link":"https:\/\/stylingagenten.com\/sv\/produkt\/remington-heritage-personal-groomer\/","title":{"rendered":"Remington Heritage Personal Groomer"},"content":{"rendered":"<p>Heritage Personal Groomer<br \/>Heritage multitrimmer kombinerar en klassisk tidl\u00f6s design med den senaste moderna tekniken.<\/p>\n<p>Remington lanserade v\u00e4rldens f\u00f6rsta elektriska rakapparat 1937 och har sedan dess lanserat innovativa produkter inom personv\u00e5rd. Heritage multitrimmer i elegant och sofistikerat metallgr\u00e5tt h\u00f6lje \u00e4r en hyllning till det f\u00f6rflutna, samtidigt som den integrerar modern teknik med professionell sk\u00e4rprestanda. De rostfria T-st\u00e5lbladen \u00e4r sj\u00e4lvslipande s\u00e5 att du alltid kan njuta av en skarp prestanda. V\u00e4lj mellan 11 utbytbara tillbeh\u00f6r f\u00f6r att skapa ditt \u00f6nskade utseende.<\/p>\n<p>Med 60-minuters sladdl\u00f6s anv\u00e4ndningstid ger dig gott om tid f\u00f6r att styla dig. Dess 2-stegs LED-indikator l\u00e5ter dig veta n\u00e4r din trimmer h\u00e5ller p\u00e5 att ta slut p\u00e5 batteri s\u00e5 att du kan ladda den helt p\u00e5 4 timmar eller anv\u00e4nda den med sladd f\u00f6r kontinuerlig str\u00f6m. Det finns ocks\u00e5 en 5-minuters snabbladdningsfunktion om du beh\u00f6ver extra boost av batteriet f\u00f6r att f\u00e4rdigst\u00e4lla ditt resultat.<br \/>Ditt allt-i-ett-styling kit har 11 utbytbara tillbeh\u00f6r och allt du beh\u00f6ver f\u00f6r att h\u00e5lla dina sk\u00f6tselsbehov fr\u00e5n topp till t\u00e5. Det f\u00f6ljer \u00e4ven med en praktisk f\u00f6rvaringsp\u00e5se som du kan f\u00f6rvara din trimmer och alla tillbeh\u00f6r i.<br \/>\u2022T-Blad f\u00f6r precisionsstyling<br \/>\u2022Fullstort foil rakhuvud<br \/>\u20227mm detaljtrimmer<br \/>\u2022Justerbar stubbkam (1-5mm)<br \/>\u20227 fasta kammar (1.5-25mm)<\/p>\n<p>Produktfunktioner: <br \/>\u2022Rostfria st\u00e5lblad<br \/>\u2022Premium Heritage Design<br \/>\u2022T-blad f\u00f6r precisionsstyling<br \/>\u2022Fullstort foil rakhuvud<br \/>\u20227 mm detaljtrimmerhuvud<br \/>\u2022Justerbar stubbkam (1-5 mm)<br \/>\u20227 fasta kammar (1,5-25mm)<br \/>\u2022Sladd \/sladdl\u00f6s<br \/>\u2022Upp till 60-minuters tr\u00e5dl\u00f6s anv\u00e4ndningstid<br \/>\u20224-timmars laddningstid<br \/>\u2022Snabbladdningsfunktion<br \/>\u20222-stegs LED-indikator<br \/>\u2022F\u00f6rvaringsv\u00e4ska<br \/>\u2022100% vattent\u00e4t<br \/>\u20225 \u00e5rs + 1-garanti *<\/p>\n","protected":false},"excerpt":{"rendered":"<p>Heritage Personal GroomerHeritage multitrimmer kombinerar en klassisk tidl\u00f6s design med den senaste moderna tekniken. Remington lanserade v\u00e4rldens f\u00f6rsta elektriska rakapparat 1937 och har sedan dess lanserat innovativa produkter inom personv\u00e5rd. Heritage multitrimmer i elegant och sofistikerat metallgr\u00e5tt h\u00f6lje \u00e4r en hyllning till det f\u00f6rflutna, samtidigt som den integrerar modern teknik med professionell sk\u00e4rprestanda. De rostfria [&hellip;]<\/p>\n","protected":false},"featured_media":17507,"comment_status":"open","ping_status":"closed","template":"","meta":{"_trash_the_other_posts":false},"product_brand":[],"product_cat":[687],"product_tag":[],"berocket_brand":[1272],"class_list":{"0":"post-17522","1":"product","2":"type-product","3":"status-publish","4":"has-post-thumbnail","6":"product_cat-skaggverktyg","7":"pa_brand-remington","8":"berocket_brand-remington","10":"first","11":"outofstock","12":"sale","13":"taxable","14":"shipping-taxable","15":"purchasable","16":"product-type-simple"},"_links":{"self":[{"href":"https:\/\/stylingagenten.com\/sv\/wp-json\/wp\/v2\/product\/17522","targetHints":{"allow":["GET"]}}],"collection":[{"href":"https:\/\/stylingagenten.com\/sv\/wp-json\/wp\/v2\/product"}],"about":[{"href":"https:\/\/stylingagenten.com\/sv\/wp-json\/wp\/v2\/types\/product"}],"replies":[{"embeddable":true,"href":"https:\/\/stylingagenten.com\/sv\/wp-json\/wp\/v2\/comments?post=17522"}],"version-history":[{"count":0,"href":"https:\/\/stylingagenten.com\/sv\/wp-json\/wp\/v2\/product\/17522\/revisions"}],"wp:featuredmedia":[{"embeddable":true,"href":"https:\/\/stylingagenten.com\/sv\/wp-json\/wp\/v2\/media\/17507"}],"wp:attachment":[{"href":"https:\/\/stylingagenten.com\/sv\/wp-json\/wp\/v2\/media?parent=17522"}],"wp:term":[{"taxonomy":"product_brand","embeddable":true,"href":"https:\/\/stylingagenten.com\/sv\/wp-json\/wp\/v2\/product_brand?post=17522"},{"taxonomy":"product_cat","embeddable":true,"href":"https:\/\/stylingagenten.com\/sv\/wp-json\/wp\/v2\/product_cat?post=17522"},{"taxonomy":"product_tag","embeddable":true,"href":"https:\/\/stylingagenten.com\/sv\/wp-json\/wp\/v2\/product_tag?post=17522"},{"taxonomy":"berocket_brand","embeddable":true,"href":"https:\/\/stylingagenten.com\/sv\/wp-json\/wp\/v2\/berocket_brand?post=17522"}],"curies":[{"name":"wp","href":"https:\/\/api.w.org\/{rel}","templated":true}]}}