{"id":17503,"date":"2025-01-24T13:13:04","date_gmt":"2025-01-24T13:13:04","guid":{"rendered":"https:\/\/staging2.stylingagenten.com\/sv\/produkt\/remington-omniblade-precision\/"},"modified":"2026-03-11T22:05:11","modified_gmt":"2026-03-11T22:05:11","slug":"remington-omniblade-precision","status":"publish","type":"product","link":"https:\/\/stylingagenten.com\/sv\/produkt\/remington-omniblade-precision\/","title":{"rendered":"Remington Omniblade Precision"},"content":{"rendered":"<p>Remington Omniblade Precision<br \/>Raka, forma och styla ditt sk\u00e4gg med Omniblade precision som med ett l\u00e5nglivat blad ger ett hudn\u00e4ra resultat. Omniblade Precision har en design med avtagbart huvud och 4 tillbeh\u00f6r, justerbar kam och en n\u00e4s- och \u00f6ronh\u00e5rstrimmer med tv\u00e5 kammar. Omniblade Precision har den v\u00e4lbekanta formen av en rakhyvel med kraften, kontrollen och bekv\u00e4mligheten hos en elektrisk rakapparat och en trimmer kombinerat. Med de 4 utbytbara tillbeh\u00f6ren f\u00e5r du hj\u00e4lp att skapa den stil som passar just dig. <\/p>\n<p>Trimma n\u00e4ra huden<br \/>Omniblade Precision har utformats f\u00f6r att ge dig ett hudn\u00e4ra resultat*. Anv\u00e4nd Omniblade helt utan kammar och i den riktning du \u00f6nskar. Utan kam kan du trimma ner till 0,15mm* f\u00f6r en renrakad look. <br \/>Forma ditt sk\u00e4gg och sk\u00e4ggstubb<br \/>Med det 35mm breda bladet kan du raka och trimma. Med den justerbara kammen kan du v\u00e4lja bland totalt 10 l\u00e4ngder mellan 0,5-5mm. <\/p>\n<p>N\u00e4s- och \u00f6ronh\u00e5rstrimmer<br \/>Anv\u00e4nd trimmern f\u00f6r att forma och trimma \u00f6gonbryn och polisonger, de tv\u00e5 medf\u00f6ljande kammarna trimmar ner till 3 och 6mm. <br \/>Blad med l\u00e5ng livsl\u00e4ngd<br \/>Det gjutna och slipade bladet kommer att h\u00e5lla upp till 5 \u00e5r baserat p\u00e5 2 minuters anv\u00e4ndning, 7 dagar i veckan  <br \/>60 min sladdl\u00f6s anv\u00e4ndning<br \/>Upp till 60 minuters sladdl\u00f6s anv\u00e4ndning p\u00e5 en full laddning. Genom LED batteriniv\u00e5indikatorn har du total kontroll \u00f6ver batteritiden och laddas via USB-laddning.<br \/>Funktioner: <br \/>\u2022L\u00f6stagbart huvud med tillbeh\u00f6r<br \/>\u202235mm brett sk\u00e4rblad<br \/>\u2022Trimmar ner till 0,15mm*<br \/>\u2022H\u00e5llbart sk\u00e4rblad, h\u00e5ller upp till 5 \u00e5r*<br \/>\u2022N\u00e4s- och \u00f6rontrimmer med 2 kammar: 3\/6 mm<br \/>\u2022Justerbar trimmerkam: 0,5-5mm (10 l\u00e4ngder)<br \/>\u202260 Minuters anv\u00e4ndningstid<br \/>\u2022USB Laddning<br \/>\u2022LED Laddningsindikator<br \/>\u2022100% Vattent\u00e4t<br \/>\u2022F\u00f6rvaringsp\u00e5se<br \/>\u20225 \u00e5rs garanti +1\u00e5r vid registrering online<\/p>\n<p>*Rakar inte lika n\u00e4ra som ett traditionellt rakblad<br \/>** Baserat p\u00e5 2 minuters anv\u00e4ndning, 7 dagar i veckan<\/p>\n","protected":false},"excerpt":{"rendered":"<p>Remington Omniblade PrecisionRaka, forma och styla ditt sk\u00e4gg med Omniblade precision som med ett l\u00e5nglivat blad ger ett hudn\u00e4ra resultat. Omniblade Precision har en design med avtagbart huvud och 4 tillbeh\u00f6r, justerbar kam och en n\u00e4s- och \u00f6ronh\u00e5rstrimmer med tv\u00e5 kammar. Omniblade Precision har den v\u00e4lbekanta formen av en rakhyvel med kraften, kontrollen och bekv\u00e4mligheten [&hellip;]<\/p>\n","protected":false},"featured_media":17490,"comment_status":"open","ping_status":"closed","template":"","meta":{"_trash_the_other_posts":false},"product_brand":[],"product_cat":[687],"product_tag":[],"berocket_brand":[1272],"class_list":{"0":"post-17503","1":"product","2":"type-product","3":"status-publish","4":"has-post-thumbnail","6":"product_cat-skaggverktyg","7":"pa_brand-remington","8":"berocket_brand-remington","10":"first","11":"instock","12":"sale","13":"taxable","14":"shipping-taxable","15":"purchasable","16":"product-type-simple"},"_links":{"self":[{"href":"https:\/\/stylingagenten.com\/sv\/wp-json\/wp\/v2\/product\/17503","targetHints":{"allow":["GET"]}}],"collection":[{"href":"https:\/\/stylingagenten.com\/sv\/wp-json\/wp\/v2\/product"}],"about":[{"href":"https:\/\/stylingagenten.com\/sv\/wp-json\/wp\/v2\/types\/product"}],"replies":[{"embeddable":true,"href":"https:\/\/stylingagenten.com\/sv\/wp-json\/wp\/v2\/comments?post=17503"}],"version-history":[{"count":0,"href":"https:\/\/stylingagenten.com\/sv\/wp-json\/wp\/v2\/product\/17503\/revisions"}],"wp:featuredmedia":[{"embeddable":true,"href":"https:\/\/stylingagenten.com\/sv\/wp-json\/wp\/v2\/media\/17490"}],"wp:attachment":[{"href":"https:\/\/stylingagenten.com\/sv\/wp-json\/wp\/v2\/media?parent=17503"}],"wp:term":[{"taxonomy":"product_brand","embeddable":true,"href":"https:\/\/stylingagenten.com\/sv\/wp-json\/wp\/v2\/product_brand?post=17503"},{"taxonomy":"product_cat","embeddable":true,"href":"https:\/\/stylingagenten.com\/sv\/wp-json\/wp\/v2\/product_cat?post=17503"},{"taxonomy":"product_tag","embeddable":true,"href":"https:\/\/stylingagenten.com\/sv\/wp-json\/wp\/v2\/product_tag?post=17503"},{"taxonomy":"berocket_brand","embeddable":true,"href":"https:\/\/stylingagenten.com\/sv\/wp-json\/wp\/v2\/berocket_brand?post=17503"}],"curies":[{"name":"wp","href":"https:\/\/api.w.org\/{rel}","templated":true}]}}