{"id":17366,"date":"2025-01-24T13:12:40","date_gmt":"2025-01-24T13:12:40","guid":{"rendered":"https:\/\/staging2.stylingagenten.com\/sv\/produkt\/gucci-bamboo-edp-30ml\/"},"modified":"2026-04-13T09:58:27","modified_gmt":"2026-04-13T09:58:27","slug":"gucci-bamboo-edp-30ml","status":"publish","type":"product","link":"https:\/\/stylingagenten.com\/sv\/produkt\/gucci-bamboo-edp-30ml\/","title":{"rendered":"Gucci Bamboo Edp 30ml"},"content":{"rendered":"<p>Gucci Bamboo \u00e4r inspirerad av kvinnans harmoniska personlighet, hennes femininet och styrka.<\/p>\n<p><strong>Doftnoter:<\/strong> sandeltr\u00e4, vanilj, gr\u00e5 ambra, casablancalilja, apelsinblom, ylang ylang.<\/p>\n","protected":false},"excerpt":{"rendered":"<p>Gucci Bamboo \u00e4r inspirerad av kvinnans harmoniska personlighet, hennes femininet och styrka. Doftnoter: sandeltr\u00e4, vanilj, gr\u00e5 ambra, casablancalilja, apelsinblom, ylang ylang.<\/p>\n","protected":false},"featured_media":17364,"comment_status":"open","ping_status":"closed","template":"","meta":{"_trash_the_other_posts":false},"product_brand":[],"product_cat":[706,735,999],"product_tag":[2977],"berocket_brand":[1329],"class_list":{"0":"post-17366","1":"product","2":"type-product","3":"status-publish","4":"has-post-thumbnail","6":"product_cat-eau-de-parfum-dam","7":"product_cat-kampanj","8":"product_cat-kampanj-for-henne","9":"product_tag-gucci-bamboo-edp","10":"pa_brand-gucci","11":"pa_variant-30ml","12":"berocket_brand-gucci","14":"first","15":"instock","16":"sale","17":"taxable","18":"shipping-taxable","19":"purchasable","20":"product-type-simple"},"_links":{"self":[{"href":"https:\/\/stylingagenten.com\/sv\/wp-json\/wp\/v2\/product\/17366","targetHints":{"allow":["GET"]}}],"collection":[{"href":"https:\/\/stylingagenten.com\/sv\/wp-json\/wp\/v2\/product"}],"about":[{"href":"https:\/\/stylingagenten.com\/sv\/wp-json\/wp\/v2\/types\/product"}],"replies":[{"embeddable":true,"href":"https:\/\/stylingagenten.com\/sv\/wp-json\/wp\/v2\/comments?post=17366"}],"version-history":[{"count":0,"href":"https:\/\/stylingagenten.com\/sv\/wp-json\/wp\/v2\/product\/17366\/revisions"}],"wp:featuredmedia":[{"embeddable":true,"href":"https:\/\/stylingagenten.com\/sv\/wp-json\/wp\/v2\/media\/17364"}],"wp:attachment":[{"href":"https:\/\/stylingagenten.com\/sv\/wp-json\/wp\/v2\/media?parent=17366"}],"wp:term":[{"taxonomy":"product_brand","embeddable":true,"href":"https:\/\/stylingagenten.com\/sv\/wp-json\/wp\/v2\/product_brand?post=17366"},{"taxonomy":"product_cat","embeddable":true,"href":"https:\/\/stylingagenten.com\/sv\/wp-json\/wp\/v2\/product_cat?post=17366"},{"taxonomy":"product_tag","embeddable":true,"href":"https:\/\/stylingagenten.com\/sv\/wp-json\/wp\/v2\/product_tag?post=17366"},{"taxonomy":"berocket_brand","embeddable":true,"href":"https:\/\/stylingagenten.com\/sv\/wp-json\/wp\/v2\/berocket_brand?post=17366"}],"curies":[{"name":"wp","href":"https:\/\/api.w.org\/{rel}","templated":true}]}}