{"id":17238,"date":"2025-01-24T13:12:13","date_gmt":"2025-01-24T13:12:13","guid":{"rendered":"https:\/\/staging2.stylingagenten.com\/sv\/produkt\/hugo-boss-boss-bottled-100ml-aftershave\/"},"modified":"2026-04-13T09:38:41","modified_gmt":"2026-04-13T09:38:41","slug":"hugo-boss-boss-bottled-100ml-aftershave","status":"publish","type":"product","link":"https:\/\/stylingagenten.com\/sv\/produkt\/hugo-boss-boss-bottled-100ml-aftershave\/","title":{"rendered":"Hugo Boss Boss Bottled 100ml Aftershave"},"content":{"rendered":"<p>Hugo Boss Boss Bottled 100ml Aftershave  <br \/>De eleganta tr\u00e4aktiga ackorden i Boss Bottled After Shave ger en komplex struktur som \u00e4r lika m\u00e5ngsidig och m\u00e5ngfacetterad som den man som b\u00e4r doften. Timme f\u00f6r timme utvecklas denna doft och sprider en tidsenlig arom med nya, inspirerande egenskaper som f\u00f6ljer med honom hela dagen.<br \/>?Toppnoter: Apple, Bergamot, Cinnamon.<br \/>?Hj\u00e4rtnoter: Tagete, Geranium, Clove.<br \/>?Basnoter: Cedarwood, Sandalwood, Vetiver, Olivewood.<\/p>\n","protected":false},"excerpt":{"rendered":"<p>Hugo Boss Boss Bottled 100ml Aftershave De eleganta tr\u00e4aktiga ackorden i Boss Bottled After Shave ger en komplex struktur som \u00e4r lika m\u00e5ngsidig och m\u00e5ngfacetterad som den man som b\u00e4r doften. Timme f\u00f6r timme utvecklas denna doft och sprider en tidsenlig arom med nya, inspirerande egenskaper som f\u00f6ljer med honom hela dagen.?Toppnoter: Apple, Bergamot, Cinnamon.?Hj\u00e4rtnoter: [&hellip;]<\/p>\n","protected":false},"featured_media":17232,"comment_status":"open","ping_status":"closed","template":"","meta":{"_trash_the_other_posts":false},"product_brand":[],"product_cat":[689,1003],"product_tag":[],"berocket_brand":[1339],"class_list":{"0":"post-17238","1":"product","2":"type-product","3":"status-publish","4":"has-post-thumbnail","6":"product_cat-aftershave","7":"product_cat-toppsaljare","8":"pa_brand-hugo-boss","9":"berocket_brand-hugo-boss","11":"first","12":"instock","13":"sale","14":"taxable","15":"shipping-taxable","16":"purchasable","17":"product-type-simple"},"_links":{"self":[{"href":"https:\/\/stylingagenten.com\/sv\/wp-json\/wp\/v2\/product\/17238","targetHints":{"allow":["GET"]}}],"collection":[{"href":"https:\/\/stylingagenten.com\/sv\/wp-json\/wp\/v2\/product"}],"about":[{"href":"https:\/\/stylingagenten.com\/sv\/wp-json\/wp\/v2\/types\/product"}],"replies":[{"embeddable":true,"href":"https:\/\/stylingagenten.com\/sv\/wp-json\/wp\/v2\/comments?post=17238"}],"version-history":[{"count":0,"href":"https:\/\/stylingagenten.com\/sv\/wp-json\/wp\/v2\/product\/17238\/revisions"}],"wp:featuredmedia":[{"embeddable":true,"href":"https:\/\/stylingagenten.com\/sv\/wp-json\/wp\/v2\/media\/17232"}],"wp:attachment":[{"href":"https:\/\/stylingagenten.com\/sv\/wp-json\/wp\/v2\/media?parent=17238"}],"wp:term":[{"taxonomy":"product_brand","embeddable":true,"href":"https:\/\/stylingagenten.com\/sv\/wp-json\/wp\/v2\/product_brand?post=17238"},{"taxonomy":"product_cat","embeddable":true,"href":"https:\/\/stylingagenten.com\/sv\/wp-json\/wp\/v2\/product_cat?post=17238"},{"taxonomy":"product_tag","embeddable":true,"href":"https:\/\/stylingagenten.com\/sv\/wp-json\/wp\/v2\/product_tag?post=17238"},{"taxonomy":"berocket_brand","embeddable":true,"href":"https:\/\/stylingagenten.com\/sv\/wp-json\/wp\/v2\/berocket_brand?post=17238"}],"curies":[{"name":"wp","href":"https:\/\/api.w.org\/{rel}","templated":true}]}}