{"id":17233,"date":"2025-01-24T13:12:12","date_gmt":"2025-01-24T13:12:12","guid":{"rendered":"https:\/\/staging2.stylingagenten.com\/sv\/produkt\/britney-spears-jungle-fantasy-edt-100ml\/"},"modified":"2026-04-14T15:48:23","modified_gmt":"2026-04-14T15:48:23","slug":"britney-spears-jungle-fantasy-edt-100ml","status":"publish","type":"product","link":"https:\/\/stylingagenten.com\/sv\/produkt\/britney-spears-jungle-fantasy-edt-100ml\/","title":{"rendered":"Britney Spears Jungle Fantasy Edt 100ml"},"content":{"rendered":"<p>Britney Spears Jungle Fantasy 100ml EDT  <br \/>Sl\u00e4pp l\u00f6s din vildaste fantasi. Fly ut i det ok\u00e4nda och utforska doften Jungle Fantasy, inspirerad av Britneys livliga energi, vilda attityd och fria sj\u00e4l. Doften best\u00e5r av toppnoter av blommor fr\u00e5n vattenmelon &#8211; en uppfriskande inledning. Gustavia-blommor v\u00e4cker entusiasm med sitt blommiga hj\u00e4rta och en exotisk flamning. Tonka Bean Absolute l\u00e4gger till en touch av s\u00f6tma och ger en beroendeframkallande finish. Jungle Fantasy, en exotisk doft fr\u00e5n Britney Spears\u2122.<\/p>\n","protected":false},"excerpt":{"rendered":"<p>Britney Spears Jungle Fantasy 100ml EDT Sl\u00e4pp l\u00f6s din vildaste fantasi. Fly ut i det ok\u00e4nda och utforska doften Jungle Fantasy, inspirerad av Britneys livliga energi, vilda attityd och fria sj\u00e4l. Doften best\u00e5r av toppnoter av blommor fr\u00e5n vattenmelon &#8211; en uppfriskande inledning. Gustavia-blommor v\u00e4cker entusiasm med sitt blommiga hj\u00e4rta och en exotisk flamning. Tonka [&hellip;]<\/p>\n","protected":false},"featured_media":17230,"comment_status":"open","ping_status":"closed","template":"","meta":{"_trash_the_other_posts":false},"product_brand":[],"product_cat":[707,735,999,1006,534],"product_tag":[],"berocket_brand":[1031],"class_list":{"0":"post-17233","1":"product","2":"type-product","3":"status-publish","4":"has-post-thumbnail","6":"product_cat-eau-de-toilette-dam","7":"product_cat-kampanj","8":"product_cat-kampanj-for-henne","9":"product_cat-kampanjpris","10":"product_cat-parfym-dam","11":"pa_brand-britney-spears","12":"berocket_brand-britney-spears","14":"first","15":"outofstock","16":"sale","17":"taxable","18":"shipping-taxable","19":"purchasable","20":"product-type-simple"},"_links":{"self":[{"href":"https:\/\/stylingagenten.com\/sv\/wp-json\/wp\/v2\/product\/17233","targetHints":{"allow":["GET"]}}],"collection":[{"href":"https:\/\/stylingagenten.com\/sv\/wp-json\/wp\/v2\/product"}],"about":[{"href":"https:\/\/stylingagenten.com\/sv\/wp-json\/wp\/v2\/types\/product"}],"replies":[{"embeddable":true,"href":"https:\/\/stylingagenten.com\/sv\/wp-json\/wp\/v2\/comments?post=17233"}],"version-history":[{"count":1,"href":"https:\/\/stylingagenten.com\/sv\/wp-json\/wp\/v2\/product\/17233\/revisions"}],"predecessor-version":[{"id":4456793196,"href":"https:\/\/stylingagenten.com\/sv\/wp-json\/wp\/v2\/product\/17233\/revisions\/4456793196"}],"wp:featuredmedia":[{"embeddable":true,"href":"https:\/\/stylingagenten.com\/sv\/wp-json\/wp\/v2\/media\/17230"}],"wp:attachment":[{"href":"https:\/\/stylingagenten.com\/sv\/wp-json\/wp\/v2\/media?parent=17233"}],"wp:term":[{"taxonomy":"product_brand","embeddable":true,"href":"https:\/\/stylingagenten.com\/sv\/wp-json\/wp\/v2\/product_brand?post=17233"},{"taxonomy":"product_cat","embeddable":true,"href":"https:\/\/stylingagenten.com\/sv\/wp-json\/wp\/v2\/product_cat?post=17233"},{"taxonomy":"product_tag","embeddable":true,"href":"https:\/\/stylingagenten.com\/sv\/wp-json\/wp\/v2\/product_tag?post=17233"},{"taxonomy":"berocket_brand","embeddable":true,"href":"https:\/\/stylingagenten.com\/sv\/wp-json\/wp\/v2\/berocket_brand?post=17233"}],"curies":[{"name":"wp","href":"https:\/\/api.w.org\/{rel}","templated":true}]}}