{"id":17055,"date":"2025-01-24T13:11:38","date_gmt":"2025-01-24T13:11:38","guid":{"rendered":"https:\/\/staging2.stylingagenten.com\/sv\/produkt\/beauty-of-joseon-ginseng-essence-water-150ml\/"},"modified":"2026-03-04T13:19:16","modified_gmt":"2026-03-04T13:19:16","slug":"beauty-of-joseon-ginseng-essence-water-150ml","status":"publish","type":"product","link":"https:\/\/stylingagenten.com\/sv\/produkt\/beauty-of-joseon-ginseng-essence-water-150ml\/","title":{"rendered":"Beauty of Joseon Ginseng Essence Water 150ml"},"content":{"rendered":"<p>Beauty of Joseon Ginseng Essence Water 150ml<br \/>Ginseng Essence Water inneh\u00e5ller 80 % ginsengvatten och har sitt fokus p\u00e5 nyttan med ginseng i sig sj\u00e4lv, som ger tillr\u00e4ckligt med fukt och n\u00e4ring till huden. Den fyller p\u00e5 ordentligt med fukt och n\u00e4ring f\u00f6r att hj\u00e4lpa till att h\u00e5lla din hud \u00e5terfuktad under l\u00e5ng tid.<br \/>Denna essens \u00e4r f\u00f6r hud som \u00e4r fet p\u00e5 utsidan men torr l\u00e4ngre in, och f\u00f6r k\u00e4nslig hud som l\u00e4tt skadas av yttre faktorer.<br \/>Den inneh\u00e5ller \u00e4ven 2 % niacinamid och 0,04 % adenosin, vilket ger ytterligare nytta med talg- och rynkkontroll.<\/p>\n","protected":false},"excerpt":{"rendered":"<p>Beauty of Joseon Ginseng Essence Water 150mlGinseng Essence Water inneh\u00e5ller 80 % ginsengvatten och har sitt fokus p\u00e5 nyttan med ginseng i sig sj\u00e4lv, som ger tillr\u00e4ckligt med fukt och n\u00e4ring till huden. Den fyller p\u00e5 ordentligt med fukt och n\u00e4ring f\u00f6r att hj\u00e4lpa till att h\u00e5lla din hud \u00e5terfuktad under l\u00e5ng tid.Denna essens \u00e4r [&hellip;]<\/p>\n","protected":false},"featured_media":17039,"comment_status":"open","ping_status":"closed","template":"","meta":{"_trash_the_other_posts":false},"product_brand":[],"product_cat":[1001,654],"product_tag":[2483],"berocket_brand":[1395],"class_list":{"0":"post-17055","1":"product","2":"type-product","3":"status-publish","4":"has-post-thumbnail","6":"product_cat-k-beauty","7":"product_cat-toner","8":"product_tag-beauty-of-joseon-ginseng-essence-water","9":"pa_brand-beauty-of-joseon","10":"pa_variant-150ml","11":"berocket_brand-beauty-of-joseon","13":"first","14":"instock","15":"sale","16":"taxable","17":"shipping-taxable","18":"purchasable","19":"product-type-simple"},"_links":{"self":[{"href":"https:\/\/stylingagenten.com\/sv\/wp-json\/wp\/v2\/product\/17055","targetHints":{"allow":["GET"]}}],"collection":[{"href":"https:\/\/stylingagenten.com\/sv\/wp-json\/wp\/v2\/product"}],"about":[{"href":"https:\/\/stylingagenten.com\/sv\/wp-json\/wp\/v2\/types\/product"}],"replies":[{"embeddable":true,"href":"https:\/\/stylingagenten.com\/sv\/wp-json\/wp\/v2\/comments?post=17055"}],"version-history":[{"count":0,"href":"https:\/\/stylingagenten.com\/sv\/wp-json\/wp\/v2\/product\/17055\/revisions"}],"wp:featuredmedia":[{"embeddable":true,"href":"https:\/\/stylingagenten.com\/sv\/wp-json\/wp\/v2\/media\/17039"}],"wp:attachment":[{"href":"https:\/\/stylingagenten.com\/sv\/wp-json\/wp\/v2\/media?parent=17055"}],"wp:term":[{"taxonomy":"product_brand","embeddable":true,"href":"https:\/\/stylingagenten.com\/sv\/wp-json\/wp\/v2\/product_brand?post=17055"},{"taxonomy":"product_cat","embeddable":true,"href":"https:\/\/stylingagenten.com\/sv\/wp-json\/wp\/v2\/product_cat?post=17055"},{"taxonomy":"product_tag","embeddable":true,"href":"https:\/\/stylingagenten.com\/sv\/wp-json\/wp\/v2\/product_tag?post=17055"},{"taxonomy":"berocket_brand","embeddable":true,"href":"https:\/\/stylingagenten.com\/sv\/wp-json\/wp\/v2\/berocket_brand?post=17055"}],"curies":[{"name":"wp","href":"https:\/\/api.w.org\/{rel}","templated":true}]}}