{"id":16936,"date":"2025-01-24T13:11:19","date_gmt":"2025-01-24T13:11:19","guid":{"rendered":"https:\/\/staging2.stylingagenten.com\/sv\/produkt\/klairs-freshly-juiced-vitamin-drop-35ml\/"},"modified":"2026-01-29T07:09:32","modified_gmt":"2026-01-29T07:09:32","slug":"klairs-freshly-juiced-vitamin-drop-35ml","status":"publish","type":"product","link":"https:\/\/stylingagenten.com\/sv\/produkt\/klairs-freshly-juiced-vitamin-drop-35ml\/","title":{"rendered":"Klairs Freshly Juiced Vitamin Drop 35ml"},"content":{"rendered":"<p>Klairs Freshly Juiced Vitamin Drop 35ml<br \/>Freshly Juiced Vitamin Serum inneh\u00e5ller koncentrerad, stabil C-vitamin (5% askorbinsyra), vilket \u00e4r en antioxidant som bek\u00e4mpar hudens \u00e5ldrande och hj\u00e4lper huden att j\u00e4mna ut hudtonen, hindrar uppkomst av pigmentering samt \u00f6kar hudens sp\u00e4nst och minimerar fina linjer.  Passar alla hudtyper, \u00e4ven den mest k\u00e4nsliga. Som en vitaminkick p\u00e5 flaska! Doseras enkelt med pipett. <\/p>\n<p>\u2022Koncentrerat C-vitamin-serum. <br \/>\u2022Ger en tr\u00f6tt och gl\u00e5mig hud nytt liv. <br \/>\u2022Passar alla hudtyper och \u00e5ldrar. <\/p>\n","protected":false},"excerpt":{"rendered":"<p>Klairs Freshly Juiced Vitamin Drop 35mlFreshly Juiced Vitamin Serum inneh\u00e5ller koncentrerad, stabil C-vitamin (5% askorbinsyra), vilket \u00e4r en antioxidant som bek\u00e4mpar hudens \u00e5ldrande och hj\u00e4lper huden att j\u00e4mna ut hudtonen, hindrar uppkomst av pigmentering samt \u00f6kar hudens sp\u00e4nst och minimerar fina linjer. Passar alla hudtyper, \u00e4ven den mest k\u00e4nsliga. Som en vitaminkick p\u00e5 flaska! Doseras [&hellip;]<\/p>\n","protected":false},"featured_media":16923,"comment_status":"open","ping_status":"closed","template":"","meta":{"_trash_the_other_posts":false},"product_brand":[],"product_cat":[1001,614],"product_tag":[],"berocket_brand":[1397],"class_list":{"0":"post-16936","1":"product","2":"type-product","3":"status-publish","4":"has-post-thumbnail","6":"product_cat-k-beauty","7":"product_cat-serum","8":"pa_brand-klairs","9":"berocket_brand-klairs","11":"first","12":"instock","13":"sale","14":"taxable","15":"shipping-taxable","16":"purchasable","17":"product-type-simple"},"_links":{"self":[{"href":"https:\/\/stylingagenten.com\/sv\/wp-json\/wp\/v2\/product\/16936","targetHints":{"allow":["GET"]}}],"collection":[{"href":"https:\/\/stylingagenten.com\/sv\/wp-json\/wp\/v2\/product"}],"about":[{"href":"https:\/\/stylingagenten.com\/sv\/wp-json\/wp\/v2\/types\/product"}],"replies":[{"embeddable":true,"href":"https:\/\/stylingagenten.com\/sv\/wp-json\/wp\/v2\/comments?post=16936"}],"version-history":[{"count":0,"href":"https:\/\/stylingagenten.com\/sv\/wp-json\/wp\/v2\/product\/16936\/revisions"}],"wp:featuredmedia":[{"embeddable":true,"href":"https:\/\/stylingagenten.com\/sv\/wp-json\/wp\/v2\/media\/16923"}],"wp:attachment":[{"href":"https:\/\/stylingagenten.com\/sv\/wp-json\/wp\/v2\/media?parent=16936"}],"wp:term":[{"taxonomy":"product_brand","embeddable":true,"href":"https:\/\/stylingagenten.com\/sv\/wp-json\/wp\/v2\/product_brand?post=16936"},{"taxonomy":"product_cat","embeddable":true,"href":"https:\/\/stylingagenten.com\/sv\/wp-json\/wp\/v2\/product_cat?post=16936"},{"taxonomy":"product_tag","embeddable":true,"href":"https:\/\/stylingagenten.com\/sv\/wp-json\/wp\/v2\/product_tag?post=16936"},{"taxonomy":"berocket_brand","embeddable":true,"href":"https:\/\/stylingagenten.com\/sv\/wp-json\/wp\/v2\/berocket_brand?post=16936"}],"curies":[{"name":"wp","href":"https:\/\/api.w.org\/{rel}","templated":true}]}}