{"id":16915,"date":"2025-01-24T13:11:14","date_gmt":"2025-01-24T13:11:14","guid":{"rendered":"https:\/\/staging2.stylingagenten.com\/sv\/produkt\/cosrx-the-retinol-0-1-cream-20ml\/"},"modified":"2025-11-18T15:46:25","modified_gmt":"2025-11-18T15:46:25","slug":"cosrx-the-retinol-0-1-cream-20ml","status":"publish","type":"product","link":"https:\/\/stylingagenten.com\/sv\/produkt\/cosrx-the-retinol-0-1-cream-20ml\/","title":{"rendered":"COSRX The Retinol 0.1 Cream 20ml"},"content":{"rendered":"<p>COSRX The Retinol 0.1 Cream 20ml<br \/>Bek\u00e4mpa tecken p\u00e5 \u00e5ldrande med denna kraftfulla ansiktskr\u00e4m som inneh\u00e5ller 0.1% ren retinol f\u00f6r att \u00f6ka hudens elasticitet, reducera rynkor och \u00e5terst\u00e4lla hudens lyster. Ansiktskr\u00e4men inneh\u00e5ller \u00e4ven panthenol f\u00f6r att d\u00e4mpa irritation, adenosin f\u00f6r att motverka slapp hud och tokotrienol (en form av vitamin E) f\u00f6r att avv\u00e4rja fria radikaler.<br \/>\u2022Inneh\u00e5ller 0.1% retinol f\u00f6r att \u00e5terst\u00e4lla hudens elasticitet.<br \/>\u2022Fullpackad med aktiva ingredienser som retinol, panthenol, adenosin och tokotrienol.<br \/>\u2022Hj\u00e4lper till att j\u00e4mna ut rynkor och fina linjer.<\/p>\n","protected":false},"excerpt":{"rendered":"<p>COSRX The Retinol 0.1 Cream 20mlBek\u00e4mpa tecken p\u00e5 \u00e5ldrande med denna kraftfulla ansiktskr\u00e4m som inneh\u00e5ller 0.1% ren retinol f\u00f6r att \u00f6ka hudens elasticitet, reducera rynkor och \u00e5terst\u00e4lla hudens lyster. Ansiktskr\u00e4men inneh\u00e5ller \u00e4ven panthenol f\u00f6r att d\u00e4mpa irritation, adenosin f\u00f6r att motverka slapp hud och tokotrienol (en form av vitamin E) f\u00f6r att avv\u00e4rja fria radikaler.\u2022Inneh\u00e5ller [&hellip;]<\/p>\n","protected":false},"featured_media":16901,"comment_status":"open","ping_status":"closed","template":"","meta":{"_trash_the_other_posts":false},"product_brand":[],"product_cat":[559,1001],"product_tag":[],"berocket_brand":[1396],"class_list":{"0":"post-16915","1":"product","2":"type-product","3":"status-publish","4":"has-post-thumbnail","6":"product_cat-ansiktskram","7":"product_cat-k-beauty","8":"pa_brand-cosrx","9":"berocket_brand-cosrx","11":"first","12":"outofstock","13":"sale","14":"taxable","15":"shipping-taxable","16":"purchasable","17":"product-type-simple"},"_links":{"self":[{"href":"https:\/\/stylingagenten.com\/sv\/wp-json\/wp\/v2\/product\/16915","targetHints":{"allow":["GET"]}}],"collection":[{"href":"https:\/\/stylingagenten.com\/sv\/wp-json\/wp\/v2\/product"}],"about":[{"href":"https:\/\/stylingagenten.com\/sv\/wp-json\/wp\/v2\/types\/product"}],"replies":[{"embeddable":true,"href":"https:\/\/stylingagenten.com\/sv\/wp-json\/wp\/v2\/comments?post=16915"}],"version-history":[{"count":0,"href":"https:\/\/stylingagenten.com\/sv\/wp-json\/wp\/v2\/product\/16915\/revisions"}],"wp:featuredmedia":[{"embeddable":true,"href":"https:\/\/stylingagenten.com\/sv\/wp-json\/wp\/v2\/media\/16901"}],"wp:attachment":[{"href":"https:\/\/stylingagenten.com\/sv\/wp-json\/wp\/v2\/media?parent=16915"}],"wp:term":[{"taxonomy":"product_brand","embeddable":true,"href":"https:\/\/stylingagenten.com\/sv\/wp-json\/wp\/v2\/product_brand?post=16915"},{"taxonomy":"product_cat","embeddable":true,"href":"https:\/\/stylingagenten.com\/sv\/wp-json\/wp\/v2\/product_cat?post=16915"},{"taxonomy":"product_tag","embeddable":true,"href":"https:\/\/stylingagenten.com\/sv\/wp-json\/wp\/v2\/product_tag?post=16915"},{"taxonomy":"berocket_brand","embeddable":true,"href":"https:\/\/stylingagenten.com\/sv\/wp-json\/wp\/v2\/berocket_brand?post=16915"}],"curies":[{"name":"wp","href":"https:\/\/api.w.org\/{rel}","templated":true}]}}