{"id":16912,"date":"2025-01-24T13:11:14","date_gmt":"2025-01-24T13:11:14","guid":{"rendered":"https:\/\/staging2.stylingagenten.com\/sv\/produkt\/klairs-all-day-airy-sunscreen-spf50-50ml\/"},"modified":"2025-12-18T21:43:39","modified_gmt":"2025-12-18T21:43:39","slug":"klairs-all-day-airy-sunscreen-spf50-50ml","status":"publish","type":"product","link":"https:\/\/stylingagenten.com\/sv\/produkt\/klairs-all-day-airy-sunscreen-spf50-50ml\/","title":{"rendered":"Klairs All-day Airy Sunscreen SPF50 50ml"},"content":{"rendered":"<p>Klairs All-day Airy Sunscreen SPF50 50ml<br \/>All-Day Airy Sunscreen \u00e4r en \u00e5terfuktande fuktkr\u00e4m med SPF 50+ PA++++ som skyddar din hud fr\u00e5n UV-str\u00e5lar utan att l\u00e4mna n\u00e5gon vit finish.<\/p>\n<p>Den l\u00e4tta konsistensen och den uppfriskande finishen l\u00e4mnar din hud mjuk, \u00e5terfuktad utan att k\u00e4nnas klibbig. Den \u00e4r formulerad med milda ingredienser som g\u00f6r att denna solkr\u00e4m \u00e4r l\u00e4mplig f\u00f6r alla hudtyper utan att irritera. Utvecklad med intensiv och avancerad teknik f\u00f6r att vara s\u00e4ker och bekv\u00e4m f\u00f6r din hud.<\/p>\n<p>Rekommenderas att anv\u00e4nda dagligen som det sista steget i din hudv\u00e5rdsrutin.<\/p>\n","protected":false},"excerpt":{"rendered":"<p>Klairs All-day Airy Sunscreen SPF50 50mlAll-Day Airy Sunscreen \u00e4r en \u00e5terfuktande fuktkr\u00e4m med SPF 50+ PA++++ som skyddar din hud fr\u00e5n UV-str\u00e5lar utan att l\u00e4mna n\u00e5gon vit finish. Den l\u00e4tta konsistensen och den uppfriskande finishen l\u00e4mnar din hud mjuk, \u00e5terfuktad utan att k\u00e4nnas klibbig. Den \u00e4r formulerad med milda ingredienser som g\u00f6r att denna solkr\u00e4m [&hellip;]<\/p>\n","protected":false},"featured_media":16892,"comment_status":"open","ping_status":"closed","template":"","meta":{"_trash_the_other_posts":false},"product_brand":[],"product_cat":[1001,573],"product_tag":[],"berocket_brand":[1397],"class_list":{"0":"post-16912","1":"product","2":"type-product","3":"status-publish","4":"has-post-thumbnail","6":"product_cat-k-beauty","7":"product_cat-solskydd","8":"pa_brand-klairs","9":"berocket_brand-klairs","11":"first","12":"instock","13":"sale","14":"taxable","15":"shipping-taxable","16":"purchasable","17":"product-type-simple"},"_links":{"self":[{"href":"https:\/\/stylingagenten.com\/sv\/wp-json\/wp\/v2\/product\/16912","targetHints":{"allow":["GET"]}}],"collection":[{"href":"https:\/\/stylingagenten.com\/sv\/wp-json\/wp\/v2\/product"}],"about":[{"href":"https:\/\/stylingagenten.com\/sv\/wp-json\/wp\/v2\/types\/product"}],"replies":[{"embeddable":true,"href":"https:\/\/stylingagenten.com\/sv\/wp-json\/wp\/v2\/comments?post=16912"}],"version-history":[{"count":0,"href":"https:\/\/stylingagenten.com\/sv\/wp-json\/wp\/v2\/product\/16912\/revisions"}],"wp:featuredmedia":[{"embeddable":true,"href":"https:\/\/stylingagenten.com\/sv\/wp-json\/wp\/v2\/media\/16892"}],"wp:attachment":[{"href":"https:\/\/stylingagenten.com\/sv\/wp-json\/wp\/v2\/media?parent=16912"}],"wp:term":[{"taxonomy":"product_brand","embeddable":true,"href":"https:\/\/stylingagenten.com\/sv\/wp-json\/wp\/v2\/product_brand?post=16912"},{"taxonomy":"product_cat","embeddable":true,"href":"https:\/\/stylingagenten.com\/sv\/wp-json\/wp\/v2\/product_cat?post=16912"},{"taxonomy":"product_tag","embeddable":true,"href":"https:\/\/stylingagenten.com\/sv\/wp-json\/wp\/v2\/product_tag?post=16912"},{"taxonomy":"berocket_brand","embeddable":true,"href":"https:\/\/stylingagenten.com\/sv\/wp-json\/wp\/v2\/berocket_brand?post=16912"}],"curies":[{"name":"wp","href":"https:\/\/api.w.org\/{rel}","templated":true}]}}