{"id":16891,"date":"2025-01-24T13:11:10","date_gmt":"2025-01-24T13:11:10","guid":{"rendered":"https:\/\/staging2.stylingagenten.com\/sv\/produkt\/klairs-freshly-juiced-vitamin-e-mask-15ml\/"},"modified":"2025-12-31T11:26:24","modified_gmt":"2025-12-31T11:26:24","slug":"klairs-freshly-juiced-vitamin-e-mask-15ml","status":"publish","type":"product","link":"https:\/\/stylingagenten.com\/sv\/produkt\/klairs-freshly-juiced-vitamin-e-mask-15ml\/","title":{"rendered":"Klairs Freshly Juiced Vitamin E Mask 15ml"},"content":{"rendered":"<p>Klairs Freshly Juiced Vitamin E Mask 15ml<br \/>Freshly Juiced Vitamin E Mask \u00e4r en multifunktionell produkt som kan anv\u00e4ndas som en fuktmask, nattmask eller som en dagkr\u00e4m.<br \/>Hur funkar den? Freshly Juiced E-vitamin Mask \u00e4r formulerad med tre olika ingredienser som alla hj\u00e4lper huden p\u00e5 olika s\u00e4tt.<br \/>&#8211; Vitamin E \u2013 F\u00f6rebygger att sm\u00e5 partiklar utifr\u00e5n kommer in i huden, vilket kan ge rynkor. Vitamin E har ocks\u00e5 mjukg\u00f6rande egenskaper samtidigt som det d\u00e4mpar inflammation och skyddar huden mot solskador.<br \/>&#8211; Niacinamide \u00e4r en bra ingrediens f\u00f6r dem som har oljig, acne-ben\u00e4gen hud och arbetar f\u00f6r att balansera talg-produktionen samtidigt som det stabiliserar C-vitamin vilket boostar effekten av c-vitaminprodukter.<br \/>&#8211; Adenosine. Detta \u00e4r ett \u00e4mne som finns i varje cell i v\u00e5r kropp och som st\u00e4rker v\u00e5r hud genom att fr\u00e4mja kollagen-produktionen. Den har ocks\u00e5 antiinflammatoriska egenskaper, vilket g\u00f6r den effektiv vid s\u00e5rl\u00e4kning och \u00e5teruppbyggnad av huden. Den f\u00f6rb\u00e4ttrar \u00e4ven akne orsakad av fet hud.<br \/>Passar perfekt f\u00f6r dig som vill f\u00f6rebygga hudens \u00e5ldrande och jobba med fina linjer samt f\u00e5 en j\u00e4mnare hudton. Passar alla hudtyper, \u00e4ven den allra k\u00e4nsligaste.<\/p>\n","protected":false},"excerpt":{"rendered":"<p>Klairs Freshly Juiced Vitamin E Mask 15mlFreshly Juiced Vitamin E Mask \u00e4r en multifunktionell produkt som kan anv\u00e4ndas som en fuktmask, nattmask eller som en dagkr\u00e4m.Hur funkar den? Freshly Juiced E-vitamin Mask \u00e4r formulerad med tre olika ingredienser som alla hj\u00e4lper huden p\u00e5 olika s\u00e4tt.&#8211; Vitamin E \u2013 F\u00f6rebygger att sm\u00e5 partiklar utifr\u00e5n kommer in [&hellip;]<\/p>\n","protected":false},"featured_media":16875,"comment_status":"open","ping_status":"closed","template":"","meta":{"_trash_the_other_posts":false},"product_brand":[],"product_cat":[594,1001],"product_tag":[3214],"berocket_brand":[1397],"class_list":{"0":"post-16891","1":"product","2":"type-product","3":"status-publish","4":"has-post-thumbnail","6":"product_cat-ansiktsmask","7":"product_cat-k-beauty","8":"product_tag-klairs-freshly-juiced-vitamin-e-mask","9":"pa_brand-klairs","10":"pa_variant-15ml","11":"berocket_brand-klairs","13":"first","14":"instock","15":"sale","16":"taxable","17":"shipping-taxable","18":"purchasable","19":"product-type-simple"},"_links":{"self":[{"href":"https:\/\/stylingagenten.com\/sv\/wp-json\/wp\/v2\/product\/16891","targetHints":{"allow":["GET"]}}],"collection":[{"href":"https:\/\/stylingagenten.com\/sv\/wp-json\/wp\/v2\/product"}],"about":[{"href":"https:\/\/stylingagenten.com\/sv\/wp-json\/wp\/v2\/types\/product"}],"replies":[{"embeddable":true,"href":"https:\/\/stylingagenten.com\/sv\/wp-json\/wp\/v2\/comments?post=16891"}],"version-history":[{"count":0,"href":"https:\/\/stylingagenten.com\/sv\/wp-json\/wp\/v2\/product\/16891\/revisions"}],"wp:featuredmedia":[{"embeddable":true,"href":"https:\/\/stylingagenten.com\/sv\/wp-json\/wp\/v2\/media\/16875"}],"wp:attachment":[{"href":"https:\/\/stylingagenten.com\/sv\/wp-json\/wp\/v2\/media?parent=16891"}],"wp:term":[{"taxonomy":"product_brand","embeddable":true,"href":"https:\/\/stylingagenten.com\/sv\/wp-json\/wp\/v2\/product_brand?post=16891"},{"taxonomy":"product_cat","embeddable":true,"href":"https:\/\/stylingagenten.com\/sv\/wp-json\/wp\/v2\/product_cat?post=16891"},{"taxonomy":"product_tag","embeddable":true,"href":"https:\/\/stylingagenten.com\/sv\/wp-json\/wp\/v2\/product_tag?post=16891"},{"taxonomy":"berocket_brand","embeddable":true,"href":"https:\/\/stylingagenten.com\/sv\/wp-json\/wp\/v2\/berocket_brand?post=16891"}],"curies":[{"name":"wp","href":"https:\/\/api.w.org\/{rel}","templated":true}]}}