{"id":16852,"date":"2025-01-24T13:11:02","date_gmt":"2025-01-24T13:11:02","guid":{"rendered":"https:\/\/staging2.stylingagenten.com\/sv\/produkt\/klairs-gentle-black-deep-cleansing-oil-150ml\/"},"modified":"2026-04-03T05:27:25","modified_gmt":"2026-04-03T05:27:25","slug":"klairs-gentle-black-deep-cleansing-oil-150ml","status":"publish","type":"product","link":"https:\/\/stylingagenten.com\/sv\/produkt\/klairs-gentle-black-deep-cleansing-oil-150ml\/","title":{"rendered":"Klairs Gentle Black Deep Cleansing Oil 150ml"},"content":{"rendered":"<p>Klairs Gentle Black Deep Cleansing Oil 150ml<br \/>Denna oljetv\u00e4tt \u00e4r mild men effektiv, perfekt f\u00f6r k\u00e4nslig hud. Den har en allergiv\u00e4nlig formulering med vegetabiliska oljor som p\u00e5 ett milt s\u00e4tt reng\u00f6r, \u00e5terfuktar och skyddar. En oljebaserad reng\u00f6ring rekommenderas att anv\u00e4ndas som f\u00f6rsta steg i din reng\u00f6ring f\u00f6r att l\u00f6sa upp oljebaserade orenheter. F\u00f6r b\u00e4sta resultat, f\u00f6lj upp med en vattenbaserad reng\u00f6ring.<br \/>&#8211; Svarta b\u00f6nor och olja balanserar talgproduktionen.<br \/>&#8211; Svart sesamolja inneh\u00e5ller antioxidanter som st\u00e4rker hudbarri\u00e4ren<br \/>&#8211; Svarta vinb\u00e4r och fr\u00f6olja ger rika mineraler och vitaminer<\/p>\n","protected":false},"excerpt":{"rendered":"<p>Klairs Gentle Black Deep Cleansing Oil 150mlDenna oljetv\u00e4tt \u00e4r mild men effektiv, perfekt f\u00f6r k\u00e4nslig hud. Den har en allergiv\u00e4nlig formulering med vegetabiliska oljor som p\u00e5 ett milt s\u00e4tt reng\u00f6r, \u00e5terfuktar och skyddar. En oljebaserad reng\u00f6ring rekommenderas att anv\u00e4ndas som f\u00f6rsta steg i din reng\u00f6ring f\u00f6r att l\u00f6sa upp oljebaserade orenheter. F\u00f6r b\u00e4sta resultat, f\u00f6lj [&hellip;]<\/p>\n","protected":false},"featured_media":16844,"comment_status":"open","ping_status":"closed","template":"","meta":{"_trash_the_other_posts":false},"product_brand":[],"product_cat":[609,1001],"product_tag":[],"berocket_brand":[1397],"class_list":{"0":"post-16852","1":"product","2":"type-product","3":"status-publish","4":"has-post-thumbnail","6":"product_cat-ansiktsrengoring","7":"product_cat-k-beauty","8":"pa_brand-klairs","9":"berocket_brand-klairs","11":"first","12":"instock","13":"sale","14":"taxable","15":"shipping-taxable","16":"purchasable","17":"product-type-simple"},"_links":{"self":[{"href":"https:\/\/stylingagenten.com\/sv\/wp-json\/wp\/v2\/product\/16852","targetHints":{"allow":["GET"]}}],"collection":[{"href":"https:\/\/stylingagenten.com\/sv\/wp-json\/wp\/v2\/product"}],"about":[{"href":"https:\/\/stylingagenten.com\/sv\/wp-json\/wp\/v2\/types\/product"}],"replies":[{"embeddable":true,"href":"https:\/\/stylingagenten.com\/sv\/wp-json\/wp\/v2\/comments?post=16852"}],"version-history":[{"count":0,"href":"https:\/\/stylingagenten.com\/sv\/wp-json\/wp\/v2\/product\/16852\/revisions"}],"wp:featuredmedia":[{"embeddable":true,"href":"https:\/\/stylingagenten.com\/sv\/wp-json\/wp\/v2\/media\/16844"}],"wp:attachment":[{"href":"https:\/\/stylingagenten.com\/sv\/wp-json\/wp\/v2\/media?parent=16852"}],"wp:term":[{"taxonomy":"product_brand","embeddable":true,"href":"https:\/\/stylingagenten.com\/sv\/wp-json\/wp\/v2\/product_brand?post=16852"},{"taxonomy":"product_cat","embeddable":true,"href":"https:\/\/stylingagenten.com\/sv\/wp-json\/wp\/v2\/product_cat?post=16852"},{"taxonomy":"product_tag","embeddable":true,"href":"https:\/\/stylingagenten.com\/sv\/wp-json\/wp\/v2\/product_tag?post=16852"},{"taxonomy":"berocket_brand","embeddable":true,"href":"https:\/\/stylingagenten.com\/sv\/wp-json\/wp\/v2\/berocket_brand?post=16852"}],"curies":[{"name":"wp","href":"https:\/\/api.w.org\/{rel}","templated":true}]}}