{"id":16805,"date":"2025-01-24T13:10:52","date_gmt":"2025-01-24T13:10:52","guid":{"rendered":"https:\/\/staging2.stylingagenten.com\/sv\/produkt\/schwarzkopf-osis-air-whip-200ml\/"},"modified":"2026-04-14T14:48:58","modified_gmt":"2026-04-14T14:48:58","slug":"schwarzkopf-osis-air-whip-200ml","status":"publish","type":"product","link":"https:\/\/stylingagenten.com\/sv\/produkt\/schwarzkopf-osis-air-whip-200ml\/","title":{"rendered":"Schwarzkopf Osis Air Whip 200ml"},"content":{"rendered":"<p>Schwarzkopf Osis Air Whip 200ml<br \/>OSiS Air Whip \u00e4r en flexibel, l\u00e4tt mousse som kan anv\u00e4ndas i lager f\u00f6r \u00f6kad stadga och volym \u2013 utan klibbighet. Utredande vid f\u00f6ning samt skyddar mot skador vid v\u00e4rme upp till 230\u00b0C. Tack vare den veganska v\u00e5rdande formulan, med v\u00e4xtbaserad keratin och pantenol, k\u00e4nns h\u00e5ret \u00e5terfuktat och fylligare.<\/p>\n","protected":false},"excerpt":{"rendered":"<p>Schwarzkopf Osis Air Whip 200mlOSiS Air Whip \u00e4r en flexibel, l\u00e4tt mousse som kan anv\u00e4ndas i lager f\u00f6r \u00f6kad stadga och volym \u2013 utan klibbighet. Utredande vid f\u00f6ning samt skyddar mot skador vid v\u00e4rme upp till 230\u00b0C. Tack vare den veganska v\u00e5rdande formulan, med v\u00e4xtbaserad keratin och pantenol, k\u00e4nns h\u00e5ret \u00e5terfuktat och fylligare.<\/p>\n","protected":false},"featured_media":16804,"comment_status":"open","ping_status":"closed","template":"","meta":{"_trash_the_other_posts":false},"product_brand":[],"product_cat":[595],"product_tag":[],"berocket_brand":[1060],"class_list":{"0":"post-16805","1":"product","2":"type-product","3":"status-publish","4":"has-post-thumbnail","6":"product_cat-harmousse","7":"pa_brand-schwarzkopf","8":"berocket_brand-schwarzkopf","10":"first","11":"instock","12":"sale","13":"taxable","14":"shipping-taxable","15":"purchasable","16":"product-type-simple"},"_links":{"self":[{"href":"https:\/\/stylingagenten.com\/sv\/wp-json\/wp\/v2\/product\/16805","targetHints":{"allow":["GET"]}}],"collection":[{"href":"https:\/\/stylingagenten.com\/sv\/wp-json\/wp\/v2\/product"}],"about":[{"href":"https:\/\/stylingagenten.com\/sv\/wp-json\/wp\/v2\/types\/product"}],"replies":[{"embeddable":true,"href":"https:\/\/stylingagenten.com\/sv\/wp-json\/wp\/v2\/comments?post=16805"}],"version-history":[{"count":0,"href":"https:\/\/stylingagenten.com\/sv\/wp-json\/wp\/v2\/product\/16805\/revisions"}],"wp:featuredmedia":[{"embeddable":true,"href":"https:\/\/stylingagenten.com\/sv\/wp-json\/wp\/v2\/media\/16804"}],"wp:attachment":[{"href":"https:\/\/stylingagenten.com\/sv\/wp-json\/wp\/v2\/media?parent=16805"}],"wp:term":[{"taxonomy":"product_brand","embeddable":true,"href":"https:\/\/stylingagenten.com\/sv\/wp-json\/wp\/v2\/product_brand?post=16805"},{"taxonomy":"product_cat","embeddable":true,"href":"https:\/\/stylingagenten.com\/sv\/wp-json\/wp\/v2\/product_cat?post=16805"},{"taxonomy":"product_tag","embeddable":true,"href":"https:\/\/stylingagenten.com\/sv\/wp-json\/wp\/v2\/product_tag?post=16805"},{"taxonomy":"berocket_brand","embeddable":true,"href":"https:\/\/stylingagenten.com\/sv\/wp-json\/wp\/v2\/berocket_brand?post=16805"}],"curies":[{"name":"wp","href":"https:\/\/api.w.org\/{rel}","templated":true}]}}