{"id":16770,"date":"2025-01-24T13:10:44","date_gmt":"2025-01-24T13:10:44","guid":{"rendered":"https:\/\/staging2.stylingagenten.com\/sv\/produkt\/schwarzkopf-osis-bounty-balm-150ml\/"},"modified":"2026-04-06T15:28:23","modified_gmt":"2026-04-06T15:28:23","slug":"schwarzkopf-osis-bounty-balm-150ml","status":"publish","type":"product","link":"https:\/\/stylingagenten.com\/sv\/produkt\/schwarzkopf-osis-bounty-balm-150ml\/","title":{"rendered":"Schwarzkopf Osis Bounty Balm 150ml"},"content":{"rendered":"<p>Schwarzkopf Osis Bounty Balm 150ml<br \/>OSiS Bounty Balm \u00e4r en rik, vegansk kr\u00e4m som framh\u00e4ver lockarna och v\u00e5gorna och tar fram den naturliga stunsen. Den kan \u00e4ven hj\u00e4lpa till att lugna rakt men b\u00e5ngstyrigt h\u00e5r genom att den t\u00e4mjer sm\u00e5h\u00e5r och \u00e4r utredande.<\/p>\n","protected":false},"excerpt":{"rendered":"<p>Schwarzkopf Osis Bounty Balm 150mlOSiS Bounty Balm \u00e4r en rik, vegansk kr\u00e4m som framh\u00e4ver lockarna och v\u00e5gorna och tar fram den naturliga stunsen. Den kan \u00e4ven hj\u00e4lpa till att lugna rakt men b\u00e5ngstyrigt h\u00e5r genom att den t\u00e4mjer sm\u00e5h\u00e5r och \u00e4r utredande.<\/p>\n","protected":false},"featured_media":16768,"comment_status":"open","ping_status":"closed","template":"","meta":{"_trash_the_other_posts":false},"product_brand":[],"product_cat":[546],"product_tag":[],"berocket_brand":[1060],"class_list":{"0":"post-16770","1":"product","2":"type-product","3":"status-publish","4":"has-post-thumbnail","6":"product_cat-harstyling","7":"pa_brand-schwarzkopf","8":"berocket_brand-schwarzkopf","10":"first","11":"instock","12":"sale","13":"taxable","14":"shipping-taxable","15":"purchasable","16":"product-type-simple"},"_links":{"self":[{"href":"https:\/\/stylingagenten.com\/sv\/wp-json\/wp\/v2\/product\/16770","targetHints":{"allow":["GET"]}}],"collection":[{"href":"https:\/\/stylingagenten.com\/sv\/wp-json\/wp\/v2\/product"}],"about":[{"href":"https:\/\/stylingagenten.com\/sv\/wp-json\/wp\/v2\/types\/product"}],"replies":[{"embeddable":true,"href":"https:\/\/stylingagenten.com\/sv\/wp-json\/wp\/v2\/comments?post=16770"}],"version-history":[{"count":0,"href":"https:\/\/stylingagenten.com\/sv\/wp-json\/wp\/v2\/product\/16770\/revisions"}],"wp:featuredmedia":[{"embeddable":true,"href":"https:\/\/stylingagenten.com\/sv\/wp-json\/wp\/v2\/media\/16768"}],"wp:attachment":[{"href":"https:\/\/stylingagenten.com\/sv\/wp-json\/wp\/v2\/media?parent=16770"}],"wp:term":[{"taxonomy":"product_brand","embeddable":true,"href":"https:\/\/stylingagenten.com\/sv\/wp-json\/wp\/v2\/product_brand?post=16770"},{"taxonomy":"product_cat","embeddable":true,"href":"https:\/\/stylingagenten.com\/sv\/wp-json\/wp\/v2\/product_cat?post=16770"},{"taxonomy":"product_tag","embeddable":true,"href":"https:\/\/stylingagenten.com\/sv\/wp-json\/wp\/v2\/product_tag?post=16770"},{"taxonomy":"berocket_brand","embeddable":true,"href":"https:\/\/stylingagenten.com\/sv\/wp-json\/wp\/v2\/berocket_brand?post=16770"}],"curies":[{"name":"wp","href":"https:\/\/api.w.org\/{rel}","templated":true}]}}