{"id":16769,"date":"2025-01-24T13:10:44","date_gmt":"2025-01-24T13:10:44","guid":{"rendered":"https:\/\/staging2.stylingagenten.com\/sv\/produkt\/schwarzkopf-osis-freeze-pump-200ml\/"},"modified":"2026-03-17T10:27:39","modified_gmt":"2026-03-17T10:27:39","slug":"schwarzkopf-osis-freeze-pump-200ml","status":"publish","type":"product","link":"https:\/\/stylingagenten.com\/sv\/produkt\/schwarzkopf-osis-freeze-pump-200ml\/","title":{"rendered":"Schwarzkopf Osis Freeze Pump 200ml"},"content":{"rendered":"<p>Schwarzkopf Osis Freeze Pump 200ml<br \/>Pumpa upp volymen med OSiS Freeze Pump, en finf\u00f6rdelad och snabbtorkande vegansk h\u00e5rmist utan aerosol. Den ger h\u00e5llbar stadga, h\u00e5ller lockarna p\u00e5 plats och skyddar mot v\u00e4rmeskador upp till 230\u00b0C.<\/p>\n","protected":false},"excerpt":{"rendered":"<p>Schwarzkopf Osis Freeze Pump 200mlPumpa upp volymen med OSiS Freeze Pump, en finf\u00f6rdelad och snabbtorkande vegansk h\u00e5rmist utan aerosol. Den ger h\u00e5llbar stadga, h\u00e5ller lockarna p\u00e5 plats och skyddar mot v\u00e4rmeskador upp till 230\u00b0C.<\/p>\n","protected":false},"featured_media":16767,"comment_status":"open","ping_status":"closed","template":"","meta":{"_trash_the_other_posts":false},"product_brand":[],"product_cat":[576],"product_tag":[],"berocket_brand":[1060],"class_list":{"0":"post-16769","1":"product","2":"type-product","3":"status-publish","4":"has-post-thumbnail","6":"product_cat-harspray","7":"pa_brand-schwarzkopf","8":"berocket_brand-schwarzkopf","10":"first","11":"instock","12":"sale","13":"taxable","14":"shipping-taxable","15":"purchasable","16":"product-type-simple"},"_links":{"self":[{"href":"https:\/\/stylingagenten.com\/sv\/wp-json\/wp\/v2\/product\/16769","targetHints":{"allow":["GET"]}}],"collection":[{"href":"https:\/\/stylingagenten.com\/sv\/wp-json\/wp\/v2\/product"}],"about":[{"href":"https:\/\/stylingagenten.com\/sv\/wp-json\/wp\/v2\/types\/product"}],"replies":[{"embeddable":true,"href":"https:\/\/stylingagenten.com\/sv\/wp-json\/wp\/v2\/comments?post=16769"}],"version-history":[{"count":0,"href":"https:\/\/stylingagenten.com\/sv\/wp-json\/wp\/v2\/product\/16769\/revisions"}],"wp:featuredmedia":[{"embeddable":true,"href":"https:\/\/stylingagenten.com\/sv\/wp-json\/wp\/v2\/media\/16767"}],"wp:attachment":[{"href":"https:\/\/stylingagenten.com\/sv\/wp-json\/wp\/v2\/media?parent=16769"}],"wp:term":[{"taxonomy":"product_brand","embeddable":true,"href":"https:\/\/stylingagenten.com\/sv\/wp-json\/wp\/v2\/product_brand?post=16769"},{"taxonomy":"product_cat","embeddable":true,"href":"https:\/\/stylingagenten.com\/sv\/wp-json\/wp\/v2\/product_cat?post=16769"},{"taxonomy":"product_tag","embeddable":true,"href":"https:\/\/stylingagenten.com\/sv\/wp-json\/wp\/v2\/product_tag?post=16769"},{"taxonomy":"berocket_brand","embeddable":true,"href":"https:\/\/stylingagenten.com\/sv\/wp-json\/wp\/v2\/berocket_brand?post=16769"}],"curies":[{"name":"wp","href":"https:\/\/api.w.org\/{rel}","templated":true}]}}