{"id":16745,"date":"2025-01-24T13:10:37","date_gmt":"2025-01-24T13:10:37","guid":{"rendered":"https:\/\/staging2.stylingagenten.com\/sv\/produkt\/schwarzkopf-osis-refresh-dust-300ml\/"},"modified":"2026-03-29T16:38:27","modified_gmt":"2026-03-29T16:38:27","slug":"schwarzkopf-osis-refresh-dust-300ml","status":"publish","type":"product","link":"https:\/\/stylingagenten.com\/sv\/produkt\/schwarzkopf-osis-refresh-dust-300ml\/","title":{"rendered":"Schwarzkopf Osis Refresh Dust 300ml"},"content":{"rendered":"<p>?Schwarzkopf Osis Refresh Dust 300ml<br \/>OSiS Refresh Dust \u00e4r ett veganskt torrschampo som g\u00f6r h\u00e5ret fylligt och motverkar oljig h\u00e5rbotten, samtidigt som den ger omedelbar volym och grepp.<\/p>\n","protected":false},"excerpt":{"rendered":"<p>?Schwarzkopf Osis Refresh Dust 300mlOSiS Refresh Dust \u00e4r ett veganskt torrschampo som g\u00f6r h\u00e5ret fylligt och motverkar oljig h\u00e5rbotten, samtidigt som den ger omedelbar volym och grepp.<\/p>\n","protected":false},"featured_media":16744,"comment_status":"open","ping_status":"closed","template":"","meta":{"_trash_the_other_posts":false},"product_brand":[],"product_cat":[575],"product_tag":[],"berocket_brand":[1060],"class_list":{"0":"post-16745","1":"product","2":"type-product","3":"status-publish","4":"has-post-thumbnail","6":"product_cat-torrschampo","7":"pa_brand-schwarzkopf","8":"berocket_brand-schwarzkopf","10":"first","11":"instock","12":"sale","13":"taxable","14":"shipping-taxable","15":"purchasable","16":"product-type-simple"},"_links":{"self":[{"href":"https:\/\/stylingagenten.com\/sv\/wp-json\/wp\/v2\/product\/16745","targetHints":{"allow":["GET"]}}],"collection":[{"href":"https:\/\/stylingagenten.com\/sv\/wp-json\/wp\/v2\/product"}],"about":[{"href":"https:\/\/stylingagenten.com\/sv\/wp-json\/wp\/v2\/types\/product"}],"replies":[{"embeddable":true,"href":"https:\/\/stylingagenten.com\/sv\/wp-json\/wp\/v2\/comments?post=16745"}],"version-history":[{"count":0,"href":"https:\/\/stylingagenten.com\/sv\/wp-json\/wp\/v2\/product\/16745\/revisions"}],"wp:featuredmedia":[{"embeddable":true,"href":"https:\/\/stylingagenten.com\/sv\/wp-json\/wp\/v2\/media\/16744"}],"wp:attachment":[{"href":"https:\/\/stylingagenten.com\/sv\/wp-json\/wp\/v2\/media?parent=16745"}],"wp:term":[{"taxonomy":"product_brand","embeddable":true,"href":"https:\/\/stylingagenten.com\/sv\/wp-json\/wp\/v2\/product_brand?post=16745"},{"taxonomy":"product_cat","embeddable":true,"href":"https:\/\/stylingagenten.com\/sv\/wp-json\/wp\/v2\/product_cat?post=16745"},{"taxonomy":"product_tag","embeddable":true,"href":"https:\/\/stylingagenten.com\/sv\/wp-json\/wp\/v2\/product_tag?post=16745"},{"taxonomy":"berocket_brand","embeddable":true,"href":"https:\/\/stylingagenten.com\/sv\/wp-json\/wp\/v2\/berocket_brand?post=16745"}],"curies":[{"name":"wp","href":"https:\/\/api.w.org\/{rel}","templated":true}]}}