{"id":16743,"date":"2025-01-24T13:10:37","date_gmt":"2025-01-24T13:10:37","guid":{"rendered":"https:\/\/staging2.stylingagenten.com\/sv\/produkt\/schwarzkopf-osis-super-shield-300ml\/"},"modified":"2026-04-07T15:25:50","modified_gmt":"2026-04-07T15:25:50","slug":"schwarzkopf-osis-super-shield-300ml","status":"publish","type":"product","link":"https:\/\/stylingagenten.com\/sv\/produkt\/schwarzkopf-osis-super-shield-300ml\/","title":{"rendered":"Schwarzkopf Osis Super Shield 300ml"},"content":{"rendered":"<p>Schwarzkopf Osis Super Shield 300ml<br \/>OSiS Super Shield \u00e4r en m\u00e5ngsidig, skyddande och vegansk spray som \u00e4r specifikt framtagen f\u00f6r att skydda h\u00e5ret mot f\u00f6roreningar, fukt, och v\u00e4rme upp till 230\u00b0C. Den hanterar frissighet, \u00e4r utredande och ger matt h\u00e5r en v\u00e4lf\u00f6rtj\u00e4nt glans-boost!<\/p>\n","protected":false},"excerpt":{"rendered":"<p>Schwarzkopf Osis Super Shield 300mlOSiS Super Shield \u00e4r en m\u00e5ngsidig, skyddande och vegansk spray som \u00e4r specifikt framtagen f\u00f6r att skydda h\u00e5ret mot f\u00f6roreningar, fukt, och v\u00e4rme upp till 230\u00b0C. Den hanterar frissighet, \u00e4r utredande och ger matt h\u00e5r en v\u00e4lf\u00f6rtj\u00e4nt glans-boost!<\/p>\n","protected":false},"featured_media":16742,"comment_status":"open","ping_status":"closed","template":"","meta":{"_trash_the_other_posts":false},"product_brand":[],"product_cat":[546],"product_tag":[],"berocket_brand":[1060],"class_list":{"0":"post-16743","1":"product","2":"type-product","3":"status-publish","4":"has-post-thumbnail","6":"product_cat-harstyling","7":"pa_brand-schwarzkopf","8":"berocket_brand-schwarzkopf","10":"first","11":"instock","12":"sale","13":"taxable","14":"shipping-taxable","15":"purchasable","16":"product-type-simple"},"_links":{"self":[{"href":"https:\/\/stylingagenten.com\/sv\/wp-json\/wp\/v2\/product\/16743","targetHints":{"allow":["GET"]}}],"collection":[{"href":"https:\/\/stylingagenten.com\/sv\/wp-json\/wp\/v2\/product"}],"about":[{"href":"https:\/\/stylingagenten.com\/sv\/wp-json\/wp\/v2\/types\/product"}],"replies":[{"embeddable":true,"href":"https:\/\/stylingagenten.com\/sv\/wp-json\/wp\/v2\/comments?post=16743"}],"version-history":[{"count":0,"href":"https:\/\/stylingagenten.com\/sv\/wp-json\/wp\/v2\/product\/16743\/revisions"}],"wp:featuredmedia":[{"embeddable":true,"href":"https:\/\/stylingagenten.com\/sv\/wp-json\/wp\/v2\/media\/16742"}],"wp:attachment":[{"href":"https:\/\/stylingagenten.com\/sv\/wp-json\/wp\/v2\/media?parent=16743"}],"wp:term":[{"taxonomy":"product_brand","embeddable":true,"href":"https:\/\/stylingagenten.com\/sv\/wp-json\/wp\/v2\/product_brand?post=16743"},{"taxonomy":"product_cat","embeddable":true,"href":"https:\/\/stylingagenten.com\/sv\/wp-json\/wp\/v2\/product_cat?post=16743"},{"taxonomy":"product_tag","embeddable":true,"href":"https:\/\/stylingagenten.com\/sv\/wp-json\/wp\/v2\/product_tag?post=16743"},{"taxonomy":"berocket_brand","embeddable":true,"href":"https:\/\/stylingagenten.com\/sv\/wp-json\/wp\/v2\/berocket_brand?post=16743"}],"curies":[{"name":"wp","href":"https:\/\/api.w.org\/{rel}","templated":true}]}}