{"id":16735,"date":"2025-01-24T13:10:34","date_gmt":"2025-01-24T13:10:34","guid":{"rendered":"https:\/\/staging2.stylingagenten.com\/sv\/produkt\/schwarzkopf-osis-thrill-100ml\/"},"modified":"2026-03-20T16:43:41","modified_gmt":"2026-03-20T16:43:41","slug":"schwarzkopf-osis-thrill-100ml","status":"publish","type":"product","link":"https:\/\/stylingagenten.com\/sv\/produkt\/schwarzkopf-osis-thrill-100ml\/","title":{"rendered":"Schwarzkopf Osis Thrill 100ml"},"content":{"rendered":"<p>Schwarzkopf Osis Thrill 100ml<br \/>OSiS Thrill \u00e4r ett veganskt fibervax med omformbar stadga som ger kraftig textur och kontroll, separation, glans och flexibel styling. Anv\u00e4nd f\u00f6r att definiera enskilda h\u00e5rpartier, reducera frissighet eller t\u00e4mja sm\u00e5h\u00e5ren.<\/p>\n","protected":false},"excerpt":{"rendered":"<p>Schwarzkopf Osis Thrill 100mlOSiS Thrill \u00e4r ett veganskt fibervax med omformbar stadga som ger kraftig textur och kontroll, separation, glans och flexibel styling. Anv\u00e4nd f\u00f6r att definiera enskilda h\u00e5rpartier, reducera frissighet eller t\u00e4mja sm\u00e5h\u00e5ren.<\/p>\n","protected":false},"featured_media":16731,"comment_status":"open","ping_status":"closed","template":"","meta":{"_trash_the_other_posts":false},"product_brand":[],"product_cat":[700],"product_tag":[],"berocket_brand":[1060],"class_list":{"0":"post-16735","1":"product","2":"type-product","3":"status-publish","4":"has-post-thumbnail","6":"product_cat-vax","7":"pa_brand-schwarzkopf","8":"berocket_brand-schwarzkopf","10":"first","11":"instock","12":"sale","13":"taxable","14":"shipping-taxable","15":"purchasable","16":"product-type-simple"},"_links":{"self":[{"href":"https:\/\/stylingagenten.com\/sv\/wp-json\/wp\/v2\/product\/16735","targetHints":{"allow":["GET"]}}],"collection":[{"href":"https:\/\/stylingagenten.com\/sv\/wp-json\/wp\/v2\/product"}],"about":[{"href":"https:\/\/stylingagenten.com\/sv\/wp-json\/wp\/v2\/types\/product"}],"replies":[{"embeddable":true,"href":"https:\/\/stylingagenten.com\/sv\/wp-json\/wp\/v2\/comments?post=16735"}],"version-history":[{"count":0,"href":"https:\/\/stylingagenten.com\/sv\/wp-json\/wp\/v2\/product\/16735\/revisions"}],"wp:featuredmedia":[{"embeddable":true,"href":"https:\/\/stylingagenten.com\/sv\/wp-json\/wp\/v2\/media\/16731"}],"wp:attachment":[{"href":"https:\/\/stylingagenten.com\/sv\/wp-json\/wp\/v2\/media?parent=16735"}],"wp:term":[{"taxonomy":"product_brand","embeddable":true,"href":"https:\/\/stylingagenten.com\/sv\/wp-json\/wp\/v2\/product_brand?post=16735"},{"taxonomy":"product_cat","embeddable":true,"href":"https:\/\/stylingagenten.com\/sv\/wp-json\/wp\/v2\/product_cat?post=16735"},{"taxonomy":"product_tag","embeddable":true,"href":"https:\/\/stylingagenten.com\/sv\/wp-json\/wp\/v2\/product_tag?post=16735"},{"taxonomy":"berocket_brand","embeddable":true,"href":"https:\/\/stylingagenten.com\/sv\/wp-json\/wp\/v2\/berocket_brand?post=16735"}],"curies":[{"name":"wp","href":"https:\/\/api.w.org\/{rel}","templated":true}]}}