{"id":16727,"date":"2025-01-24T13:10:32","date_gmt":"2025-01-24T13:10:32","guid":{"rendered":"https:\/\/staging2.stylingagenten.com\/sv\/produkt\/schwarzkopf-osis-session-100ml\/"},"modified":"2026-04-14T15:02:24","modified_gmt":"2026-04-14T15:02:24","slug":"schwarzkopf-osis-session-100ml","status":"publish","type":"product","link":"https:\/\/stylingagenten.com\/sv\/produkt\/schwarzkopf-osis-session-100ml\/","title":{"rendered":"Schwarzkopf Osis Session 100ml"},"content":{"rendered":"<p>Schwarzkopf Osis Session 100ml<br \/>OSiS Session \u00e4r en vegansk h\u00e5rspray med extra kraftig stadga som skyddar h\u00e5ret mot fukt, bl\u00e5st och v\u00e4rmeskador upp till 230\u00b0C och m\u00f6jligg\u00f6r h\u00e5llbara frisyrer utan kompromiss. Enkel att borsta ur utan att l\u00e4mna produktrester.<\/p>\n","protected":false},"excerpt":{"rendered":"<p>Schwarzkopf Osis Session 100mlOSiS Session \u00e4r en vegansk h\u00e5rspray med extra kraftig stadga som skyddar h\u00e5ret mot fukt, bl\u00e5st och v\u00e4rmeskador upp till 230\u00b0C och m\u00f6jligg\u00f6r h\u00e5llbara frisyrer utan kompromiss. Enkel att borsta ur utan att l\u00e4mna produktrester.<\/p>\n","protected":false},"featured_media":16725,"comment_status":"open","ping_status":"closed","template":"","meta":{"_trash_the_other_posts":false},"product_brand":[],"product_cat":[576],"product_tag":[4138],"berocket_brand":[1060],"class_list":{"0":"post-16727","1":"product","2":"type-product","3":"status-publish","4":"has-post-thumbnail","6":"product_cat-harspray","7":"product_tag-schwarzkopf-osis-session","8":"pa_brand-schwarzkopf","9":"pa_variant-100ml","10":"berocket_brand-schwarzkopf","12":"first","13":"instock","14":"sale","15":"taxable","16":"shipping-taxable","17":"purchasable","18":"product-type-simple"},"_links":{"self":[{"href":"https:\/\/stylingagenten.com\/sv\/wp-json\/wp\/v2\/product\/16727","targetHints":{"allow":["GET"]}}],"collection":[{"href":"https:\/\/stylingagenten.com\/sv\/wp-json\/wp\/v2\/product"}],"about":[{"href":"https:\/\/stylingagenten.com\/sv\/wp-json\/wp\/v2\/types\/product"}],"replies":[{"embeddable":true,"href":"https:\/\/stylingagenten.com\/sv\/wp-json\/wp\/v2\/comments?post=16727"}],"version-history":[{"count":0,"href":"https:\/\/stylingagenten.com\/sv\/wp-json\/wp\/v2\/product\/16727\/revisions"}],"wp:featuredmedia":[{"embeddable":true,"href":"https:\/\/stylingagenten.com\/sv\/wp-json\/wp\/v2\/media\/16725"}],"wp:attachment":[{"href":"https:\/\/stylingagenten.com\/sv\/wp-json\/wp\/v2\/media?parent=16727"}],"wp:term":[{"taxonomy":"product_brand","embeddable":true,"href":"https:\/\/stylingagenten.com\/sv\/wp-json\/wp\/v2\/product_brand?post=16727"},{"taxonomy":"product_cat","embeddable":true,"href":"https:\/\/stylingagenten.com\/sv\/wp-json\/wp\/v2\/product_cat?post=16727"},{"taxonomy":"product_tag","embeddable":true,"href":"https:\/\/stylingagenten.com\/sv\/wp-json\/wp\/v2\/product_tag?post=16727"},{"taxonomy":"berocket_brand","embeddable":true,"href":"https:\/\/stylingagenten.com\/sv\/wp-json\/wp\/v2\/berocket_brand?post=16727"}],"curies":[{"name":"wp","href":"https:\/\/api.w.org\/{rel}","templated":true}]}}