{"id":16720,"date":"2025-01-24T13:10:31","date_gmt":"2025-01-24T13:10:31","guid":{"rendered":"https:\/\/staging2.stylingagenten.com\/sv\/produkt\/schwarzkopf-osis-texture-craft-300ml\/"},"modified":"2026-04-14T15:00:55","modified_gmt":"2026-04-14T15:00:55","slug":"schwarzkopf-osis-texture-craft-300ml","status":"publish","type":"product","link":"https:\/\/stylingagenten.com\/sv\/produkt\/schwarzkopf-osis-texture-craft-300ml\/","title":{"rendered":"Schwarzkopf Osis Texture Craft 300ml"},"content":{"rendered":"<p>Schwarzkopf Osis Texture Craft 300ml<br \/>Skapa textur, subtilt grepp och volym med OSiS Texture Craft, en torr, vegansk texturspray \u2013 specifikt framtagen f\u00f6r styling i l\u00e5ngt h\u00e5r. Den ger l\u00e4tt stadga och till\u00e5ter att h\u00e5ret kan r\u00f6ra sig naturligt fritt utan att bli stelt.<\/p>\n","protected":false},"excerpt":{"rendered":"<p>Schwarzkopf Osis Texture Craft 300mlSkapa textur, subtilt grepp och volym med OSiS Texture Craft, en torr, vegansk texturspray \u2013 specifikt framtagen f\u00f6r styling i l\u00e5ngt h\u00e5r. Den ger l\u00e4tt stadga och till\u00e5ter att h\u00e5ret kan r\u00f6ra sig naturligt fritt utan att bli stelt.<\/p>\n","protected":false},"featured_media":16717,"comment_status":"open","ping_status":"closed","template":"","meta":{"_trash_the_other_posts":false},"product_brand":[],"product_cat":[546],"product_tag":[],"berocket_brand":[1060],"class_list":{"0":"post-16720","1":"product","2":"type-product","3":"status-publish","4":"has-post-thumbnail","6":"product_cat-harstyling","7":"pa_brand-schwarzkopf","8":"berocket_brand-schwarzkopf","10":"first","11":"instock","12":"sale","13":"taxable","14":"shipping-taxable","15":"purchasable","16":"product-type-simple"},"_links":{"self":[{"href":"https:\/\/stylingagenten.com\/sv\/wp-json\/wp\/v2\/product\/16720","targetHints":{"allow":["GET"]}}],"collection":[{"href":"https:\/\/stylingagenten.com\/sv\/wp-json\/wp\/v2\/product"}],"about":[{"href":"https:\/\/stylingagenten.com\/sv\/wp-json\/wp\/v2\/types\/product"}],"replies":[{"embeddable":true,"href":"https:\/\/stylingagenten.com\/sv\/wp-json\/wp\/v2\/comments?post=16720"}],"version-history":[{"count":0,"href":"https:\/\/stylingagenten.com\/sv\/wp-json\/wp\/v2\/product\/16720\/revisions"}],"wp:featuredmedia":[{"embeddable":true,"href":"https:\/\/stylingagenten.com\/sv\/wp-json\/wp\/v2\/media\/16717"}],"wp:attachment":[{"href":"https:\/\/stylingagenten.com\/sv\/wp-json\/wp\/v2\/media?parent=16720"}],"wp:term":[{"taxonomy":"product_brand","embeddable":true,"href":"https:\/\/stylingagenten.com\/sv\/wp-json\/wp\/v2\/product_brand?post=16720"},{"taxonomy":"product_cat","embeddable":true,"href":"https:\/\/stylingagenten.com\/sv\/wp-json\/wp\/v2\/product_cat?post=16720"},{"taxonomy":"product_tag","embeddable":true,"href":"https:\/\/stylingagenten.com\/sv\/wp-json\/wp\/v2\/product_tag?post=16720"},{"taxonomy":"berocket_brand","embeddable":true,"href":"https:\/\/stylingagenten.com\/sv\/wp-json\/wp\/v2\/berocket_brand?post=16720"}],"curies":[{"name":"wp","href":"https:\/\/api.w.org\/{rel}","templated":true}]}}