{"id":16673,"date":"2025-01-24T13:10:17","date_gmt":"2025-01-24T13:10:17","guid":{"rendered":"https:\/\/staging2.stylingagenten.com\/sv\/produkt\/elizabeth-arden-visible-difference-special-moisture-formula-body-lotion-300ml\/"},"modified":"2026-01-27T08:47:18","modified_gmt":"2026-01-27T08:47:18","slug":"elizabeth-arden-visible-difference-special-moisture-formula-body-lotion-300ml","status":"publish","type":"product","link":"https:\/\/stylingagenten.com\/sv\/produkt\/elizabeth-arden-visible-difference-special-moisture-formula-body-lotion-300ml\/","title":{"rendered":"Elizabeth Arden Visible Difference Special Moisture Formula Body Lotion 300ml"},"content":{"rendered":"<p>Elizabeth Arden Visible Difference Special Moisture Formula Body Lotion 300ml<br \/>Visible Difference Body Lotion \u00e4r en bodylotion fr\u00e5n Elizabeth Arden inneh\u00e5ller ingredienser som g\u00f6r huden mjuk, len och \u00e5terfuktad.<br \/>H\u00e5ller l\u00e4ngre och absorberas snabbt av huden.<br \/>Har en l\u00e4tt doft.<br \/>Massera \u00f6ver hela kroppen med cirkul\u00e4ra r\u00f6relser.<\/p>\n","protected":false},"excerpt":{"rendered":"<p>Elizabeth Arden Visible Difference Special Moisture Formula Body Lotion 300mlVisible Difference Body Lotion \u00e4r en bodylotion fr\u00e5n Elizabeth Arden inneh\u00e5ller ingredienser som g\u00f6r huden mjuk, len och \u00e5terfuktad.H\u00e5ller l\u00e4ngre och absorberas snabbt av huden.Har en l\u00e4tt doft.Massera \u00f6ver hela kroppen med cirkul\u00e4ra r\u00f6relser.<\/p>\n","protected":false},"featured_media":16672,"comment_status":"open","ping_status":"closed","template":"","meta":{"_trash_the_other_posts":false},"product_brand":[],"product_cat":[559],"product_tag":[],"berocket_brand":[1303],"class_list":{"0":"post-16673","1":"product","2":"type-product","3":"status-publish","4":"has-post-thumbnail","6":"product_cat-ansiktskram","7":"pa_brand-elizabeth-arden","8":"berocket_brand-elizabeth-arden","10":"first","11":"instock","12":"sale","13":"taxable","14":"shipping-taxable","15":"purchasable","16":"product-type-simple"},"_links":{"self":[{"href":"https:\/\/stylingagenten.com\/sv\/wp-json\/wp\/v2\/product\/16673","targetHints":{"allow":["GET"]}}],"collection":[{"href":"https:\/\/stylingagenten.com\/sv\/wp-json\/wp\/v2\/product"}],"about":[{"href":"https:\/\/stylingagenten.com\/sv\/wp-json\/wp\/v2\/types\/product"}],"replies":[{"embeddable":true,"href":"https:\/\/stylingagenten.com\/sv\/wp-json\/wp\/v2\/comments?post=16673"}],"version-history":[{"count":0,"href":"https:\/\/stylingagenten.com\/sv\/wp-json\/wp\/v2\/product\/16673\/revisions"}],"wp:featuredmedia":[{"embeddable":true,"href":"https:\/\/stylingagenten.com\/sv\/wp-json\/wp\/v2\/media\/16672"}],"wp:attachment":[{"href":"https:\/\/stylingagenten.com\/sv\/wp-json\/wp\/v2\/media?parent=16673"}],"wp:term":[{"taxonomy":"product_brand","embeddable":true,"href":"https:\/\/stylingagenten.com\/sv\/wp-json\/wp\/v2\/product_brand?post=16673"},{"taxonomy":"product_cat","embeddable":true,"href":"https:\/\/stylingagenten.com\/sv\/wp-json\/wp\/v2\/product_cat?post=16673"},{"taxonomy":"product_tag","embeddable":true,"href":"https:\/\/stylingagenten.com\/sv\/wp-json\/wp\/v2\/product_tag?post=16673"},{"taxonomy":"berocket_brand","embeddable":true,"href":"https:\/\/stylingagenten.com\/sv\/wp-json\/wp\/v2\/berocket_brand?post=16673"}],"curies":[{"name":"wp","href":"https:\/\/api.w.org\/{rel}","templated":true}]}}