{"id":16637,"date":"2025-01-24T13:10:04","date_gmt":"2025-01-24T13:10:04","guid":{"rendered":"https:\/\/staging2.stylingagenten.com\/sv\/produkt\/lanza-keratin-healing-oil-hair-treatment-100ml\/"},"modified":"2026-04-08T15:26:27","modified_gmt":"2026-04-08T15:26:27","slug":"lanza-keratin-healing-oil-hair-treatment-100ml","status":"publish","type":"product","link":"https:\/\/stylingagenten.com\/sv\/produkt\/lanza-keratin-healing-oil-hair-treatment-100ml\/","title":{"rendered":"L&#8217;anza Keratin Healing Oil Hair Treatment 100ml"},"content":{"rendered":"<p>L&#8217;anza Keratin Healing Oil Hair Treatment 100ml<br \/>Reparerande, volymgivande olja som ger h\u00e5ret en omedelbar glans utan att tynga ner. Inneh\u00e5ller n\u00e4sta generation av keratin och Phyto IV Complex som tillsammans st\u00e4rker, reparerar och f\u00f6rb\u00e4ttrar h\u00e5rets kvalitet. \u00c5terfuktar h\u00e5ret s\u00e5 det blir mjukt, f\u00f6ljsamt och silkeslent. Hj\u00e4lper till att f\u00f6rkorta f\u00f6ntiden och ger ett glansigt slutresultat.Oljan absorberas snabbt in i h\u00e5ret utan att tynga ner.<\/p>\n<p>F\u00e4rgbevarande, ger fullt UV-skydd och v\u00e4rmeskydd upp till 260\u00b0C.<\/p>\n","protected":false},"excerpt":{"rendered":"<p>L&#8217;anza Keratin Healing Oil Hair Treatment 100mlReparerande, volymgivande olja som ger h\u00e5ret en omedelbar glans utan att tynga ner. Inneh\u00e5ller n\u00e4sta generation av keratin och Phyto IV Complex som tillsammans st\u00e4rker, reparerar och f\u00f6rb\u00e4ttrar h\u00e5rets kvalitet. \u00c5terfuktar h\u00e5ret s\u00e5 det blir mjukt, f\u00f6ljsamt och silkeslent. Hj\u00e4lper till att f\u00f6rkorta f\u00f6ntiden och ger ett glansigt slutresultat.Oljan [&hellip;]<\/p>\n","protected":false},"featured_media":16636,"comment_status":"open","ping_status":"closed","template":"","meta":{"_trash_the_other_posts":false},"product_brand":[],"product_cat":[615],"product_tag":[3297],"berocket_brand":[1082],"class_list":{"0":"post-16637","1":"product","2":"type-product","3":"status-publish","4":"has-post-thumbnail","6":"product_cat-harserum","7":"product_tag-lanza-keratin-healing-oil-hair-treatment","8":"pa_brand-lanza","9":"pa_variant-100ml","10":"berocket_brand-lanza","12":"first","13":"outofstock","14":"sale","15":"taxable","16":"shipping-taxable","17":"purchasable","18":"product-type-simple"},"_links":{"self":[{"href":"https:\/\/stylingagenten.com\/sv\/wp-json\/wp\/v2\/product\/16637","targetHints":{"allow":["GET"]}}],"collection":[{"href":"https:\/\/stylingagenten.com\/sv\/wp-json\/wp\/v2\/product"}],"about":[{"href":"https:\/\/stylingagenten.com\/sv\/wp-json\/wp\/v2\/types\/product"}],"replies":[{"embeddable":true,"href":"https:\/\/stylingagenten.com\/sv\/wp-json\/wp\/v2\/comments?post=16637"}],"version-history":[{"count":0,"href":"https:\/\/stylingagenten.com\/sv\/wp-json\/wp\/v2\/product\/16637\/revisions"}],"wp:featuredmedia":[{"embeddable":true,"href":"https:\/\/stylingagenten.com\/sv\/wp-json\/wp\/v2\/media\/16636"}],"wp:attachment":[{"href":"https:\/\/stylingagenten.com\/sv\/wp-json\/wp\/v2\/media?parent=16637"}],"wp:term":[{"taxonomy":"product_brand","embeddable":true,"href":"https:\/\/stylingagenten.com\/sv\/wp-json\/wp\/v2\/product_brand?post=16637"},{"taxonomy":"product_cat","embeddable":true,"href":"https:\/\/stylingagenten.com\/sv\/wp-json\/wp\/v2\/product_cat?post=16637"},{"taxonomy":"product_tag","embeddable":true,"href":"https:\/\/stylingagenten.com\/sv\/wp-json\/wp\/v2\/product_tag?post=16637"},{"taxonomy":"berocket_brand","embeddable":true,"href":"https:\/\/stylingagenten.com\/sv\/wp-json\/wp\/v2\/berocket_brand?post=16637"}],"curies":[{"name":"wp","href":"https:\/\/api.w.org\/{rel}","templated":true}]}}