{"id":16541,"date":"2025-01-24T13:09:31","date_gmt":"2025-01-24T13:09:31","guid":{"rendered":"https:\/\/staging2.stylingagenten.com\/sv\/produkt\/neutrogena-hydro-boost-triple-micellar-water-400ml\/"},"modified":"2026-03-10T15:49:44","modified_gmt":"2026-03-10T15:49:44","slug":"neutrogena-hydro-boost-triple-micellar-water-400ml","status":"publish","type":"product","link":"https:\/\/stylingagenten.com\/sv\/produkt\/neutrogena-hydro-boost-triple-micellar-water-400ml\/","title":{"rendered":"Neutrogena Hydro Boost Triple Micellar Water 400ml"},"content":{"rendered":"<p>Neutrogena Hydro Boost Triple Micellar Water 400ml<br \/>Neutrogena Hydro Boost 3-in-1 Micellar Water t\u00e4pper inte till porerna och \u00e4r ideal f\u00f6r k\u00e4nslig hud och k\u00e4nsliga \u00f6gon:<br \/>1.tar effektivt bort smuts och talg<br \/>2.Lyfter utan anstr\u00e4ngning bort makeup, \u00e4ven vattenfast mascara &#8211; utan att dra i huden<br \/>3.tillf\u00f6r huden behaglig och n\u00f6dv\u00e4ndig fukt<\/p>\n","protected":false},"excerpt":{"rendered":"<p>Neutrogena Hydro Boost Triple Micellar Water 400mlNeutrogena Hydro Boost 3-in-1 Micellar Water t\u00e4pper inte till porerna och \u00e4r ideal f\u00f6r k\u00e4nslig hud och k\u00e4nsliga \u00f6gon:1.tar effektivt bort smuts och talg2.Lyfter utan anstr\u00e4ngning bort makeup, \u00e4ven vattenfast mascara &#8211; utan att dra i huden3.tillf\u00f6r huden behaglig och n\u00f6dv\u00e4ndig fukt<\/p>\n","protected":false},"featured_media":16539,"comment_status":"open","ping_status":"closed","template":"","meta":{"_trash_the_other_posts":false},"product_brand":[],"product_cat":[609],"product_tag":[],"berocket_brand":[1262],"class_list":{"0":"post-16541","1":"product","2":"type-product","3":"status-publish","4":"has-post-thumbnail","6":"product_cat-ansiktsrengoring","7":"pa_brand-neutrogena","8":"berocket_brand-neutrogena","10":"first","11":"instock","12":"sale","13":"taxable","14":"shipping-taxable","15":"purchasable","16":"product-type-simple"},"_links":{"self":[{"href":"https:\/\/stylingagenten.com\/sv\/wp-json\/wp\/v2\/product\/16541","targetHints":{"allow":["GET"]}}],"collection":[{"href":"https:\/\/stylingagenten.com\/sv\/wp-json\/wp\/v2\/product"}],"about":[{"href":"https:\/\/stylingagenten.com\/sv\/wp-json\/wp\/v2\/types\/product"}],"replies":[{"embeddable":true,"href":"https:\/\/stylingagenten.com\/sv\/wp-json\/wp\/v2\/comments?post=16541"}],"version-history":[{"count":0,"href":"https:\/\/stylingagenten.com\/sv\/wp-json\/wp\/v2\/product\/16541\/revisions"}],"wp:featuredmedia":[{"embeddable":true,"href":"https:\/\/stylingagenten.com\/sv\/wp-json\/wp\/v2\/media\/16539"}],"wp:attachment":[{"href":"https:\/\/stylingagenten.com\/sv\/wp-json\/wp\/v2\/media?parent=16541"}],"wp:term":[{"taxonomy":"product_brand","embeddable":true,"href":"https:\/\/stylingagenten.com\/sv\/wp-json\/wp\/v2\/product_brand?post=16541"},{"taxonomy":"product_cat","embeddable":true,"href":"https:\/\/stylingagenten.com\/sv\/wp-json\/wp\/v2\/product_cat?post=16541"},{"taxonomy":"product_tag","embeddable":true,"href":"https:\/\/stylingagenten.com\/sv\/wp-json\/wp\/v2\/product_tag?post=16541"},{"taxonomy":"berocket_brand","embeddable":true,"href":"https:\/\/stylingagenten.com\/sv\/wp-json\/wp\/v2\/berocket_brand?post=16541"}],"curies":[{"name":"wp","href":"https:\/\/api.w.org\/{rel}","templated":true}]}}