{"id":16508,"date":"2025-01-24T13:09:16","date_gmt":"2025-01-24T13:09:16","guid":{"rendered":"https:\/\/staging2.stylingagenten.com\/sv\/produkt\/loreal-professionnel-curl-expression-cream-in-jelly-250ml\/"},"modified":"2026-03-29T20:18:39","modified_gmt":"2026-03-29T20:18:39","slug":"loreal-professionnel-curl-expression-cream-in-jelly-250ml","status":"publish","type":"product","link":"https:\/\/stylingagenten.com\/sv\/produkt\/loreal-professionnel-curl-expression-cream-in-jelly-250ml\/","title":{"rendered":"L&#8217;Oreal Professionnel Curl Expression Cream in Jelly 250ml"},"content":{"rendered":"<p>L&#8217;Oreal Professionnel Curl Expression Cream in Jelly 250ml<br \/>L&#8217;Or\u00e9al Professionnel Serie Expert Curl Expression Cream-in-Jelly Definition Activator Leave-in, f\u00f6r alla typer av lockigt och krulligt h\u00e5r. Denna formula, som \u00e4r berikad med glycerin 2%, Urea H och hibiskusfr\u00f6extrakt, definierar m\u00f6nstret och aktiverar lockarna. De blir v\u00e4ldefinierade och utan krus*. V\u00e4rmeskydd upp till 230 \u00b0.<\/p>\n","protected":false},"excerpt":{"rendered":"<p>L&#8217;Oreal Professionnel Curl Expression Cream in Jelly 250mlL&#8217;Or\u00e9al Professionnel Serie Expert Curl Expression Cream-in-Jelly Definition Activator Leave-in, f\u00f6r alla typer av lockigt och krulligt h\u00e5r. Denna formula, som \u00e4r berikad med glycerin 2%, Urea H och hibiskusfr\u00f6extrakt, definierar m\u00f6nstret och aktiverar lockarna. De blir v\u00e4ldefinierade och utan krus*. V\u00e4rmeskydd upp till 230 \u00b0.<\/p>\n","protected":false},"featured_media":16507,"comment_status":"open","ping_status":"closed","template":"","meta":{"_trash_the_other_posts":false},"product_brand":[],"product_cat":[546],"product_tag":[],"berocket_brand":[1019],"class_list":{"0":"post-16508","1":"product","2":"type-product","3":"status-publish","4":"has-post-thumbnail","6":"product_cat-harstyling","7":"pa_brand-loreal-paris","8":"berocket_brand-loreal","10":"first","11":"instock","12":"sale","13":"taxable","14":"shipping-taxable","15":"purchasable","16":"product-type-simple"},"_links":{"self":[{"href":"https:\/\/stylingagenten.com\/sv\/wp-json\/wp\/v2\/product\/16508","targetHints":{"allow":["GET"]}}],"collection":[{"href":"https:\/\/stylingagenten.com\/sv\/wp-json\/wp\/v2\/product"}],"about":[{"href":"https:\/\/stylingagenten.com\/sv\/wp-json\/wp\/v2\/types\/product"}],"replies":[{"embeddable":true,"href":"https:\/\/stylingagenten.com\/sv\/wp-json\/wp\/v2\/comments?post=16508"}],"version-history":[{"count":0,"href":"https:\/\/stylingagenten.com\/sv\/wp-json\/wp\/v2\/product\/16508\/revisions"}],"wp:featuredmedia":[{"embeddable":true,"href":"https:\/\/stylingagenten.com\/sv\/wp-json\/wp\/v2\/media\/16507"}],"wp:attachment":[{"href":"https:\/\/stylingagenten.com\/sv\/wp-json\/wp\/v2\/media?parent=16508"}],"wp:term":[{"taxonomy":"product_brand","embeddable":true,"href":"https:\/\/stylingagenten.com\/sv\/wp-json\/wp\/v2\/product_brand?post=16508"},{"taxonomy":"product_cat","embeddable":true,"href":"https:\/\/stylingagenten.com\/sv\/wp-json\/wp\/v2\/product_cat?post=16508"},{"taxonomy":"product_tag","embeddable":true,"href":"https:\/\/stylingagenten.com\/sv\/wp-json\/wp\/v2\/product_tag?post=16508"},{"taxonomy":"berocket_brand","embeddable":true,"href":"https:\/\/stylingagenten.com\/sv\/wp-json\/wp\/v2\/berocket_brand?post=16508"}],"curies":[{"name":"wp","href":"https:\/\/api.w.org\/{rel}","templated":true}]}}