{"id":16491,"date":"2025-01-24T13:09:06","date_gmt":"2025-01-24T13:09:06","guid":{"rendered":"https:\/\/staging2.stylingagenten.com\/sv\/produkt\/britney-spears-fantasy-sheer-edt-100ml\/"},"modified":"2026-04-14T18:27:22","modified_gmt":"2026-04-14T18:27:22","slug":"britney-spears-fantasy-sheer-edt-100ml","status":"publish","type":"product","link":"https:\/\/stylingagenten.com\/sv\/produkt\/britney-spears-fantasy-sheer-edt-100ml\/","title":{"rendered":"Britney Spears Fantasy Sheer Edt 100ml"},"content":{"rendered":"<p>Britney Spears Fantasy Sheer edt 100ml<br \/>Fantasy Sheer EDT \u00e4r en f\u00f6rtrollande Eau de Toilette fr\u00e5n det popul\u00e4ra m\u00e4rket Britney Spears. Denna doft \u00e4r perfekt f\u00f6r kvinnor som vill l\u00e4gga till en extra dimension till sin personliga stil. Med en gener\u00f6s m\u00e4ngd p\u00e5 100 ml kan du njuta av denna uppfriskande doft under l\u00e5ng tid. Fantasy Sheer EDT \u00e4r skapad f\u00f6r att framh\u00e4va din naturliga sk\u00f6nhet och ge dig en k\u00e4nsla av sj\u00e4lvf\u00f6rtroende och glamour. Denna Eau de Toilette \u00e4r idealisk f\u00f6r alla tillf\u00e4llen. Anv\u00e4nd den f\u00f6r vardagsbruk f\u00f6r att l\u00e4gga till en touch av elegans i din dagliga rutin. Du kan ocks\u00e5 b\u00e4ra den till speciella tillf\u00e4llen f\u00f6r att skapa en of\u00f6rgl\u00f6mlig doftupplevelse. Fantasy Sheer EDT \u00e4r designad f\u00f6r att l\u00e4mna ett subtilt och f\u00f6rf\u00f6riskt intryck. Den har en blommig och fruktig doft som kommer att f\u00e5nga uppm\u00e4rksamheten och l\u00e4mna ett varaktigt intryck. Du kommer att \u00e4lska den milda och uppfriskande k\u00e4nslan den ger. S\u00e5 unna dig Fantasy Sheer EDT och l\u00e5t denna f\u00f6rtrollande doft f\u00f6rvandla din vardag till ett \u00e4ventyr.<\/p>\n","protected":false},"excerpt":{"rendered":"<p>Britney Spears Fantasy Sheer edt 100mlFantasy Sheer EDT \u00e4r en f\u00f6rtrollande Eau de Toilette fr\u00e5n det popul\u00e4ra m\u00e4rket Britney Spears. Denna doft \u00e4r perfekt f\u00f6r kvinnor som vill l\u00e4gga till en extra dimension till sin personliga stil. Med en gener\u00f6s m\u00e4ngd p\u00e5 100 ml kan du njuta av denna uppfriskande doft under l\u00e5ng tid. Fantasy [&hellip;]<\/p>\n","protected":false},"featured_media":16489,"comment_status":"open","ping_status":"closed","template":"","meta":{"_trash_the_other_posts":false},"product_brand":[],"product_cat":[706,735,999,1006,534],"product_tag":[],"berocket_brand":[1031],"class_list":{"0":"post-16491","1":"product","2":"type-product","3":"status-publish","4":"has-post-thumbnail","6":"product_cat-eau-de-parfum-dam","7":"product_cat-kampanj","8":"product_cat-kampanj-for-henne","9":"product_cat-kampanjpris","10":"product_cat-parfym-dam","11":"pa_brand-britney-spears","12":"berocket_brand-britney-spears","14":"first","15":"instock","16":"sale","17":"taxable","18":"shipping-taxable","19":"purchasable","20":"product-type-simple"},"_links":{"self":[{"href":"https:\/\/stylingagenten.com\/sv\/wp-json\/wp\/v2\/product\/16491","targetHints":{"allow":["GET"]}}],"collection":[{"href":"https:\/\/stylingagenten.com\/sv\/wp-json\/wp\/v2\/product"}],"about":[{"href":"https:\/\/stylingagenten.com\/sv\/wp-json\/wp\/v2\/types\/product"}],"replies":[{"embeddable":true,"href":"https:\/\/stylingagenten.com\/sv\/wp-json\/wp\/v2\/comments?post=16491"}],"version-history":[{"count":0,"href":"https:\/\/stylingagenten.com\/sv\/wp-json\/wp\/v2\/product\/16491\/revisions"}],"wp:featuredmedia":[{"embeddable":true,"href":"https:\/\/stylingagenten.com\/sv\/wp-json\/wp\/v2\/media\/16489"}],"wp:attachment":[{"href":"https:\/\/stylingagenten.com\/sv\/wp-json\/wp\/v2\/media?parent=16491"}],"wp:term":[{"taxonomy":"product_brand","embeddable":true,"href":"https:\/\/stylingagenten.com\/sv\/wp-json\/wp\/v2\/product_brand?post=16491"},{"taxonomy":"product_cat","embeddable":true,"href":"https:\/\/stylingagenten.com\/sv\/wp-json\/wp\/v2\/product_cat?post=16491"},{"taxonomy":"product_tag","embeddable":true,"href":"https:\/\/stylingagenten.com\/sv\/wp-json\/wp\/v2\/product_tag?post=16491"},{"taxonomy":"berocket_brand","embeddable":true,"href":"https:\/\/stylingagenten.com\/sv\/wp-json\/wp\/v2\/berocket_brand?post=16491"}],"curies":[{"name":"wp","href":"https:\/\/api.w.org\/{rel}","templated":true}]}}