{"id":16455,"date":"2025-01-24T13:08:45","date_gmt":"2025-01-24T13:08:45","guid":{"rendered":"https:\/\/staging2.stylingagenten.com\/sv\/produkt\/moschino-cheap-chic-so-real-edt-30ml\/"},"modified":"2026-03-11T21:58:36","modified_gmt":"2026-03-11T21:58:36","slug":"moschino-cheap-chic-so-real-edt-30ml","status":"publish","type":"product","link":"https:\/\/stylingagenten.com\/sv\/produkt\/moschino-cheap-chic-so-real-edt-30ml\/","title":{"rendered":"Moschino Cheap &amp; Chic So Real Edt 30ml"},"content":{"rendered":"<p>Moschino Cheap &amp; Chic So Real Edt 30ml<br \/>SO REAL CHEAP &amp; CHIC MOSCHINO \u00f6verraskar med innovativa ingredienser. I b\u00f6rjan k\u00e4nner du gnistrande ackord av bitter apelsin, tillsammans med l\u00e4cker mandarin. Nyanserna av hallon- och vinb\u00e4rssorbet avrundar toppnoten, som k\u00e4nnetecknas av citrusackord. Hj\u00e4rtnoten \u00e4r glad och njutbar: En uppvisning av rosa pioner med sina o\u00e4ndligt varierande facetter, tillsammans med luftiga, soliga jasminblommor och en elegant touch av magnolia. Denna levande, mycket livliga blomsterbukett utstr\u00e5lar en mycket speciell alkemi och leder till den oemotst\u00e5ndligt charmiga finalen, med lockande nyanser av cedertr\u00e4, ekmossa och ambroxankristaller. <br \/>Toppnot: Bittra apelsinackord, mandarin, hallon- och vinb\u00e4rssorbet <br \/>Hj\u00e4rtnoter: Pioner, jasminblommor, magnolia <br \/>Basnot: Cedertr\u00e4, ekmossa, ambroxankristaller<\/p>\n","protected":false},"excerpt":{"rendered":"<p>Moschino Cheap &amp; Chic So Real Edt 30mlSO REAL CHEAP &amp; CHIC MOSCHINO \u00f6verraskar med innovativa ingredienser. I b\u00f6rjan k\u00e4nner du gnistrande ackord av bitter apelsin, tillsammans med l\u00e4cker mandarin. Nyanserna av hallon- och vinb\u00e4rssorbet avrundar toppnoten, som k\u00e4nnetecknas av citrusackord. Hj\u00e4rtnoten \u00e4r glad och njutbar: En uppvisning av rosa pioner med sina o\u00e4ndligt varierande [&hellip;]<\/p>\n","protected":false},"featured_media":16453,"comment_status":"open","ping_status":"closed","template":"","meta":{"_trash_the_other_posts":false},"product_brand":[],"product_cat":[707,735,999,1006,534],"product_tag":[3737],"berocket_brand":[1084],"class_list":{"0":"post-16455","1":"product","2":"type-product","3":"status-publish","4":"has-post-thumbnail","6":"product_cat-eau-de-toilette-dam","7":"product_cat-kampanj","8":"product_cat-kampanj-for-henne","9":"product_cat-kampanjpris","10":"product_cat-parfym-dam","11":"product_tag-moschino-cheap-chic-so-real-edt","12":"pa_brand-moschino","13":"pa_variant-30ml","14":"berocket_brand-moschino","16":"first","17":"instock","18":"sale","19":"taxable","20":"shipping-taxable","21":"purchasable","22":"product-type-simple"},"_links":{"self":[{"href":"https:\/\/stylingagenten.com\/sv\/wp-json\/wp\/v2\/product\/16455","targetHints":{"allow":["GET"]}}],"collection":[{"href":"https:\/\/stylingagenten.com\/sv\/wp-json\/wp\/v2\/product"}],"about":[{"href":"https:\/\/stylingagenten.com\/sv\/wp-json\/wp\/v2\/types\/product"}],"replies":[{"embeddable":true,"href":"https:\/\/stylingagenten.com\/sv\/wp-json\/wp\/v2\/comments?post=16455"}],"version-history":[{"count":0,"href":"https:\/\/stylingagenten.com\/sv\/wp-json\/wp\/v2\/product\/16455\/revisions"}],"wp:featuredmedia":[{"embeddable":true,"href":"https:\/\/stylingagenten.com\/sv\/wp-json\/wp\/v2\/media\/16453"}],"wp:attachment":[{"href":"https:\/\/stylingagenten.com\/sv\/wp-json\/wp\/v2\/media?parent=16455"}],"wp:term":[{"taxonomy":"product_brand","embeddable":true,"href":"https:\/\/stylingagenten.com\/sv\/wp-json\/wp\/v2\/product_brand?post=16455"},{"taxonomy":"product_cat","embeddable":true,"href":"https:\/\/stylingagenten.com\/sv\/wp-json\/wp\/v2\/product_cat?post=16455"},{"taxonomy":"product_tag","embeddable":true,"href":"https:\/\/stylingagenten.com\/sv\/wp-json\/wp\/v2\/product_tag?post=16455"},{"taxonomy":"berocket_brand","embeddable":true,"href":"https:\/\/stylingagenten.com\/sv\/wp-json\/wp\/v2\/berocket_brand?post=16455"}],"curies":[{"name":"wp","href":"https:\/\/api.w.org\/{rel}","templated":true}]}}